{"id":2482,"date":"2021-03-16T12:11:22","date_gmt":"2021-03-16T11:11:22","guid":{"rendered":"https:\/\/campingleperpetuum.com\/campsite-pool-sarlat\/"},"modified":"2021-05-26T15:00:50","modified_gmt":"2021-05-26T13:00:50","slug":"campingplatz-pool-sarlat","status":"publish","type":"page","link":"https:\/\/campingleperpetuum.com\/de\/campingplatz-pool-sarlat\/","title":{"rendered":"Autour de l&#8217;eau : La Piscine"},"content":{"rendered":"<section id=\"section-60520720da256\"\" class=\"section first-home bg-white p-t-0 p-b-0\" \/><div class=\"container extralarge\"><div class=\"colonnes-wrap valign-middle \"><div class=\"element colonne w-60 p-5\"><h1 class=\"element section-title center font-1\">Camping mit Schwimmbad in Sarlat<\/h1><h2 class=\"element section-title center font-2\">Beheiztes Schwimmbad in Sarlat<\/h2><div class=\"element bloc-text justify \">\n\t<p>Der <a href=\"\/de\/\">Campingplatzin Sarlat<\/a> hat <strong class=\"bold color1\">zwei gro\u00dfe Pools und einen Pilz<\/strong>, die die ganze Familie begeistern werden. Unsere Pools befinden sich in der Mitte des Campingplatzes gegen\u00fcber der Rezeption und der Snackbar. Der Fluss am Rande des Campingplatzes verhindert, dass sich zu viele Leute in den Pools aufhalten und erm\u00f6glicht eine gewisse Fluktuation. So stehen Sonnenschirme und Liegest\u00fchle zum <strong class=\"bold color1\">Liegen<\/strong> f\u00fcr Sie bereit!<\/p>\n<p>Unser erster <strong class=\"bold color1\">Pool ist ab Mai auf 28\u00b0C<\/strong> beheizt, damit Sie <strong class=\"bold color1\">die ersten Fr\u00fchlingstage<\/strong> bis September die letzten sch\u00f6nen Tage genie\u00dfen k\u00f6nnen. Um diesen Pool direkt zu erkennen, ist es derjenige mit der Aufschrift Le Perpetuum auf dem Boden. Damit Sie in Ruhe faulenzen k\u00f6nnen, w\u00e4hrend Sie Ihre Kinder beobachten, ist <strong class=\"bold color1\">die Wasserfl\u00e4che<\/strong> von Liegest\u00fchlen und Sonnenschirmen umgeben. <\/p>\n<p>Unser zweiter, abgeschr\u00e4gter Pool ist perfekt f\u00fcr <strong class=\"bold color1\">die ganze Familie<\/strong>, um gemeinsam im Wasser zu spielen, ohne im Planschbecken zu sein. In diesem Becken k\u00f6nnen Sie auch <strong class=\"bold color1\">Runden drehen<\/strong>.<\/p>\n<p>Das Planschbecken, das mit seinem Pilz ausgestattet ist, wird kleine Kinder begeistern und ihnen erlauben, <strong class=\"bold color1\">sicher<\/strong> unter dem wachsamen Auge ihrer Eltern zu planschen.<\/p>\n<\/div><\/div><div class=\"element colonne w-40\"><div class=\"element images scroll-x-mobile\"><div class=\"image\"><img decoding=\"async\" src=\"https:\/\/campingleperpetuum.com\/wp-content\/uploads\/2021\/05\/espace-aquatique-dordogne-92x100.jpg\" data-src=\"https:\/\/campingleperpetuum.com\/wp-content\/uploads\/2021\/05\/espace-aquatique-dordogne.jpg\" alt=\"espace aquatique dordogne\" class=\"images_image\" \/><\/div><\/div><\/div><\/div><\/div><\/section>\n\n<section id=\"section-60520720da3eb\"\" class=\"section bg-white p-t-0 p-b-0\" \/><div class=\"container full\"><div class=\"element images scroll-x-mobile\"><div class=\"image\"><img decoding=\"async\" src=\"https:\/\/campingleperpetuum.com\/wp-content\/uploads\/2021\/03\/piscine-famille-dordogne-100x100.jpg\" data-src=\"https:\/\/campingleperpetuum.com\/wp-content\/uploads\/2021\/03\/piscine-famille-dordogne.jpg\" alt=\"piscine famille dordogne\" class=\"images_image\" \/><\/div><div class=\"image\"><img decoding=\"async\" src=\"https:\/\/campingleperpetuum.com\/wp-content\/uploads\/2021\/03\/piscine-enfant-dordogne-100x100.jpg\" data-src=\"https:\/\/campingleperpetuum.com\/wp-content\/uploads\/2021\/03\/piscine-enfant-dordogne.jpg\" alt=\"piscine enfant dordogne\" class=\"images_image\" \/><\/div><div class=\"image\"><img decoding=\"async\" src=\"https:\/\/campingleperpetuum.com\/wp-content\/uploads\/2021\/03\/espace-aquatique-dordogne-92x100.jpg\" data-src=\"https:\/\/campingleperpetuum.com\/wp-content\/uploads\/2021\/03\/espace-aquatique-dordogne.jpg\" alt=\"espace aquatique dordogne\" class=\"images_image\" \/><\/div><div class=\"image\"><img decoding=\"async\" src=\"https:\/\/campingleperpetuum.com\/wp-content\/uploads\/2021\/03\/camping-piscine-dordogne-1-100x100.jpg\" data-src=\"https:\/\/campingleperpetuum.com\/wp-content\/uploads\/2021\/03\/camping-piscine-dordogne-1.jpg\" alt=\"camping piscine dordogne\" class=\"images_image\" \/><\/div><\/div><\/div><\/section>\n\n<section id=\"section-60520720da5f0\"\" class=\"section fifth-home bg-color1 p-t-0 p-b-0\" \/><div class=\"container full\"><div class=\"colonnes-wrap valign-middle \"><div class=\"element colonne \"><h2 class=\"element section-title center\">Wasserfl\u00e4che in Sarlat<\/h2><div class=\"element bloc-text center \">\n\t<p>Unsere <strong class=\"bold color5\">2 Pools beherbergen<\/strong>, im Sommer, aquatische Aktivit\u00e4ten, die es der ganzen Familie erlauben, Spa\u00df zu haben, w\u00e4hrend sie die Erfrischung durch das Wasser genie\u00dfen. <\/p>\n<p>Zum Beispiel k\u00f6nnen Sie jeden Morgen von Montag bis Freitag am aquatischen Muskelerwachen teilnehmen. <\/p>\n<p>Das Schwimmbad \u00f6ffnet um 10 Uhr und schlie\u00dft um 20 Uhr. Rund um das Schwimmbad finden Sie Kabinen, in denen Sie sich am Beckenrand umziehen k\u00f6nnen. <\/p>\n<p>Camping Le Perpetuum akzeptiert keine aufblasbaren Bojen oder Badeshorts im Poolbereich. Wir bitten unsere Camper auch darum, ihre Handt\u00fccher nicht den ganzen Tag auf den Liegen liegen zu lassen, damit sich alle abwechselnd sonnen k\u00f6nnen. <\/p>\n<\/div><\/div><div class=\"element colonne p-0\"><div class=\"element images scroll-x-mobile\"><div class=\"image\"><img decoding=\"async\" src=\"https:\/\/campingleperpetuum.com\/wp-content\/uploads\/2021\/04\/piscine-ombre-100x38.jpg\" data-src=\"https:\/\/campingleperpetuum.com\/wp-content\/uploads\/2021\/04\/piscine-ombre.jpg\" alt=\"piscines dordogne\" class=\"images_image\" \/><\/div><\/div><div class=\"element images scroll-x-mobile\"><div class=\"image\"><img decoding=\"async\" src=\"https:\/\/campingleperpetuum.com\/wp-content\/uploads\/2021\/03\/piscine-chauffee-dordogne-100x34.jpg\" data-src=\"https:\/\/campingleperpetuum.com\/wp-content\/uploads\/2021\/03\/piscine-chauffee-dordogne.jpg\" alt=\"piscine chauff\u00e9e dordogne\" class=\"images_image\" \/><\/div><\/div><\/div><\/div><\/div><\/section>\n\n<section id=\"section-60520720da7ba\"\" class=\"section bg-white\" \/><div class=\"container extralarge\"><div class=\"element section-title center titre-cta\">Unsere Dienstleistungen auf dem Campingplatz<\/div><ul class=\"liste-de-page scroll-x-mobile\"><li class=\"element call-to-action call-to-action--have-sous-titre call-to-action--style-1 call-to-action--normal\"><a href=\"https:\/\/campingleperpetuum.com\/de\/miet-mobil-home-sarlat\/\"  class=\"call-to-action_link\" title=\"Lesen Sie mehr \u00fcber unsere vermietungen\"><div class=\"call-to-action_image\"><img decoding=\"async\" src=\"https:\/\/campingleperpetuum.com\/wp-content\/uploads\/2021\/03\/mobil-home-dordogne-100x100.jpg\" data-src=\"https:\/\/campingleperpetuum.com\/wp-content\/uploads\/2021\/03\/mobil-home-dordogne.jpg\" alt=\"mobil home dordogne\" class=\"normal\" \/><\/div><div class=\"call-to-action_contenu\"><div class=\"call-to-action_titre\">Unsere Vermietungen<\/div><div class=\"call-to-action_sous-titre\">Entdecken Sie<\/div><\/div><\/a><\/li><li class=\"element call-to-action call-to-action--have-sous-titre call-to-action--style-1 call-to-action--normal\"><a href=\"https:\/\/campingleperpetuum.com\/de\/campingplatz-rand-fluss-dordogne\/\"  class=\"call-to-action_link\" title=\"Lesen Sie mehr \u00fcber von fluss\"><div class=\"call-to-action_image\"><img decoding=\"async\" src=\"https:\/\/campingleperpetuum.com\/wp-content\/uploads\/2021\/03\/camping-riviere-dordogne-100x100.jpg\" data-src=\"https:\/\/campingleperpetuum.com\/wp-content\/uploads\/2021\/03\/camping-riviere-dordogne.jpg\" alt=\"camping riviere dordogne\" class=\"normal\" \/><\/div><div class=\"call-to-action_contenu\"><div class=\"call-to-action_titre\">Von Fluss<\/div><div class=\"call-to-action_sous-titre\">Die Kante<\/div><\/div><\/a><\/li><li class=\"element call-to-action call-to-action--have-sous-titre call-to-action--style-1 call-to-action--normal\"><a href=\"https:\/\/campingleperpetuum.com\/de\/campingplatz-familie-sarlat\/\"  class=\"call-to-action_link\" title=\"Lesen Sie mehr \u00fcber unser angebot\"><div class=\"call-to-action_image\"><img decoding=\"async\" src=\"https:\/\/campingleperpetuum.com\/wp-content\/uploads\/2021\/03\/randonne-camping-77x100.jpg\" data-src=\"https:\/\/campingleperpetuum.com\/wp-content\/uploads\/2021\/03\/randonne-camping.jpg\" alt=\"domme randonne camping\" class=\"normal\" \/><\/div><div class=\"call-to-action_contenu\"><div class=\"call-to-action_titre\">Unser Angebot<\/div><div class=\"call-to-action_sous-titre\">Entdecken Sie<\/div><\/div><\/a><\/li><\/ul><\/div><\/section>","protected":false},"excerpt":{"rendered":"","protected":false},"author":1,"featured_media":157,"parent":0,"menu_order":0,"comment_status":"closed","ping_status":"closed","template":"","meta":{"_acf_changed":false,"footnotes":""},"class_list":["post-2482","page","type-page","status-publish","has-post-thumbnail","hentry"],"acf":[],"yoast_head":"<!-- This site is optimized with the Yoast SEO plugin v25.3 - https:\/\/yoast.com\/wordpress\/plugins\/seo\/ -->\n<title>Camping Pool Sarlat | Beheizter Pool in Sarlat | Planschbecken<\/title>\n<meta name=\"robots\" content=\"index, follow, max-snippet:-1, max-image-preview:large, max-video-preview:-1\" \/>\n<link rel=\"canonical\" href=\"https:\/\/campingleperpetuum.com\/de\/campingplatz-pool-sarlat\/\" \/>\n<meta property=\"og:locale\" content=\"de_DE\" \/>\n<meta property=\"og:type\" content=\"article\" \/>\n<meta property=\"og:title\" content=\"Camping Pool Sarlat | Beheizter Pool in Sarlat | Planschbecken\" \/>\n<meta property=\"og:url\" content=\"https:\/\/campingleperpetuum.com\/de\/campingplatz-pool-sarlat\/\" \/>\n<meta property=\"og:site_name\" content=\"Camping le Perpetuum\" \/>\n<meta property=\"article:modified_time\" content=\"2021-05-26T13:00:50+00:00\" \/>\n<meta property=\"og:image\" content=\"https:\/\/campingleperpetuum.com\/wp-content\/uploads\/2021\/03\/piscine-dordogne.jpg\" \/>\n\t<meta property=\"og:image:width\" content=\"1903\" \/>\n\t<meta property=\"og:image:height\" content=\"451\" \/>\n\t<meta property=\"og:image:type\" content=\"image\/jpeg\" \/>\n<meta name=\"twitter:card\" content=\"summary_large_image\" \/>\n<script type=\"application\/ld+json\" class=\"yoast-schema-graph\">{\"@context\":\"https:\/\/schema.org\",\"@graph\":[{\"@type\":\"WebPage\",\"@id\":\"https:\/\/campingleperpetuum.com\/de\/campingplatz-pool-sarlat\/\",\"url\":\"https:\/\/campingleperpetuum.com\/de\/campingplatz-pool-sarlat\/\",\"name\":\"Camping Pool Sarlat | Beheizter Pool in Sarlat | Planschbecken\",\"isPartOf\":{\"@id\":\"https:\/\/campingleperpetuum.com\/de\/#website\"},\"primaryImageOfPage\":{\"@id\":\"https:\/\/campingleperpetuum.com\/de\/campingplatz-pool-sarlat\/#primaryimage\"},\"image\":{\"@id\":\"https:\/\/campingleperpetuum.com\/de\/campingplatz-pool-sarlat\/#primaryimage\"},\"thumbnailUrl\":\"https:\/\/campingleperpetuum.com\/wp-content\/uploads\/2021\/03\/piscine-dordogne.jpg\",\"datePublished\":\"2021-03-16T11:11:22+00:00\",\"dateModified\":\"2021-05-26T13:00:50+00:00\",\"breadcrumb\":{\"@id\":\"https:\/\/campingleperpetuum.com\/de\/campingplatz-pool-sarlat\/#breadcrumb\"},\"inLanguage\":\"de\",\"potentialAction\":[{\"@type\":\"ReadAction\",\"target\":[\"https:\/\/campingleperpetuum.com\/de\/campingplatz-pool-sarlat\/\"]}]},{\"@type\":\"ImageObject\",\"inLanguage\":\"de\",\"@id\":\"https:\/\/campingleperpetuum.com\/de\/campingplatz-pool-sarlat\/#primaryimage\",\"url\":\"https:\/\/campingleperpetuum.com\/wp-content\/uploads\/2021\/03\/piscine-dordogne.jpg\",\"contentUrl\":\"https:\/\/campingleperpetuum.com\/wp-content\/uploads\/2021\/03\/piscine-dordogne.jpg\",\"width\":1903,\"height\":451,\"caption\":\"piscine dordogne\"},{\"@type\":\"BreadcrumbList\",\"@id\":\"https:\/\/campingleperpetuum.com\/de\/campingplatz-pool-sarlat\/#breadcrumb\",\"itemListElement\":[{\"@type\":\"ListItem\",\"position\":1,\"name\":\"Camping Sarlat\",\"item\":\"https:\/\/campingleperpetuum.com\/de\/\"},{\"@type\":\"ListItem\",\"position\":2,\"name\":\"Beheiztes Schwimmbad Sarlat\"}]},{\"@type\":\"WebSite\",\"@id\":\"https:\/\/campingleperpetuum.com\/de\/#website\",\"url\":\"https:\/\/campingleperpetuum.com\/de\/\",\"name\":\"Camping le Perpetuum\",\"description\":\"\",\"publisher\":{\"@id\":\"https:\/\/campingleperpetuum.com\/de\/#organization\"},\"inLanguage\":\"de\"},{\"@type\":\"Organization\",\"@id\":\"https:\/\/campingleperpetuum.com\/de\/#organization\",\"name\":\"Camping Perpetuum\",\"url\":\"https:\/\/campingleperpetuum.com\/de\/\",\"logo\":{\"@type\":\"ImageObject\",\"inLanguage\":\"de\",\"@id\":\"https:\/\/campingleperpetuum.com\/de\/#\/schema\/logo\/image\/\",\"url\":\"https:\/\/campingleperpetuum.com\/wp-content\/uploads\/2021\/03\/camping-perpetuum-1.png\",\"contentUrl\":\"https:\/\/campingleperpetuum.com\/wp-content\/uploads\/2021\/03\/camping-perpetuum-1.png\",\"width\":200,\"height\":200,\"caption\":\"Camping Perpetuum\"},\"image\":{\"@id\":\"https:\/\/campingleperpetuum.com\/de\/#\/schema\/logo\/image\/\"}}]}<\/script>\n<!-- \/ Yoast SEO plugin. -->","yoast_head_json":{"title":"Camping Pool Sarlat | Beheizter Pool in Sarlat | Planschbecken","robots":{"index":"index","follow":"follow","max-snippet":"max-snippet:-1","max-image-preview":"max-image-preview:large","max-video-preview":"max-video-preview:-1"},"canonical":"https:\/\/campingleperpetuum.com\/de\/campingplatz-pool-sarlat\/","og_locale":"de_DE","og_type":"article","og_title":"Camping Pool Sarlat | Beheizter Pool in Sarlat | Planschbecken","og_url":"https:\/\/campingleperpetuum.com\/de\/campingplatz-pool-sarlat\/","og_site_name":"Camping le Perpetuum","article_modified_time":"2021-05-26T13:00:50+00:00","og_image":[{"width":1903,"height":451,"url":"https:\/\/campingleperpetuum.com\/wp-content\/uploads\/2021\/03\/piscine-dordogne.jpg","type":"image\/jpeg"}],"twitter_card":"summary_large_image","schema":{"@context":"https:\/\/schema.org","@graph":[{"@type":"WebPage","@id":"https:\/\/campingleperpetuum.com\/de\/campingplatz-pool-sarlat\/","url":"https:\/\/campingleperpetuum.com\/de\/campingplatz-pool-sarlat\/","name":"Camping Pool Sarlat | Beheizter Pool in Sarlat | Planschbecken","isPartOf":{"@id":"https:\/\/campingleperpetuum.com\/de\/#website"},"primaryImageOfPage":{"@id":"https:\/\/campingleperpetuum.com\/de\/campingplatz-pool-sarlat\/#primaryimage"},"image":{"@id":"https:\/\/campingleperpetuum.com\/de\/campingplatz-pool-sarlat\/#primaryimage"},"thumbnailUrl":"https:\/\/campingleperpetuum.com\/wp-content\/uploads\/2021\/03\/piscine-dordogne.jpg","datePublished":"2021-03-16T11:11:22+00:00","dateModified":"2021-05-26T13:00:50+00:00","breadcrumb":{"@id":"https:\/\/campingleperpetuum.com\/de\/campingplatz-pool-sarlat\/#breadcrumb"},"inLanguage":"de","potentialAction":[{"@type":"ReadAction","target":["https:\/\/campingleperpetuum.com\/de\/campingplatz-pool-sarlat\/"]}]},{"@type":"ImageObject","inLanguage":"de","@id":"https:\/\/campingleperpetuum.com\/de\/campingplatz-pool-sarlat\/#primaryimage","url":"https:\/\/campingleperpetuum.com\/wp-content\/uploads\/2021\/03\/piscine-dordogne.jpg","contentUrl":"https:\/\/campingleperpetuum.com\/wp-content\/uploads\/2021\/03\/piscine-dordogne.jpg","width":1903,"height":451,"caption":"piscine dordogne"},{"@type":"BreadcrumbList","@id":"https:\/\/campingleperpetuum.com\/de\/campingplatz-pool-sarlat\/#breadcrumb","itemListElement":[{"@type":"ListItem","position":1,"name":"Camping Sarlat","item":"https:\/\/campingleperpetuum.com\/de\/"},{"@type":"ListItem","position":2,"name":"Beheiztes Schwimmbad Sarlat"}]},{"@type":"WebSite","@id":"https:\/\/campingleperpetuum.com\/de\/#website","url":"https:\/\/campingleperpetuum.com\/de\/","name":"Camping le Perpetuum","description":"","publisher":{"@id":"https:\/\/campingleperpetuum.com\/de\/#organization"},"inLanguage":"de"},{"@type":"Organization","@id":"https:\/\/campingleperpetuum.com\/de\/#organization","name":"Camping Perpetuum","url":"https:\/\/campingleperpetuum.com\/de\/","logo":{"@type":"ImageObject","inLanguage":"de","@id":"https:\/\/campingleperpetuum.com\/de\/#\/schema\/logo\/image\/","url":"https:\/\/campingleperpetuum.com\/wp-content\/uploads\/2021\/03\/camping-perpetuum-1.png","contentUrl":"https:\/\/campingleperpetuum.com\/wp-content\/uploads\/2021\/03\/camping-perpetuum-1.png","width":200,"height":200,"caption":"Camping Perpetuum"},"image":{"@id":"https:\/\/campingleperpetuum.com\/de\/#\/schema\/logo\/image\/"}}]}},"_links":{"self":[{"href":"https:\/\/campingleperpetuum.com\/de\/wp-json\/wp\/v2\/pages\/2482","targetHints":{"allow":["GET"]}}],"collection":[{"href":"https:\/\/campingleperpetuum.com\/de\/wp-json\/wp\/v2\/pages"}],"about":[{"href":"https:\/\/campingleperpetuum.com\/de\/wp-json\/wp\/v2\/types\/page"}],"author":[{"embeddable":true,"href":"https:\/\/campingleperpetuum.com\/de\/wp-json\/wp\/v2\/users\/1"}],"replies":[{"embeddable":true,"href":"https:\/\/campingleperpetuum.com\/de\/wp-json\/wp\/v2\/comments?post=2482"}],"version-history":[{"count":4,"href":"https:\/\/campingleperpetuum.com\/de\/wp-json\/wp\/v2\/pages\/2482\/revisions"}],"predecessor-version":[{"id":2580,"href":"https:\/\/campingleperpetuum.com\/de\/wp-json\/wp\/v2\/pages\/2482\/revisions\/2580"}],"wp:featuredmedia":[{"embeddable":true,"href":"https:\/\/campingleperpetuum.com\/de\/wp-json\/wp\/v2\/media\/157"}],"wp:attachment":[{"href":"https:\/\/campingleperpetuum.com\/de\/wp-json\/wp\/v2\/media?parent=2482"}],"curies":[{"name":"wp","href":"https:\/\/api.w.org\/{rel}","templated":true}]}}