{"id":2488,"date":"2021-03-16T12:11:33","date_gmt":"2021-03-16T11:11:33","guid":{"rendered":"https:\/\/campingleperpetuum.com\/campsite-edge-river-dordogne\/"},"modified":"2021-05-26T14:59:16","modified_gmt":"2021-05-26T12:59:16","slug":"campingplatz-rand-fluss-dordogne","status":"publish","type":"page","link":"https:\/\/campingleperpetuum.com\/de\/campingplatz-rand-fluss-dordogne\/","title":{"rendered":"Autour de l&#8217;eau : La rivi\u00e8re"},"content":{"rendered":"<section id=\"section-60520720da256\"\" class=\"section first-home bg-white p-t-0 p-b-0\" \/><div class=\"container extralarge\"><div class=\"colonnes-wrap valign-middle \"><div class=\"element colonne w-60 p-5\"><h1 class=\"element section-title center font-1\">Campingplatz an der Dordogne<\/h1><h2 class=\"element section-title center font-2\">Campingplatz mit Zugang zur Dordogne<\/h2><div class=\"element bloc-text justify \">\n\t<p>Der Fluss Dordogne grenzt an den Campingplatz Le Perpetuum. Der Campingplatz hat einen <strong class=\"bold color1\">direkten Zugang zum Fluss<\/strong>, wo Sie direkt schwimmen k\u00f6nnen. In 400 m Entfernung vom Campingplatz finden Sie <strong class=\"bold color1\">sch\u00f6ne Sandstr\u00e4nde<\/strong> f\u00fcr Ihr Vergn\u00fcgen mit wenig Hintergrund, w\u00e4hrend Sie eine sch\u00f6ne Aussicht auf die <strong class=\"bold color1\">gr\u00fcne Landschaft<\/strong> des Perigord genie\u00dfen. Das <strong class=\"bold color1\">klare Wasser<\/strong>, mit wenig Str\u00f6mung, erlaubt sowohl Jung als auch Alt ein <strong class=\"bold color1\">sicheres Schwimmen<\/strong>. Dennoch ist es gut zu bedenken, dass der Fluss nicht von Rettungsschwimmern \u00fcberwacht wird.<\/p>\n<p>Dieser Fluss ist voll von <strong class=\"bold color1\">vielen Fischarten<\/strong>. Um unseren <strong class=\"bold color1\">sch\u00f6nen Fluss<\/strong> zu beangeln, m\u00fcssen Sie einen Angelschein an der Rezeption oder \u00fcber die <a href=\"https:\/\/de.cartedepeche.fr\/\"target=\"_blank\" rel=\"noopener\"\">Angelkarte<\/a> erwerben. <\/p>\n<p>Es gibt viele Vorteile, einen Fluss am <a href=\"\/de\/\">Campingplatz Le Perpetuum<\/a> zu haben, wie z.B. die Tatsache, dass er nicht stagniert, was das Br\u00fcten von M\u00fccken verhindert. Ein weiterer Vorteil eines Campingplatzes am Fluss ist, dass es sicher ist, bei <strong class=\"bold color1\">Niedrigwasser<\/strong> den Fluss hinunter zu gehen.<\/p>\n<p>Eine der Lieblingsbesch\u00e4ftigungen der Kinder auf dem Campingplatz ist es, mit der <strong class=\"bold color1\">kurzen Str\u00f6mung<\/strong> des Flusses in Bojen zum Steg des Campingplatzes zu fahren. Au\u00dferdem sind die Pl\u00e4tze am Wasser im Sommer begehrte Pl\u00e4tze, weil der Fluss ein wenig <strong class=\"bold color1\">Coolness<\/strong> bringt.<\/p>\n<\/div><\/div><div class=\"element colonne w-40\"><div class=\"element images scroll-x-mobile\"><div class=\"image\"><img decoding=\"async\" src=\"https:\/\/campingleperpetuum.com\/wp-content\/uploads\/2021\/03\/peche-riviere-78x100.jpg\" data-src=\"https:\/\/campingleperpetuum.com\/wp-content\/uploads\/2021\/03\/peche-riviere.jpg\" alt=\"peche riviere\" class=\"images_image\" \/><\/div><\/div><\/div><\/div><\/div><\/section>\n\n<section id=\"section-60520720da3eb\"\" class=\"section bg-white p-t-0 p-b-0\" \/><div class=\"container full\"><div class=\"element images scroll-x-mobile\"><div class=\"image\"><img decoding=\"async\" src=\"https:\/\/campingleperpetuum.com\/wp-content\/uploads\/2021\/03\/riviere-plage-1-100x100.jpg\" data-src=\"https:\/\/campingleperpetuum.com\/wp-content\/uploads\/2021\/03\/riviere-plage-1.jpg\" alt=\"riviere plage\" class=\"images_image\" \/><\/div><div class=\"image\"><img decoding=\"async\" src=\"https:\/\/campingleperpetuum.com\/wp-content\/uploads\/2021\/03\/rocher-riviere-100x100.jpg\" data-src=\"https:\/\/campingleperpetuum.com\/wp-content\/uploads\/2021\/03\/rocher-riviere.jpg\" alt=\"rocher riviere\" class=\"images_image\" \/><\/div><div class=\"image\"><img decoding=\"async\" src=\"https:\/\/campingleperpetuum.com\/wp-content\/uploads\/2021\/03\/canoe-dordogne-100x100.jpg\" data-src=\"https:\/\/campingleperpetuum.com\/wp-content\/uploads\/2021\/03\/canoe-dordogne.jpg\" alt=\"canoe dordogne\" class=\"images_image\" \/><\/div><div class=\"image\"><img decoding=\"async\" src=\"https:\/\/campingleperpetuum.com\/wp-content\/uploads\/2021\/03\/canoe-riviere-1-100x100.jpg\" data-src=\"https:\/\/campingleperpetuum.com\/wp-content\/uploads\/2021\/03\/canoe-riviere-1.jpg\" alt=\"canoe riviere\" class=\"images_image\" \/><\/div><\/div><\/div><\/section>\n\n<section id=\"section-60520720da5f0\"\" class=\"section fifth-home bg-color1 p-t-0 p-b-0\" \/><div class=\"container full\"><div class=\"colonnes-wrap valign-middle \"><div class=\"element colonne \"><h2 class=\"element section-title center\">Kanu und Paddel auf der Dordogne<\/h2><div class=\"element bloc-text center \">\n\t<p>Die Dordogne ist auch ein perfekter Spielplatz f\u00fcr <strong class=\"bold color5\">Kanufahren<\/strong> und <strong class=\"bold color5\">Paddeln<\/strong>. Wir arbeiten mit einer <strong class=\"bold color5\">Kanubasis<\/strong> zusammen, die Sie am Campingplatz Domme abholt und nach Ihrer Fahrt wieder zur\u00fcckbringt. Sie k\u00f6nnen also Ihre Kanutour an der Rezeption des Campingplatzes am Flussufer buchen. Wir schlagen in Zusammenarbeit mit der Kanubasis <strong class=\"bold color5\">3 Routen<\/strong> vor, die f\u00fcr jeden geeignet sind. Sie k\u00f6nnen auch am Fluss ankommen, um <strong class=\"bold color5\">einen Zwischenstopp<\/strong> f\u00fcr eine oder mehrere N\u00e4chte zu machen, wenn Sie eine mehrt\u00e4gige Kanutour machen. <\/p>\n<p>Nach dem Kanufahren oder dem Genie\u00dfen der Ruhe unseres Flusses, kommen Sie und ziehen Sie ein paar Runden in unserem beheizten Pool in Sarlat auf dem Campingplatz Domme. Unser <strong class=\"bold color5\">Wasserraum<\/strong> wird die Kleinen mit seinem <strong class=\"bold color5\">Planschbecken<\/strong> und die Gr\u00f6\u00dferen mit seinem <strong class=\"bold color5\">hei\u00dfen Wasser<\/strong> und seinem <strong class=\"bold color5\">Schwimmen am Pool<\/strong> begeistern.<\/p>\n<\/div><\/div><div class=\"element colonne p-0\"><div class=\"element images scroll-x-mobile\"><div class=\"image\"><img decoding=\"async\" src=\"https:\/\/campingleperpetuum.com\/wp-content\/uploads\/2021\/03\/riviere-nature-100x34.jpg\" data-src=\"https:\/\/campingleperpetuum.com\/wp-content\/uploads\/2021\/03\/riviere-nature.jpg\" alt=\"riviere nature\" class=\"images_image\" \/><\/div><\/div><div class=\"element images scroll-x-mobile\"><div class=\"image\"><img decoding=\"async\" src=\"https:\/\/campingleperpetuum.com\/wp-content\/uploads\/2021\/03\/canoe-eau-100x34.jpg\" data-src=\"https:\/\/campingleperpetuum.com\/wp-content\/uploads\/2021\/03\/canoe-eau.jpg\" alt=\"canoe eau riviere\" class=\"images_image\" \/><\/div><\/div><\/div><\/div><\/div><\/section>\n\n<section id=\"section-60520720da7ba\"\" class=\"section bg-white\" \/><div class=\"container extralarge\"><div class=\"element section-title center titre-cta\">Unser Pool und unsere Unterk\u00fcnfte<\/div><ul class=\"liste-de-page scroll-x-mobile\"><li class=\"element call-to-action call-to-action--have-sous-titre call-to-action--style-1 call-to-action--normal\"><a href=\"https:\/\/campingleperpetuum.com\/de\/campingplatz-pool-sarlat\/\"  class=\"call-to-action_link\" title=\"Lesen Sie mehr \u00fcber unser pool\"><div class=\"call-to-action_image\"><img decoding=\"async\" src=\"https:\/\/campingleperpetuum.com\/wp-content\/uploads\/2021\/03\/camping-piscine-dordogne-100x100.jpg\" data-src=\"https:\/\/campingleperpetuum.com\/wp-content\/uploads\/2021\/03\/camping-piscine-dordogne.jpg\" alt=\"camping piscine dordogne\" class=\"normal\" \/><\/div><div class=\"call-to-action_contenu\"><div class=\"call-to-action_titre\">Unser Pool<\/div><div class=\"call-to-action_sous-titre\">Entdecken Sie<\/div><\/div><\/a><\/li><li class=\"element call-to-action call-to-action--have-sous-titre call-to-action--style-1 call-to-action--normal\"><a href=\"https:\/\/campingleperpetuum.com\/de\/miet-mobil-home-sarlat\/\"  class=\"call-to-action_link\" title=\"Lesen Sie mehr \u00fcber unsere vermietungen\"><div class=\"call-to-action_image\"><img decoding=\"async\" src=\"https:\/\/campingleperpetuum.com\/wp-content\/uploads\/2021\/03\/mobil-home-dordogne-100x100.jpg\" data-src=\"https:\/\/campingleperpetuum.com\/wp-content\/uploads\/2021\/03\/mobil-home-dordogne.jpg\" alt=\"mobil home dordogne\" class=\"normal\" \/><\/div><div class=\"call-to-action_contenu\"><div class=\"call-to-action_titre\">Unsere Vermietungen<\/div><div class=\"call-to-action_sous-titre\">Entdecken Sie<\/div><\/div><\/a><\/li><li class=\"element call-to-action call-to-action--have-sous-titre call-to-action--style-1 call-to-action--normal\"><a href=\"https:\/\/campingleperpetuum.com\/de\/miet-graeben-sarlat\/\"  class=\"call-to-action_link\" title=\"Lesen Sie mehr \u00fcber unsere stellpl\u00e4tze\"><div class=\"call-to-action_image\"><img decoding=\"async\" src=\"https:\/\/campingleperpetuum.com\/wp-content\/uploads\/2021\/03\/tente-dordogne-100x100.jpg\" data-src=\"https:\/\/campingleperpetuum.com\/wp-content\/uploads\/2021\/03\/tente-dordogne.jpg\" alt=\"tente dordogne\" class=\"normal\" \/><\/div><div class=\"call-to-action_contenu\"><div class=\"call-to-action_titre\">Unsere Stellpl\u00e4tze<\/div><div class=\"call-to-action_sous-titre\">Entdecken Sie<\/div><\/div><\/a><\/li><\/ul><\/div><\/section>","protected":false},"excerpt":{"rendered":"","protected":false},"author":1,"featured_media":641,"parent":0,"menu_order":0,"comment_status":"closed","ping_status":"closed","template":"","meta":{"_acf_changed":false,"footnotes":""},"class_list":["post-2488","page","type-page","status-publish","has-post-thumbnail","hentry"],"acf":[],"yoast_head":"<!-- This site is optimized with the Yoast SEO plugin v25.3 - https:\/\/yoast.com\/wordpress\/plugins\/seo\/ -->\n<title>Camping am Fluss Domme | Camping am Fluss Dordogne (24)<\/title>\n<meta name=\"robots\" content=\"index, follow, max-snippet:-1, max-image-preview:large, max-video-preview:-1\" \/>\n<link rel=\"canonical\" href=\"https:\/\/campingleperpetuum.com\/de\/campingplatz-rand-fluss-dordogne\/\" \/>\n<meta property=\"og:locale\" content=\"de_DE\" \/>\n<meta property=\"og:type\" content=\"article\" \/>\n<meta property=\"og:title\" content=\"Camping am Fluss Domme | Camping am Fluss Dordogne (24)\" \/>\n<meta property=\"og:url\" content=\"https:\/\/campingleperpetuum.com\/de\/campingplatz-rand-fluss-dordogne\/\" \/>\n<meta property=\"og:site_name\" content=\"Camping le Perpetuum\" \/>\n<meta property=\"article:modified_time\" content=\"2021-05-26T12:59:16+00:00\" \/>\n<meta property=\"og:image\" content=\"https:\/\/campingleperpetuum.com\/wp-content\/uploads\/2021\/03\/riviere-pont.jpg\" \/>\n\t<meta property=\"og:image:width\" content=\"1903\" \/>\n\t<meta property=\"og:image:height\" content=\"450\" \/>\n\t<meta property=\"og:image:type\" content=\"image\/jpeg\" \/>\n<meta name=\"twitter:card\" content=\"summary_large_image\" \/>\n<script type=\"application\/ld+json\" class=\"yoast-schema-graph\">{\"@context\":\"https:\/\/schema.org\",\"@graph\":[{\"@type\":\"WebPage\",\"@id\":\"https:\/\/campingleperpetuum.com\/de\/campingplatz-rand-fluss-dordogne\/\",\"url\":\"https:\/\/campingleperpetuum.com\/de\/campingplatz-rand-fluss-dordogne\/\",\"name\":\"Camping am Fluss Domme | Camping am Fluss Dordogne (24)\",\"isPartOf\":{\"@id\":\"https:\/\/campingleperpetuum.com\/de\/#website\"},\"primaryImageOfPage\":{\"@id\":\"https:\/\/campingleperpetuum.com\/de\/campingplatz-rand-fluss-dordogne\/#primaryimage\"},\"image\":{\"@id\":\"https:\/\/campingleperpetuum.com\/de\/campingplatz-rand-fluss-dordogne\/#primaryimage\"},\"thumbnailUrl\":\"https:\/\/campingleperpetuum.com\/wp-content\/uploads\/2021\/03\/riviere-pont.jpg\",\"datePublished\":\"2021-03-16T11:11:33+00:00\",\"dateModified\":\"2021-05-26T12:59:16+00:00\",\"breadcrumb\":{\"@id\":\"https:\/\/campingleperpetuum.com\/de\/campingplatz-rand-fluss-dordogne\/#breadcrumb\"},\"inLanguage\":\"de\",\"potentialAction\":[{\"@type\":\"ReadAction\",\"target\":[\"https:\/\/campingleperpetuum.com\/de\/campingplatz-rand-fluss-dordogne\/\"]}]},{\"@type\":\"ImageObject\",\"inLanguage\":\"de\",\"@id\":\"https:\/\/campingleperpetuum.com\/de\/campingplatz-rand-fluss-dordogne\/#primaryimage\",\"url\":\"https:\/\/campingleperpetuum.com\/wp-content\/uploads\/2021\/03\/riviere-pont.jpg\",\"contentUrl\":\"https:\/\/campingleperpetuum.com\/wp-content\/uploads\/2021\/03\/riviere-pont.jpg\",\"width\":1903,\"height\":450,\"caption\":\"riviere-pont\"},{\"@type\":\"BreadcrumbList\",\"@id\":\"https:\/\/campingleperpetuum.com\/de\/campingplatz-rand-fluss-dordogne\/#breadcrumb\",\"itemListElement\":[{\"@type\":\"ListItem\",\"position\":1,\"name\":\"Camping Sarlat\",\"item\":\"https:\/\/campingleperpetuum.com\/de\/\"},{\"@type\":\"ListItem\",\"position\":2,\"name\":\"Camping am Fluss Domme\"}]},{\"@type\":\"WebSite\",\"@id\":\"https:\/\/campingleperpetuum.com\/de\/#website\",\"url\":\"https:\/\/campingleperpetuum.com\/de\/\",\"name\":\"Camping le Perpetuum\",\"description\":\"\",\"publisher\":{\"@id\":\"https:\/\/campingleperpetuum.com\/de\/#organization\"},\"inLanguage\":\"de\"},{\"@type\":\"Organization\",\"@id\":\"https:\/\/campingleperpetuum.com\/de\/#organization\",\"name\":\"Camping Perpetuum\",\"url\":\"https:\/\/campingleperpetuum.com\/de\/\",\"logo\":{\"@type\":\"ImageObject\",\"inLanguage\":\"de\",\"@id\":\"https:\/\/campingleperpetuum.com\/de\/#\/schema\/logo\/image\/\",\"url\":\"https:\/\/campingleperpetuum.com\/wp-content\/uploads\/2021\/03\/camping-perpetuum-1.png\",\"contentUrl\":\"https:\/\/campingleperpetuum.com\/wp-content\/uploads\/2021\/03\/camping-perpetuum-1.png\",\"width\":200,\"height\":200,\"caption\":\"Camping Perpetuum\"},\"image\":{\"@id\":\"https:\/\/campingleperpetuum.com\/de\/#\/schema\/logo\/image\/\"}}]}<\/script>\n<!-- \/ Yoast SEO plugin. -->","yoast_head_json":{"title":"Camping am Fluss Domme | Camping am Fluss Dordogne (24)","robots":{"index":"index","follow":"follow","max-snippet":"max-snippet:-1","max-image-preview":"max-image-preview:large","max-video-preview":"max-video-preview:-1"},"canonical":"https:\/\/campingleperpetuum.com\/de\/campingplatz-rand-fluss-dordogne\/","og_locale":"de_DE","og_type":"article","og_title":"Camping am Fluss Domme | Camping am Fluss Dordogne (24)","og_url":"https:\/\/campingleperpetuum.com\/de\/campingplatz-rand-fluss-dordogne\/","og_site_name":"Camping le Perpetuum","article_modified_time":"2021-05-26T12:59:16+00:00","og_image":[{"width":1903,"height":450,"url":"https:\/\/campingleperpetuum.com\/wp-content\/uploads\/2021\/03\/riviere-pont.jpg","type":"image\/jpeg"}],"twitter_card":"summary_large_image","schema":{"@context":"https:\/\/schema.org","@graph":[{"@type":"WebPage","@id":"https:\/\/campingleperpetuum.com\/de\/campingplatz-rand-fluss-dordogne\/","url":"https:\/\/campingleperpetuum.com\/de\/campingplatz-rand-fluss-dordogne\/","name":"Camping am Fluss Domme | Camping am Fluss Dordogne (24)","isPartOf":{"@id":"https:\/\/campingleperpetuum.com\/de\/#website"},"primaryImageOfPage":{"@id":"https:\/\/campingleperpetuum.com\/de\/campingplatz-rand-fluss-dordogne\/#primaryimage"},"image":{"@id":"https:\/\/campingleperpetuum.com\/de\/campingplatz-rand-fluss-dordogne\/#primaryimage"},"thumbnailUrl":"https:\/\/campingleperpetuum.com\/wp-content\/uploads\/2021\/03\/riviere-pont.jpg","datePublished":"2021-03-16T11:11:33+00:00","dateModified":"2021-05-26T12:59:16+00:00","breadcrumb":{"@id":"https:\/\/campingleperpetuum.com\/de\/campingplatz-rand-fluss-dordogne\/#breadcrumb"},"inLanguage":"de","potentialAction":[{"@type":"ReadAction","target":["https:\/\/campingleperpetuum.com\/de\/campingplatz-rand-fluss-dordogne\/"]}]},{"@type":"ImageObject","inLanguage":"de","@id":"https:\/\/campingleperpetuum.com\/de\/campingplatz-rand-fluss-dordogne\/#primaryimage","url":"https:\/\/campingleperpetuum.com\/wp-content\/uploads\/2021\/03\/riviere-pont.jpg","contentUrl":"https:\/\/campingleperpetuum.com\/wp-content\/uploads\/2021\/03\/riviere-pont.jpg","width":1903,"height":450,"caption":"riviere-pont"},{"@type":"BreadcrumbList","@id":"https:\/\/campingleperpetuum.com\/de\/campingplatz-rand-fluss-dordogne\/#breadcrumb","itemListElement":[{"@type":"ListItem","position":1,"name":"Camping Sarlat","item":"https:\/\/campingleperpetuum.com\/de\/"},{"@type":"ListItem","position":2,"name":"Camping am Fluss Domme"}]},{"@type":"WebSite","@id":"https:\/\/campingleperpetuum.com\/de\/#website","url":"https:\/\/campingleperpetuum.com\/de\/","name":"Camping le Perpetuum","description":"","publisher":{"@id":"https:\/\/campingleperpetuum.com\/de\/#organization"},"inLanguage":"de"},{"@type":"Organization","@id":"https:\/\/campingleperpetuum.com\/de\/#organization","name":"Camping Perpetuum","url":"https:\/\/campingleperpetuum.com\/de\/","logo":{"@type":"ImageObject","inLanguage":"de","@id":"https:\/\/campingleperpetuum.com\/de\/#\/schema\/logo\/image\/","url":"https:\/\/campingleperpetuum.com\/wp-content\/uploads\/2021\/03\/camping-perpetuum-1.png","contentUrl":"https:\/\/campingleperpetuum.com\/wp-content\/uploads\/2021\/03\/camping-perpetuum-1.png","width":200,"height":200,"caption":"Camping Perpetuum"},"image":{"@id":"https:\/\/campingleperpetuum.com\/de\/#\/schema\/logo\/image\/"}}]}},"_links":{"self":[{"href":"https:\/\/campingleperpetuum.com\/de\/wp-json\/wp\/v2\/pages\/2488","targetHints":{"allow":["GET"]}}],"collection":[{"href":"https:\/\/campingleperpetuum.com\/de\/wp-json\/wp\/v2\/pages"}],"about":[{"href":"https:\/\/campingleperpetuum.com\/de\/wp-json\/wp\/v2\/types\/page"}],"author":[{"embeddable":true,"href":"https:\/\/campingleperpetuum.com\/de\/wp-json\/wp\/v2\/users\/1"}],"replies":[{"embeddable":true,"href":"https:\/\/campingleperpetuum.com\/de\/wp-json\/wp\/v2\/comments?post=2488"}],"version-history":[{"count":6,"href":"https:\/\/campingleperpetuum.com\/de\/wp-json\/wp\/v2\/pages\/2488\/revisions"}],"predecessor-version":[{"id":2577,"href":"https:\/\/campingleperpetuum.com\/de\/wp-json\/wp\/v2\/pages\/2488\/revisions\/2577"}],"wp:featuredmedia":[{"embeddable":true,"href":"https:\/\/campingleperpetuum.com\/de\/wp-json\/wp\/v2\/media\/641"}],"wp:attachment":[{"href":"https:\/\/campingleperpetuum.com\/de\/wp-json\/wp\/v2\/media?parent=2488"}],"curies":[{"name":"wp","href":"https:\/\/api.w.org\/{rel}","templated":true}]}}