{"id":2499,"date":"2021-03-16T12:12:14","date_gmt":"2021-03-16T11:12:14","guid":{"rendered":"https:\/\/campingleperpetuum.com\/rental-pitches-sanitary-sarlat\/"},"modified":"2021-05-26T14:54:19","modified_gmt":"2021-05-26T12:54:19","slug":"miet-graeben-sanitaer-sarlat","status":"publish","type":"page","link":"https:\/\/campingleperpetuum.com\/de\/miet-graeben-sanitaer-sarlat\/","title":{"rendered":"H\u00e9bergements : Nos emplacements avec sanitaires"},"content":{"rendered":"<section id=\"section-60520720da256\"\" class=\"section first-home bg-white p-b-0\" \/><div class=\"container extralarge\"><h1 class=\"element section-title center font-1\">Stellplatz mit Sanit\u00e4ranlagen mieten Dordogne<\/h1><\/div><\/section>\n\n<section id=\"section-60a3d59204699\"\" class=\"section bg-white\" \/><div class=\"container extralarge\"><ul class=\"liste-de-page hebergements\"><div class=\"row container extralarge\"><li class=\"hebergement hebergement--init hebergement--style-1  nombre-de-personnes-2 superficie-80\"id=\"2169\"><div class=\"hebergement_image\"><img decoding=\"async\" src=\"https:\/\/campingleperpetuum.com\/wp-content\/uploads\/2021\/03\/image00004-scaled.jpeg\" data-src=\"https:\/\/campingleperpetuum.com\/wp-content\/uploads\/2021\/03\/image00004-scaled.jpeg\" alt=\"\" class=\"\" \/><\/div><div class=\"hebergement_content\"><div class=\"hebergement_titre hebergement_titre section-title decoration\">Perpetuum Mobile-Paket<\/div><\/div><div class=\"hebergement-attributs\"><span class=\"attribut nombre-de-personnes\">2 Menschen<\/span><span class=\"attribut superficie\">80m\u00b2<\/span><\/div><\/li><\/div><\/ul><\/div><\/section>\n\n<section id=\"section-60520720da5f0\"\" class=\"section bg-color1\" \/><div class=\"container full\"><div class=\"colonnes-wrap valign-top \"><div class=\"element colonne \"><h2 class=\"element section-title center\">Unsere Pakete mit eigenem Bad<\/h2><div class=\"element bloc-text center \">\n\t<p>M\u00f6chten Sie die <strong class=\"bold color5\">Freuden des Camping-Caravaning<\/strong> genie\u00dfen und dabei den <strong class=\"bold color5\">Komfort eines Wohnmobils<\/strong> behalten?<br \/>\nUnsere <strong class=\"bold color5\">Pl\u00e4tze mit individuellen Sanit\u00e4ranlagen<\/strong>, auch bekannt als <strong class=\"bold color5\">Perpetuum-Pakete<\/strong> zum kleinen Preis sind perfekt f\u00fcr Sie.<\/p>\n<p>Perpetuum-Pakete sind <strong class=\"bold color5\">kleine H\u00fctten mit Deck<\/strong> mit Platz zum Aufstellen Ihres Zeltes oder Anh\u00e4ngers. Die <strong class=\"bold color5\">Kabinen<\/strong> bestehen aus einem K\u00fcchenteil und einem Badezimmerteil, so dass Sie nachts nicht den Campingplatz \u00fcberqueren m\u00fcssen, um zu den sanit\u00e4ren Anlagen zu gehen.<\/p>\n<p>Sie werden Ihr Gl\u00fcck unter unseren Pl\u00e4tzen mit oder ohne private Sanit\u00e4ranlagen oder unter unseren >Mobil-homes finden, die alle komfortabel und komplett ausgestattet sind.<\/p>\n<\/div><\/div><div class=\"element colonne p-0\"><h2 class=\"element section-title center\">Unsere privaten B\u00e4der in der Dordogne<\/h2><div class=\"element bloc-text center \">\n\t<p>Sie wollen nicht lange anstehen, um zu duschen, auf die Toilette zu gehen oder den Abwasch zu erledigen?<br \/>\nUnsere individuellen B\u00e4der werden Sie gl\u00fccklich machen. In der Tat, im <strong class=\"bold color5\">Badezimmerraum<\/strong> finden Sie ein Waschbecken, eine Toilette und eine Dusche. Im <strong class=\"bold color5\">K\u00fcchenbereich<\/strong> gibt es einen K\u00fchlschrank, einen Gasherd und eine Sp\u00fcle, so dass Sie Ihren Herd nicht mitnehmen m\u00fcssen. Auf der <strong class=\"bold color5\">Au\u00dfenseite der Cabana<\/strong> gibt es eine <strong class=\"bold color5\">Terrasse<\/strong> mit einem Picknicktisch, damit Sie drau\u00dfen essen k\u00f6nnen. Auf Ihrem Stellplatz haben Sie auch Platz, um ein gro\u00dfes Zelt aufzustellen oder einen Wohnwagen zu platzieren. Hunde sind in den Perpetuum Paketen unter den gleichen Bedingungen wie auf einem Einzelplatz erlaubt. <\/p>\n<p>Unsere <strong class=\"bold color5\">individuellen Sanit\u00e4ranlagen<\/strong> befinden sich in einem ruhigen Teil des Campingplatzes am Rande des Feldes und im Schatten dank der vielen Walnussb\u00e4ume in diesem Teil des Campingplatzes.<\/p>\n<p>Im <strong class=\"bold color5\">Juli und August<\/strong> sind die einzelnen Sanit\u00e4ranlagen <strong class=\"bold color5\">wochenweise<\/strong> von Sonntag bis Sonntag zu reservieren. In der Nebensaison k\u00f6nnen Sie diese zu den f\u00fcr Sie passenden Terminen buchen, sobald der <a href=\"\/de\/\">Camping Domme<\/a> \u00f6ffnet.<br \/>\nWenn Sie sich f\u00fcr dieses Campingsystem interessieren, denken Sie daran, schnell zu buchen, denn es gibt nur wenige auf dem Campingplatz!<\/p>\n<\/div><\/div><\/div><\/div><\/section>\n\n<section id=\"section-60520720da7ba\"\" class=\"section bg-white\" \/><div class=\"container extralarge\"><div class=\"element section-title center titre-cta\">Unsere Unterk\u00fcnfte und Preise<\/div><ul class=\"liste-de-page scroll-x-mobile\"><li class=\"element call-to-action call-to-action--have-sous-titre call-to-action--style-1 call-to-action--normal\"><a href=\"https:\/\/campingleperpetuum.com\/de\/miet-mobil-home-sarlat\/\"  class=\"call-to-action_link\" title=\"Lesen Sie mehr \u00fcber unsere vermietungen\"><div class=\"call-to-action_image\"><img decoding=\"async\" src=\"https:\/\/campingleperpetuum.com\/wp-content\/uploads\/2021\/03\/mobil-home-dordogne-100x100.jpg\" data-src=\"https:\/\/campingleperpetuum.com\/wp-content\/uploads\/2021\/03\/mobil-home-dordogne.jpg\" alt=\"mobil home dordogne\" class=\"normal\" \/><\/div><div class=\"call-to-action_contenu\"><div class=\"call-to-action_titre\">Unsere Vermietungen<\/div><div class=\"call-to-action_sous-titre\">Entdecken Sie<\/div><\/div><\/a><\/li><li class=\"element call-to-action call-to-action--have-sous-titre call-to-action--style-1 call-to-action--normal\"><a href=\"https:\/\/campingleperpetuum.com\/de\/miet-graeben-sarlat\/\"  class=\"call-to-action_link\" title=\"Lesen Sie mehr \u00fcber unsere stellpl\u00e4tze\"><div class=\"call-to-action_image\"><img decoding=\"async\" src=\"https:\/\/campingleperpetuum.com\/wp-content\/uploads\/2021\/03\/tente-dordogne-100x100.jpg\" data-src=\"https:\/\/campingleperpetuum.com\/wp-content\/uploads\/2021\/03\/tente-dordogne.jpg\" alt=\"tente dordogne\" class=\"normal\" \/><\/div><div class=\"call-to-action_contenu\"><div class=\"call-to-action_titre\">Unsere Stellpl\u00e4tze<\/div><div class=\"call-to-action_sous-titre\">Entdecken Sie<\/div><\/div><\/a><\/li><li class=\"element call-to-action call-to-action--have-sous-titre call-to-action--style-1 call-to-action--normal\"><a href=\"https:\/\/campingleperpetuum.com\/de\/billig-campingplatz-sarlat\/\"  class=\"call-to-action_link\" title=\"Lesen Sie mehr \u00fcber unsere preise\"><div class=\"call-to-action_image\"><img decoding=\"async\" src=\"https:\/\/campingleperpetuum.com\/wp-content\/uploads\/2021\/03\/emplacement-camping-1-77x100.jpg\" data-src=\"https:\/\/campingleperpetuum.com\/wp-content\/uploads\/2021\/03\/emplacement-camping-1.jpg\" alt=\"emplacement camping sarlat\" class=\"normal\" \/><\/div><div class=\"call-to-action_contenu\"><div class=\"call-to-action_titre\">Unsere Preise<\/div><div class=\"call-to-action_sous-titre\">Entdecken Sie<\/div><\/div><\/a><\/li><\/ul><\/div><\/section>","protected":false},"excerpt":{"rendered":"","protected":false},"author":1,"featured_media":739,"parent":0,"menu_order":0,"comment_status":"closed","ping_status":"closed","template":"","meta":{"_acf_changed":false,"footnotes":""},"class_list":["post-2499","page","type-page","status-publish","has-post-thumbnail","hentry"],"acf":[],"yoast_head":"<!-- This site is optimized with the Yoast SEO plugin v25.3 - https:\/\/yoast.com\/wordpress\/plugins\/seo\/ -->\n<title>Stellpl\u00e4tze mieten privates Badezimmer Domme | Privates Badezimmer Dordogne<\/title>\n<meta name=\"robots\" content=\"index, follow, max-snippet:-1, max-image-preview:large, max-video-preview:-1\" \/>\n<link rel=\"canonical\" href=\"https:\/\/campingleperpetuum.com\/de\/miet-graeben-sanitaer-sarlat\/\" \/>\n<meta property=\"og:locale\" content=\"de_DE\" \/>\n<meta property=\"og:type\" content=\"article\" \/>\n<meta property=\"og:title\" content=\"Stellpl\u00e4tze mieten privates Badezimmer Domme | Privates Badezimmer Dordogne\" \/>\n<meta property=\"og:url\" content=\"https:\/\/campingleperpetuum.com\/de\/miet-graeben-sanitaer-sarlat\/\" \/>\n<meta property=\"og:site_name\" content=\"Camping le Perpetuum\" \/>\n<meta property=\"article:modified_time\" content=\"2021-05-26T12:54:19+00:00\" \/>\n<meta property=\"og:image\" content=\"https:\/\/campingleperpetuum.com\/wp-content\/uploads\/2021\/03\/famille-camping.jpg\" \/>\n\t<meta property=\"og:image:width\" content=\"1903\" \/>\n\t<meta property=\"og:image:height\" content=\"450\" \/>\n\t<meta property=\"og:image:type\" content=\"image\/jpeg\" \/>\n<meta name=\"twitter:card\" content=\"summary_large_image\" \/>\n<script type=\"application\/ld+json\" class=\"yoast-schema-graph\">{\"@context\":\"https:\/\/schema.org\",\"@graph\":[{\"@type\":\"WebPage\",\"@id\":\"https:\/\/campingleperpetuum.com\/de\/miet-graeben-sanitaer-sarlat\/\",\"url\":\"https:\/\/campingleperpetuum.com\/de\/miet-graeben-sanitaer-sarlat\/\",\"name\":\"Stellpl\u00e4tze mieten privates Badezimmer Domme | Privates Badezimmer Dordogne\",\"isPartOf\":{\"@id\":\"https:\/\/campingleperpetuum.com\/de\/#website\"},\"primaryImageOfPage\":{\"@id\":\"https:\/\/campingleperpetuum.com\/de\/miet-graeben-sanitaer-sarlat\/#primaryimage\"},\"image\":{\"@id\":\"https:\/\/campingleperpetuum.com\/de\/miet-graeben-sanitaer-sarlat\/#primaryimage\"},\"thumbnailUrl\":\"https:\/\/campingleperpetuum.com\/wp-content\/uploads\/2021\/03\/famille-camping.jpg\",\"datePublished\":\"2021-03-16T11:12:14+00:00\",\"dateModified\":\"2021-05-26T12:54:19+00:00\",\"breadcrumb\":{\"@id\":\"https:\/\/campingleperpetuum.com\/de\/miet-graeben-sanitaer-sarlat\/#breadcrumb\"},\"inLanguage\":\"de\",\"potentialAction\":[{\"@type\":\"ReadAction\",\"target\":[\"https:\/\/campingleperpetuum.com\/de\/miet-graeben-sanitaer-sarlat\/\"]}]},{\"@type\":\"ImageObject\",\"inLanguage\":\"de\",\"@id\":\"https:\/\/campingleperpetuum.com\/de\/miet-graeben-sanitaer-sarlat\/#primaryimage\",\"url\":\"https:\/\/campingleperpetuum.com\/wp-content\/uploads\/2021\/03\/famille-camping.jpg\",\"contentUrl\":\"https:\/\/campingleperpetuum.com\/wp-content\/uploads\/2021\/03\/famille-camping.jpg\",\"width\":1903,\"height\":450,\"caption\":\"1195384\"},{\"@type\":\"BreadcrumbList\",\"@id\":\"https:\/\/campingleperpetuum.com\/de\/miet-graeben-sanitaer-sarlat\/#breadcrumb\",\"itemListElement\":[{\"@type\":\"ListItem\",\"position\":1,\"name\":\"Camping Sarlat\",\"item\":\"https:\/\/campingleperpetuum.com\/de\/\"},{\"@type\":\"ListItem\",\"position\":2,\"name\":\"Mietplatz mit Sanit\u00e4r Domme\"}]},{\"@type\":\"WebSite\",\"@id\":\"https:\/\/campingleperpetuum.com\/de\/#website\",\"url\":\"https:\/\/campingleperpetuum.com\/de\/\",\"name\":\"Camping le Perpetuum\",\"description\":\"\",\"publisher\":{\"@id\":\"https:\/\/campingleperpetuum.com\/de\/#organization\"},\"inLanguage\":\"de\"},{\"@type\":\"Organization\",\"@id\":\"https:\/\/campingleperpetuum.com\/de\/#organization\",\"name\":\"Camping Perpetuum\",\"url\":\"https:\/\/campingleperpetuum.com\/de\/\",\"logo\":{\"@type\":\"ImageObject\",\"inLanguage\":\"de\",\"@id\":\"https:\/\/campingleperpetuum.com\/de\/#\/schema\/logo\/image\/\",\"url\":\"https:\/\/campingleperpetuum.com\/wp-content\/uploads\/2021\/03\/camping-perpetuum-1.png\",\"contentUrl\":\"https:\/\/campingleperpetuum.com\/wp-content\/uploads\/2021\/03\/camping-perpetuum-1.png\",\"width\":200,\"height\":200,\"caption\":\"Camping Perpetuum\"},\"image\":{\"@id\":\"https:\/\/campingleperpetuum.com\/de\/#\/schema\/logo\/image\/\"}}]}<\/script>\n<!-- \/ Yoast SEO plugin. -->","yoast_head_json":{"title":"Stellpl\u00e4tze mieten privates Badezimmer Domme | Privates Badezimmer Dordogne","robots":{"index":"index","follow":"follow","max-snippet":"max-snippet:-1","max-image-preview":"max-image-preview:large","max-video-preview":"max-video-preview:-1"},"canonical":"https:\/\/campingleperpetuum.com\/de\/miet-graeben-sanitaer-sarlat\/","og_locale":"de_DE","og_type":"article","og_title":"Stellpl\u00e4tze mieten privates Badezimmer Domme | Privates Badezimmer Dordogne","og_url":"https:\/\/campingleperpetuum.com\/de\/miet-graeben-sanitaer-sarlat\/","og_site_name":"Camping le Perpetuum","article_modified_time":"2021-05-26T12:54:19+00:00","og_image":[{"width":1903,"height":450,"url":"https:\/\/campingleperpetuum.com\/wp-content\/uploads\/2021\/03\/famille-camping.jpg","type":"image\/jpeg"}],"twitter_card":"summary_large_image","schema":{"@context":"https:\/\/schema.org","@graph":[{"@type":"WebPage","@id":"https:\/\/campingleperpetuum.com\/de\/miet-graeben-sanitaer-sarlat\/","url":"https:\/\/campingleperpetuum.com\/de\/miet-graeben-sanitaer-sarlat\/","name":"Stellpl\u00e4tze mieten privates Badezimmer Domme | Privates Badezimmer Dordogne","isPartOf":{"@id":"https:\/\/campingleperpetuum.com\/de\/#website"},"primaryImageOfPage":{"@id":"https:\/\/campingleperpetuum.com\/de\/miet-graeben-sanitaer-sarlat\/#primaryimage"},"image":{"@id":"https:\/\/campingleperpetuum.com\/de\/miet-graeben-sanitaer-sarlat\/#primaryimage"},"thumbnailUrl":"https:\/\/campingleperpetuum.com\/wp-content\/uploads\/2021\/03\/famille-camping.jpg","datePublished":"2021-03-16T11:12:14+00:00","dateModified":"2021-05-26T12:54:19+00:00","breadcrumb":{"@id":"https:\/\/campingleperpetuum.com\/de\/miet-graeben-sanitaer-sarlat\/#breadcrumb"},"inLanguage":"de","potentialAction":[{"@type":"ReadAction","target":["https:\/\/campingleperpetuum.com\/de\/miet-graeben-sanitaer-sarlat\/"]}]},{"@type":"ImageObject","inLanguage":"de","@id":"https:\/\/campingleperpetuum.com\/de\/miet-graeben-sanitaer-sarlat\/#primaryimage","url":"https:\/\/campingleperpetuum.com\/wp-content\/uploads\/2021\/03\/famille-camping.jpg","contentUrl":"https:\/\/campingleperpetuum.com\/wp-content\/uploads\/2021\/03\/famille-camping.jpg","width":1903,"height":450,"caption":"1195384"},{"@type":"BreadcrumbList","@id":"https:\/\/campingleperpetuum.com\/de\/miet-graeben-sanitaer-sarlat\/#breadcrumb","itemListElement":[{"@type":"ListItem","position":1,"name":"Camping Sarlat","item":"https:\/\/campingleperpetuum.com\/de\/"},{"@type":"ListItem","position":2,"name":"Mietplatz mit Sanit\u00e4r Domme"}]},{"@type":"WebSite","@id":"https:\/\/campingleperpetuum.com\/de\/#website","url":"https:\/\/campingleperpetuum.com\/de\/","name":"Camping le Perpetuum","description":"","publisher":{"@id":"https:\/\/campingleperpetuum.com\/de\/#organization"},"inLanguage":"de"},{"@type":"Organization","@id":"https:\/\/campingleperpetuum.com\/de\/#organization","name":"Camping Perpetuum","url":"https:\/\/campingleperpetuum.com\/de\/","logo":{"@type":"ImageObject","inLanguage":"de","@id":"https:\/\/campingleperpetuum.com\/de\/#\/schema\/logo\/image\/","url":"https:\/\/campingleperpetuum.com\/wp-content\/uploads\/2021\/03\/camping-perpetuum-1.png","contentUrl":"https:\/\/campingleperpetuum.com\/wp-content\/uploads\/2021\/03\/camping-perpetuum-1.png","width":200,"height":200,"caption":"Camping Perpetuum"},"image":{"@id":"https:\/\/campingleperpetuum.com\/de\/#\/schema\/logo\/image\/"}}]}},"_links":{"self":[{"href":"https:\/\/campingleperpetuum.com\/de\/wp-json\/wp\/v2\/pages\/2499","targetHints":{"allow":["GET"]}}],"collection":[{"href":"https:\/\/campingleperpetuum.com\/de\/wp-json\/wp\/v2\/pages"}],"about":[{"href":"https:\/\/campingleperpetuum.com\/de\/wp-json\/wp\/v2\/types\/page"}],"author":[{"embeddable":true,"href":"https:\/\/campingleperpetuum.com\/de\/wp-json\/wp\/v2\/users\/1"}],"replies":[{"embeddable":true,"href":"https:\/\/campingleperpetuum.com\/de\/wp-json\/wp\/v2\/comments?post=2499"}],"version-history":[{"count":4,"href":"https:\/\/campingleperpetuum.com\/de\/wp-json\/wp\/v2\/pages\/2499\/revisions"}],"predecessor-version":[{"id":2569,"href":"https:\/\/campingleperpetuum.com\/de\/wp-json\/wp\/v2\/pages\/2499\/revisions\/2569"}],"wp:featuredmedia":[{"embeddable":true,"href":"https:\/\/campingleperpetuum.com\/de\/wp-json\/wp\/v2\/media\/739"}],"wp:attachment":[{"href":"https:\/\/campingleperpetuum.com\/de\/wp-json\/wp\/v2\/media?parent=2499"}],"curies":[{"name":"wp","href":"https:\/\/api.w.org\/{rel}","templated":true}]}}