{"id":2529,"date":"2021-03-17T16:17:50","date_gmt":"2021-03-17T15:17:50","guid":{"rendered":"https:\/\/campingleperpetuum.com\/cheap-campsite-sarlat\/"},"modified":"2023-06-28T13:17:56","modified_gmt":"2023-06-28T11:17:56","slug":"billig-campingplatz-sarlat","status":"publish","type":"page","link":"https:\/\/campingleperpetuum.com\/de\/billig-campingplatz-sarlat\/","title":{"rendered":"Tarifs"},"content":{"rendered":"<section id=\"section-60520720da256\"\" class=\"section first-home bg-white p-b-0\" \/><div class=\"container extralarge\"><h1 class=\"element section-title center font-1\">G\u00fcnstiges Camping in Sarlat<\/h1><\/div><\/section>\n\n<section id=\"section-60520720da256\"\" class=\"section first-home bg-white p-t-0 p-b-0\" \/><div class=\"container extralarge\"><h1 class=\"element section-title justify\">Sonderangebote auf dem Campingplatz Perpetuum<\/h1><div class=\"element bloc-text\">\n\t<script>\r\n    window.ctoutvert = {\r\n        id: 3857,\r\n        lang: 'de',\r\n        url: 'https:\/\/bookingpremium.secureholiday.net\/widgets\/', \r\n    };\r\n    (function (w, d, s, ctv, r, js, fjs) {\r\n        r=new XMLHttpRequest();r.open('GET',w[ctv].url+'js\/src.json');\r\n        r.responseType='json';r.json=true;r.send();\r\n        r.onload=function(){w[ctv].src=r.responseType=='json'?r.response:JSON.parse(r.response);\r\n        js.src=w[ctv].src[0];fjs.parentNode.insertBefore(js, fjs);}\r\n        js=d.createElement(s),fjs=d.getElementsByTagName(s)[0];\r\n        js.id='ctvwidget';js.async=1;\r\n    }(window, document, 'script', 'ctoutvert'));\r\n<\/script>\r\n<ctv-offers data-display-mode=\"carousel\" ><\/ctv-offers>\r\n<ctv-availability data-background-color='#FFFFFFFF' ><\/ctv-availability><\/div><\/div><\/section>\n\n<section id=\"section-groupe\"\" class=\"section first-home bg-white p-t-0 p-b-0\" \/><div class=\"container extralarge\"><div class=\"colonnes-wrap valign-middle \"><div class=\"element colonne w-60 p-5\"><h2 class=\"element section-title center font-2\">Abreise und Ankunft am Mittwoch und Samstag im Juli und August <\/h2><div class=\"element bloc-text justify \">\n\t<p>Um Staus an verkehrsreichen Tagen zu vermeiden, f\u00fchren wir im Juli und August die Ank\u00fcnfte und Abfahrten samstags und mittwochs durch. Ank\u00fcnfte sind ab 15 Uhr und Abfahrten bis 10 Uhr.<\/p>\n<p>Im <strong class=\"bold color1\">Juli und August<\/strong> vermieten wir <a href=\"\/de\/miet-mobil-home-sarlat\/\">unsere Mobilheime<\/a> in Sarlat zum besten Preis f\u00fcr mindestens <strong class=\"bold color1\">eine Woche<\/strong>. Keine Panik, wenn Sie fr\u00fcher ankommen, k\u00f6nnen Sie <strong class=\"bold color1\">im Restaurant<\/strong> des Campingplatzes essen gehen oder <strong class=\"bold color1\">den Pool<\/strong> genie\u00dfen, w\u00e4hrend Sie darauf warten, dass Ihr Mobilheim fertig ist. <\/p>\n<\/div><\/div><div class=\"element colonne w-40\"><div class=\"element images scroll-x-mobile\"><div class=\"image\"><img decoding=\"async\" src=\"https:\/\/campingleperpetuum.com\/wp-content\/uploads\/2021\/03\/mobil-home-dordogne-1-92x100.jpg\" data-src=\"https:\/\/campingleperpetuum.com\/wp-content\/uploads\/2021\/03\/mobil-home-dordogne-1.jpg\" alt=\"mobil home sarlat\" class=\"images_image\" \/><\/div><\/div><\/div><\/div><\/div><\/section>\n\n<section id=\"section-60520720da3eb\"\" class=\"section bg-white p-t-0 p-b-0\" \/><div class=\"container full\"><div class=\"element images scroll-x-mobile\"><div class=\"image\"><img decoding=\"async\" src=\"https:\/\/campingleperpetuum.com\/wp-content\/uploads\/2021\/03\/mobil-home-transats-100x100.jpg\" data-src=\"https:\/\/campingleperpetuum.com\/wp-content\/uploads\/2021\/03\/mobil-home-transats.jpg\" alt=\"mobil home transats\" class=\"images_image\" \/><\/div><div class=\"image\"><img decoding=\"async\" src=\"https:\/\/campingleperpetuum.com\/wp-content\/uploads\/2021\/03\/cuisine-mobil-home-100x100.jpg\" data-src=\"https:\/\/campingleperpetuum.com\/wp-content\/uploads\/2021\/03\/cuisine-mobil-home.jpg\" alt=\"cuisine mobil home\" class=\"images_image\" \/><\/div><div class=\"image\"><img decoding=\"async\" src=\"https:\/\/campingleperpetuum.com\/wp-content\/uploads\/2021\/03\/emplacement-sanitaires-100x100.jpg\" data-src=\"https:\/\/campingleperpetuum.com\/wp-content\/uploads\/2021\/03\/emplacement-sanitaires.jpg\" alt=\"emplacement sanitaires\" class=\"images_image\" \/><\/div><div class=\"image\"><img decoding=\"async\" src=\"https:\/\/campingleperpetuum.com\/wp-content\/uploads\/2021\/03\/salon-mobil-home-100x100.jpg\" data-src=\"https:\/\/campingleperpetuum.com\/wp-content\/uploads\/2021\/03\/salon-mobil-home.jpg\" alt=\"salon mobil home\" class=\"images_image\" \/><\/div><\/div><\/div><\/section>\n\n<section id=\"section-60520720da5f0\"\" class=\"section fifth-home bg-color1 p-t-0 p-b-0\" \/><div class=\"container full\"><div class=\"colonnes-wrap valign-middle \"><div class=\"element colonne \"><h2 class=\"element section-title center\">Wochenend- und Kurzaufenthalt in der Nebensaison<\/h2><div class=\"element bloc-text center \">\n\t<p>M\u00f6chten Sie in der Nebensaison f\u00fcr einen Kurzaufenthalt oder ein verl\u00e4ngertes Wochenende zum <a href=\"\/de\/\">Camping Domme<\/a> kommen? Profitieren Sie von unseren <strong class=\"bold color5\">Bestpreisen<\/strong>&#8222;F\u00fcr Ihre Kurzurlaube&#8220;, die 4 Personen und ein Fahrzeug im Zeitraum 12\/05 bis 7\/07 und vom 28\/08 bis 10\/10 beinhalten. Diese Tarife sind auf alle unsere Vermietungen je nach Verf\u00fcgbarkeit verf\u00fcgbar.<\/p>\n<p>Um Ihr Budget zu planen, fordern Sie einen digitalen Kostenvoranschlag an, mit dem Sie sich f\u00fcr Ihren <strong class=\"bold color5\">zuk\u00fcnftigen Urlaub<\/strong> positionieren k\u00f6nnen. Es ist sehr einfach, stellen Sie einfach Ihre Anfrage per Telefon (05.53.28.35.18) oder per E-Mail. Wir werden Sie gerne so gut wie m\u00f6glich informieren. <\/p>\n<p>Unser <strong class=\"bold color5\">Vermietungsangebot<\/strong>, von <a href=\"\/de\/miet-graeben-sanitaer-sarlat\/\">Plaetzen mit Sanitaeranlage<\/a> oder ohne, wird Ihnen eine breite Palette von Loesungen zum <strong class=\"bold color5\">kleinen Preis<\/strong> anbieten koennen, die Ihren Beduerfnissen am besten entsprechen. Lassen Sie sich von uns Schritt f\u00fcr Schritt durch die Online-Buchung f\u00fchren oder, wenn Sie es w\u00fcnschen, senden wir Ihnen den Vertrag per Post zu. Wir passen uns an alle unsere zuk\u00fcnftigen Perpetuumiers an und bieten einen <strong class=\"bold color5\">g\u00fcnstigen Aufenthalt in der Dordogne<\/strong>. Unser Kerngesch\u00e4ft ist die Gastfreundschaft, wir sind <strong class=\"bold color5\">Sch\u00f6pfer von Erinnerungen<\/strong>. <\/p>\n<p>Auf dem Campingplatz Le Perpetuum akzeptieren wir die Zahlung per Scheck, Bargeld, Urlaubsscheck, Bank\u00fcberweisung und Kreditkarte (Vorsicht in der Nebensaison ist es nicht immer vor Ort verf\u00fcgbar).<\/p>\n<\/div><\/div><div class=\"element colonne p-0\"><div class=\"element images scroll-x-mobile\"><div class=\"image\"><img decoding=\"async\" src=\"https:\/\/campingleperpetuum.com\/wp-content\/uploads\/2021\/03\/terrasse-mobil-home-1-100x34.jpg\" data-src=\"https:\/\/campingleperpetuum.com\/wp-content\/uploads\/2021\/03\/terrasse-mobil-home-1.jpg\" alt=\"terrasse mobil home\" class=\"images_image\" \/><\/div><\/div><div class=\"element images scroll-x-mobile\"><div class=\"image\"><img decoding=\"async\" src=\"https:\/\/campingleperpetuum.com\/wp-content\/uploads\/2021\/03\/terrasse-famille-100x34.jpg\" data-src=\"https:\/\/campingleperpetuum.com\/wp-content\/uploads\/2021\/03\/terrasse-famille.jpg\" alt=\"terrasse famille\" class=\"images_image\" \/><\/div><\/div><\/div><\/div><\/div><\/section>\n\n<section id=\"section-last\"\" class=\"section first-home bg-white p-t-0 p-b-0\" \/><div class=\"container extralarge\"><div class=\"colonnes-wrap valign-middle \"><div class=\"element colonne w-40\"><div class=\"element images scroll-x-mobile\"><div class=\"image\"><img decoding=\"async\" src=\"https:\/\/campingleperpetuum.com\/wp-content\/uploads\/2021\/03\/table-camping-car-92x100.jpg\" data-src=\"https:\/\/campingleperpetuum.com\/wp-content\/uploads\/2021\/03\/table-camping-car.jpg\" alt=\"table camping car\" class=\"images_image\" \/><\/div><\/div><\/div><div class=\"element colonne w-60 p-5\"><h2 class=\"element section-title center font-2\">Bleibt in einer Tonh\u00f6he<\/h2><div class=\"element bloc-text justify \">\n\t<p>Wenn es ein <a href=\"\/de\/miet-graeben-sarlat\/\">Stellplatz<\/a> ist, der Sie verlockt, k\u00f6nnen Sie jeden Tag ab 14 Uhr anreisen und Sie haben bis Mittag am Abreisetag Zeit, um abzureisen und <strong class=\"bold color1\">neues Land<\/strong> zu entdecken. <\/p>\n<p>Unsere <strong class=\"bold color1\">g\u00fcnstigen Stellplatzpakete<\/strong> beinhalten ein Auto mit Zelt oder Camper oder Wohnmobil und 1 Person f\u00fcr das <strong class=\"bold color1\">Solopaket<\/strong>. Wenn Sie 2 Personen sind, ist das Freiheitspaket genau das Richtige f\u00fcr Sie, und wenn Sie der Strom lockt, k\u00f6nnen Sie ein <strong class=\"bold color1\">Komfortpaket<\/strong> nehmen.  Sie k\u00f6nnen zu Ihrem urspr\u00fcnglichen Paket viele <strong class=\"bold color1\">Optionen<\/strong> hinzuf\u00fcgen, je nach Ihren W\u00fcnschen und Ihrem Budget, wie z.B. zus\u00e4tzliche Personen (innerhalb der Grenze von 6 Personen), einen K\u00fchlschrank oder andere Zelte.  <\/p>\n<p>Wenn Sie eine <strong class=\"bold color1\">Gruppe von Freunden<\/strong> von <strong class=\"bold color1\">mehr als 6 Personen<\/strong> sind, k\u00f6nnen Sie einen <strong class=\"bold color1\">zweiten Stellplatz<\/strong> auf dem g\u00fcnstigen Campingplatz mieten und uns wissen lassen, dass Sie zusammen sind, damit wir Ihnen <strong class=\"bold color1\">2 Stellpl\u00e4tze nebeneinander<\/strong> finden k\u00f6nnen. <\/p>\n<\/div><\/div><\/div><\/div><\/section>\n\n<section id=\"section-60520720da7ba\"\" class=\"section bg-white\" \/><div class=\"container extralarge\"><div class=\"element section-title center titre-cta\">Unsere Unterk\u00fcnfte und Stellpl\u00e4tze<\/div><ul class=\"liste-de-page scroll-x-mobile\"><li class=\"element call-to-action call-to-action--have-sous-titre call-to-action--style-1 call-to-action--normal\"><a href=\"https:\/\/campingleperpetuum.com\/de\/miet-mobil-home-sarlat\/\"  class=\"call-to-action_link\" title=\"Lesen Sie mehr \u00fcber unsere vermietungen\"><div class=\"call-to-action_image\"><img decoding=\"async\" src=\"https:\/\/campingleperpetuum.com\/wp-content\/uploads\/2021\/03\/mobil-home-dordogne-100x100.jpg\" data-src=\"https:\/\/campingleperpetuum.com\/wp-content\/uploads\/2021\/03\/mobil-home-dordogne.jpg\" alt=\"mobil home dordogne\" class=\"normal\" \/><\/div><div class=\"call-to-action_contenu\"><div class=\"call-to-action_titre\">Unsere Vermietungen<\/div><div class=\"call-to-action_sous-titre\">Entdecken Sie<\/div><\/div><\/a><\/li><li class=\"element call-to-action call-to-action--have-sous-titre call-to-action--style-1 call-to-action--normal\"><a href=\"https:\/\/campingleperpetuum.com\/de\/miet-graeben-sarlat\/\"  class=\"call-to-action_link\" title=\"Lesen Sie mehr \u00fcber unsere stellpl\u00e4tze\"><div class=\"call-to-action_image\"><img decoding=\"async\" src=\"https:\/\/campingleperpetuum.com\/wp-content\/uploads\/2021\/03\/tente-dordogne-100x100.jpg\" data-src=\"https:\/\/campingleperpetuum.com\/wp-content\/uploads\/2021\/03\/tente-dordogne.jpg\" alt=\"tente dordogne\" class=\"normal\" \/><\/div><div class=\"call-to-action_contenu\"><div class=\"call-to-action_titre\">Unsere Stellpl\u00e4tze<\/div><div class=\"call-to-action_sous-titre\">Entdecken Sie<\/div><\/div><\/a><\/li><li class=\"element call-to-action call-to-action--have-sous-titre call-to-action--style-1 call-to-action--normal\"><a href=\"https:\/\/campingleperpetuum.com\/de\/miet-graeben-sanitaer-sarlat\/\"  class=\"call-to-action_link\" title=\"Lesen Sie mehr \u00fcber unsere stellpl\u00e4tze mit sanit\u00e4ranlagen\"><div class=\"call-to-action_image\"><img decoding=\"async\" src=\"https:\/\/campingleperpetuum.com\/wp-content\/uploads\/2021\/03\/emplacement-sanitaire-77x100.jpg\" data-src=\"https:\/\/campingleperpetuum.com\/wp-content\/uploads\/2021\/03\/emplacement-sanitaire.jpg\" alt=\"emplacement sanitaire sarlat\" class=\"normal\" \/><\/div><div class=\"call-to-action_contenu\"><div class=\"call-to-action_titre\">Unsere Stellpl\u00e4tze mit Sanit\u00e4ranlagen<\/div><div class=\"call-to-action_sous-titre\">Entdecken Sie<\/div><\/div><\/a><\/li><\/ul><\/div><\/section>","protected":false},"excerpt":{"rendered":"","protected":false},"author":1,"featured_media":796,"parent":0,"menu_order":0,"comment_status":"closed","ping_status":"closed","template":"","meta":{"_acf_changed":false,"footnotes":""},"class_list":["post-2529","page","type-page","status-publish","has-post-thumbnail","hentry"],"acf":[],"yoast_head":"<!-- This site is optimized with the Yoast SEO plugin v25.3 - https:\/\/yoast.com\/wordpress\/plugins\/seo\/ -->\n<title>G\u00fcnstiger Camping in Sarlat | Camping zu den besten Preisen in Domme<\/title>\n<meta name=\"robots\" content=\"index, follow, max-snippet:-1, max-image-preview:large, max-video-preview:-1\" \/>\n<link rel=\"canonical\" href=\"https:\/\/campingleperpetuum.com\/de\/billig-campingplatz-sarlat\/\" \/>\n<meta property=\"og:locale\" content=\"de_DE\" \/>\n<meta property=\"og:type\" content=\"article\" \/>\n<meta property=\"og:title\" content=\"G\u00fcnstiger Camping in Sarlat | Camping zu den besten Preisen in Domme\" \/>\n<meta property=\"og:url\" content=\"https:\/\/campingleperpetuum.com\/de\/billig-campingplatz-sarlat\/\" \/>\n<meta property=\"og:site_name\" content=\"Camping le Perpetuum\" \/>\n<meta property=\"article:modified_time\" content=\"2023-06-28T11:17:56+00:00\" \/>\n<meta property=\"og:image\" content=\"https:\/\/campingleperpetuum.com\/wp-content\/uploads\/2021\/03\/location-emplacement-1.jpg\" \/>\n\t<meta property=\"og:image:width\" content=\"1901\" \/>\n\t<meta property=\"og:image:height\" content=\"450\" \/>\n\t<meta property=\"og:image:type\" content=\"image\/jpeg\" \/>\n<meta name=\"twitter:card\" content=\"summary_large_image\" \/>\n<script type=\"application\/ld+json\" class=\"yoast-schema-graph\">{\"@context\":\"https:\/\/schema.org\",\"@graph\":[{\"@type\":\"WebPage\",\"@id\":\"https:\/\/campingleperpetuum.com\/de\/billig-campingplatz-sarlat\/\",\"url\":\"https:\/\/campingleperpetuum.com\/de\/billig-campingplatz-sarlat\/\",\"name\":\"G\u00fcnstiger Camping in Sarlat | Camping zu den besten Preisen in Domme\",\"isPartOf\":{\"@id\":\"https:\/\/campingleperpetuum.com\/de\/#website\"},\"primaryImageOfPage\":{\"@id\":\"https:\/\/campingleperpetuum.com\/de\/billig-campingplatz-sarlat\/#primaryimage\"},\"image\":{\"@id\":\"https:\/\/campingleperpetuum.com\/de\/billig-campingplatz-sarlat\/#primaryimage\"},\"thumbnailUrl\":\"https:\/\/campingleperpetuum.com\/wp-content\/uploads\/2021\/03\/location-emplacement-1.jpg\",\"datePublished\":\"2021-03-17T15:17:50+00:00\",\"dateModified\":\"2023-06-28T11:17:56+00:00\",\"breadcrumb\":{\"@id\":\"https:\/\/campingleperpetuum.com\/de\/billig-campingplatz-sarlat\/#breadcrumb\"},\"inLanguage\":\"de\",\"potentialAction\":[{\"@type\":\"ReadAction\",\"target\":[\"https:\/\/campingleperpetuum.com\/de\/billig-campingplatz-sarlat\/\"]}]},{\"@type\":\"ImageObject\",\"inLanguage\":\"de\",\"@id\":\"https:\/\/campingleperpetuum.com\/de\/billig-campingplatz-sarlat\/#primaryimage\",\"url\":\"https:\/\/campingleperpetuum.com\/wp-content\/uploads\/2021\/03\/location-emplacement-1.jpg\",\"contentUrl\":\"https:\/\/campingleperpetuum.com\/wp-content\/uploads\/2021\/03\/location-emplacement-1.jpg\",\"width\":1901,\"height\":450,\"caption\":\"Elise FOURNIER photographe - PERPETUM - 2017\"},{\"@type\":\"BreadcrumbList\",\"@id\":\"https:\/\/campingleperpetuum.com\/de\/billig-campingplatz-sarlat\/#breadcrumb\",\"itemListElement\":[{\"@type\":\"ListItem\",\"position\":1,\"name\":\"Camping Sarlat\",\"item\":\"https:\/\/campingleperpetuum.com\/de\/\"},{\"@type\":\"ListItem\",\"position\":2,\"name\":\"Billig Camping Domme\"}]},{\"@type\":\"WebSite\",\"@id\":\"https:\/\/campingleperpetuum.com\/de\/#website\",\"url\":\"https:\/\/campingleperpetuum.com\/de\/\",\"name\":\"Camping le Perpetuum\",\"description\":\"\",\"publisher\":{\"@id\":\"https:\/\/campingleperpetuum.com\/de\/#organization\"},\"inLanguage\":\"de\"},{\"@type\":\"Organization\",\"@id\":\"https:\/\/campingleperpetuum.com\/de\/#organization\",\"name\":\"Camping Perpetuum\",\"url\":\"https:\/\/campingleperpetuum.com\/de\/\",\"logo\":{\"@type\":\"ImageObject\",\"inLanguage\":\"de\",\"@id\":\"https:\/\/campingleperpetuum.com\/de\/#\/schema\/logo\/image\/\",\"url\":\"https:\/\/campingleperpetuum.com\/wp-content\/uploads\/2021\/03\/camping-perpetuum-1.png\",\"contentUrl\":\"https:\/\/campingleperpetuum.com\/wp-content\/uploads\/2021\/03\/camping-perpetuum-1.png\",\"width\":200,\"height\":200,\"caption\":\"Camping Perpetuum\"},\"image\":{\"@id\":\"https:\/\/campingleperpetuum.com\/de\/#\/schema\/logo\/image\/\"}}]}<\/script>\n<!-- \/ Yoast SEO plugin. -->","yoast_head_json":{"title":"G\u00fcnstiger Camping in Sarlat | Camping zu den besten Preisen in Domme","robots":{"index":"index","follow":"follow","max-snippet":"max-snippet:-1","max-image-preview":"max-image-preview:large","max-video-preview":"max-video-preview:-1"},"canonical":"https:\/\/campingleperpetuum.com\/de\/billig-campingplatz-sarlat\/","og_locale":"de_DE","og_type":"article","og_title":"G\u00fcnstiger Camping in Sarlat | Camping zu den besten Preisen in Domme","og_url":"https:\/\/campingleperpetuum.com\/de\/billig-campingplatz-sarlat\/","og_site_name":"Camping le Perpetuum","article_modified_time":"2023-06-28T11:17:56+00:00","og_image":[{"width":1901,"height":450,"url":"https:\/\/campingleperpetuum.com\/wp-content\/uploads\/2021\/03\/location-emplacement-1.jpg","type":"image\/jpeg"}],"twitter_card":"summary_large_image","schema":{"@context":"https:\/\/schema.org","@graph":[{"@type":"WebPage","@id":"https:\/\/campingleperpetuum.com\/de\/billig-campingplatz-sarlat\/","url":"https:\/\/campingleperpetuum.com\/de\/billig-campingplatz-sarlat\/","name":"G\u00fcnstiger Camping in Sarlat | Camping zu den besten Preisen in Domme","isPartOf":{"@id":"https:\/\/campingleperpetuum.com\/de\/#website"},"primaryImageOfPage":{"@id":"https:\/\/campingleperpetuum.com\/de\/billig-campingplatz-sarlat\/#primaryimage"},"image":{"@id":"https:\/\/campingleperpetuum.com\/de\/billig-campingplatz-sarlat\/#primaryimage"},"thumbnailUrl":"https:\/\/campingleperpetuum.com\/wp-content\/uploads\/2021\/03\/location-emplacement-1.jpg","datePublished":"2021-03-17T15:17:50+00:00","dateModified":"2023-06-28T11:17:56+00:00","breadcrumb":{"@id":"https:\/\/campingleperpetuum.com\/de\/billig-campingplatz-sarlat\/#breadcrumb"},"inLanguage":"de","potentialAction":[{"@type":"ReadAction","target":["https:\/\/campingleperpetuum.com\/de\/billig-campingplatz-sarlat\/"]}]},{"@type":"ImageObject","inLanguage":"de","@id":"https:\/\/campingleperpetuum.com\/de\/billig-campingplatz-sarlat\/#primaryimage","url":"https:\/\/campingleperpetuum.com\/wp-content\/uploads\/2021\/03\/location-emplacement-1.jpg","contentUrl":"https:\/\/campingleperpetuum.com\/wp-content\/uploads\/2021\/03\/location-emplacement-1.jpg","width":1901,"height":450,"caption":"Elise FOURNIER photographe - PERPETUM - 2017"},{"@type":"BreadcrumbList","@id":"https:\/\/campingleperpetuum.com\/de\/billig-campingplatz-sarlat\/#breadcrumb","itemListElement":[{"@type":"ListItem","position":1,"name":"Camping Sarlat","item":"https:\/\/campingleperpetuum.com\/de\/"},{"@type":"ListItem","position":2,"name":"Billig Camping Domme"}]},{"@type":"WebSite","@id":"https:\/\/campingleperpetuum.com\/de\/#website","url":"https:\/\/campingleperpetuum.com\/de\/","name":"Camping le Perpetuum","description":"","publisher":{"@id":"https:\/\/campingleperpetuum.com\/de\/#organization"},"inLanguage":"de"},{"@type":"Organization","@id":"https:\/\/campingleperpetuum.com\/de\/#organization","name":"Camping Perpetuum","url":"https:\/\/campingleperpetuum.com\/de\/","logo":{"@type":"ImageObject","inLanguage":"de","@id":"https:\/\/campingleperpetuum.com\/de\/#\/schema\/logo\/image\/","url":"https:\/\/campingleperpetuum.com\/wp-content\/uploads\/2021\/03\/camping-perpetuum-1.png","contentUrl":"https:\/\/campingleperpetuum.com\/wp-content\/uploads\/2021\/03\/camping-perpetuum-1.png","width":200,"height":200,"caption":"Camping Perpetuum"},"image":{"@id":"https:\/\/campingleperpetuum.com\/de\/#\/schema\/logo\/image\/"}}]}},"_links":{"self":[{"href":"https:\/\/campingleperpetuum.com\/de\/wp-json\/wp\/v2\/pages\/2529","targetHints":{"allow":["GET"]}}],"collection":[{"href":"https:\/\/campingleperpetuum.com\/de\/wp-json\/wp\/v2\/pages"}],"about":[{"href":"https:\/\/campingleperpetuum.com\/de\/wp-json\/wp\/v2\/types\/page"}],"author":[{"embeddable":true,"href":"https:\/\/campingleperpetuum.com\/de\/wp-json\/wp\/v2\/users\/1"}],"replies":[{"embeddable":true,"href":"https:\/\/campingleperpetuum.com\/de\/wp-json\/wp\/v2\/comments?post=2529"}],"version-history":[{"count":10,"href":"https:\/\/campingleperpetuum.com\/de\/wp-json\/wp\/v2\/pages\/2529\/revisions"}],"predecessor-version":[{"id":4271,"href":"https:\/\/campingleperpetuum.com\/de\/wp-json\/wp\/v2\/pages\/2529\/revisions\/4271"}],"wp:featuredmedia":[{"embeddable":true,"href":"https:\/\/campingleperpetuum.com\/de\/wp-json\/wp\/v2\/media\/796"}],"wp:attachment":[{"href":"https:\/\/campingleperpetuum.com\/de\/wp-json\/wp\/v2\/media?parent=2529"}],"curies":[{"name":"wp","href":"https:\/\/api.w.org\/{rel}","templated":true}]}}