{"id":2581,"date":"2021-03-16T11:43:30","date_gmt":"2021-03-16T10:43:30","guid":{"rendered":"https:\/\/campingleperpetuum.com\/accueil\/"},"modified":"2023-01-05T11:51:57","modified_gmt":"2023-01-05T10:51:57","slug":"home","status":"publish","type":"page","link":"https:\/\/campingleperpetuum.com\/de\/","title":{"rendered":"Accueil"},"content":{"rendered":"<section id=\"section-6050cade59245\"\" class=\"section first-home bg-white p-t-0 p-b-0\" \/><div class=\"container extralarge\"><div class=\"colonnes-wrap valign-middle \"><div class=\"element colonne w-60 p-5\"><h1 class=\"element section-title center font-1\">Campingplatz in Sarlat<\/h1><div class=\"element section-title center font-2\">Willkommen auf Camping Perpetuum<\/div><div class=\"element bloc-text center \">\n\t<p>Seit 22 Saisons am Ruder, <strong class=\"bold color1\">Fabienne und David<\/strong> begr\u00fc\u00dfen Sie in ihrem Haus, damit Sie <strong class=\"bold color1\">ihr sch\u00f6nes Land<\/strong> entdecken: das P\u00e9rigord.<\/p>\n<p>Was f\u00fcr Ver\u00e4nderungen und Investitionen, seit dieser alte Bauernhof in den 70er Jahren als Campingplatz eingerichtet wurde! Heute k\u00f6nnen Sie auf vier Hektar <strong class=\"bold color1\">Gras und gut bewachsenem<\/strong> Land ein <strong class=\"bold color1\">beheiztes Schwimmbad<\/strong>, eine Bar-Snack-Bar, eine 7 Tage in der Woche ge\u00f6ffnete Rezeption und im Sommer Animationen w\u00e4hrend der ganzen Woche genie\u00dfen.<\/p>\n<p>Urspr\u00fcnglich war das Perpetuum ein Bauernhof, dessen Besitzer, ein reicher Aristokrat aus Domme, sich bei den Spielen verschuldet hatte. Nachdem der Aristokrat zur Begleichung seiner Schulden die Kasse der Gemeinde Domme in Anspruch genommen hatte, wurde sein Hof dazu verdammt, &#8222;Ad Perpetuum&#8220; f\u00fcr die Gemeinde zu produzieren.<\/p>\n<p>Heute ist nur noch der Name geblieben.<\/p>\n<p>Wir zahlen unsere Einnahmen nicht an die Gemeinde, aber wir arbeiten immer hart, um Ihnen das <strong class=\"bold color1\">Beste unserer Dienstleistungen<\/strong> zu bieten, und das immer in einer warmen und famili\u00e4ren Atmosph\u00e4re. <\/p>\n<\/div><\/div><div class=\"element colonne w-40 bg-color1\"><div class=\"element images scroll-x-mobile\"><div class=\"image\"><img decoding=\"async\" src=\"https:\/\/campingleperpetuum.com\/wp-content\/uploads\/2021\/03\/camping-perpetuum-100x100.png\" data-src=\"https:\/\/campingleperpetuum.com\/wp-content\/uploads\/2021\/03\/camping-perpetuum.png\" alt=\"camping perpetuum\" class=\"images_image\" \/><\/div><\/div><\/div><\/div><\/div><\/section>\n\n<section id=\"section-6050cade5949b\"\" class=\"section icones-home bg-black section--has-bg-img\" \/><img decoding=\"async\" src=\"https:\/\/campingleperpetuum.com\/wp-content\/uploads\/2021\/03\/camping-dordogne-100x31.jpg\" data-src=\"https:\/\/campingleperpetuum.com\/wp-content\/uploads\/2021\/03\/camping-dordogne.jpg\" alt=\"camping dordogne\" class=\"section_bg-img\" data-opacite=\"0.4\"\/><div class=\"container extralarge\"><div class=\"colonnes-wrap valign-top \"><div class=\"element colonne \"><div class=\"element bloc-text center perpe-riviere\">\n\t<p><span>Flussufer<\/span> camping<\/p>\n<\/div><\/div><div class=\"element colonne \"><div class=\"element bloc-text center perpe-panneau\">\n\t<p><span>N\u00e4he zu<\/span> Sehensw\u00fcrdigkeiten<\/p>\n<\/div><\/div><div class=\"element colonne \"><div class=\"element bloc-text center perpe-famille\">\n\t<p><span>Camping <\/span>Beruhigung &#038; Familie<\/p>\n<\/div><\/div><div class=\"element colonne \"><div class=\"element bloc-text center perpe-canoe\">\n\t<p><span>Vielf\u00e4ltige<\/span> Animationen<\/p>\n<\/div><\/div><\/div><\/div><\/section>\n\n<section id=\"section-6050cade5961b\"\" class=\"section second-home bg-color3 p-b-0\" \/><div class=\"container extralarge\"><h2 class=\"element section-title center\">Entdecken Sie die Dienstleistungen des Campingplatzes in Sarlat<\/h2><div class=\"element bloc-text center \">\n\t<p>Die Bar und Snackbar auf dem Campingplatz helfen Ihnen bei der Organisation Ihres Urlaubs. F\u00fcr einen guten Start in den Tag haben wir einen Brot- und B\u00e4ckereiladen. Unser B\u00e4cker, ein echter Kunsthandwerker, liefert jeden Morgen frisches Brot.  Der gute Duft von Croissants und Baguettes parf\u00fcmiert den Laden und wird Ihre Geschmacksnerven erfreuen. <\/p>\n<p><strong class=\"bold color1\">Ein Urlaub im Perpetuum ist eine Garantie f\u00fcr einen gelungenen Urlaub!<\/strong>.<\/p>\n<p>Vor Ort werden Sie unsere <strong class=\"bold color1\">sch\u00f6nen Swimmingpools, von denen einer ab Mai beheizt ist<\/strong> und unsere zahlreichen Aktivit\u00e4ten sch\u00e4tzen: Kinderspiele, Petanque-Platz, Multisportplatz, direkter Zugang zum Fluss und auch ein Sandstrand am Rande der Dordogne 300 Meter vom Campingplatz entfernt. Um Sport zu treiben oder sich zu entspannen, werden Sie die <strong class=\"bold color1\">gute Laune unseres Teams<\/strong>, die Einrichtungen und die Umgebung inmitten der Natur genie\u00dfen, die Sie zum Auftanken einl\u00e4dt. Ein sch\u00f6nes Programm, um <strong class=\"bold color1\">den Urlaub zu genie\u00dfen<\/strong>&#8230;.<\/p>\n<p>Viele Animationen f\u00fcr die ganze Familie werden im Juli und August angeboten. Das Programm wird jeden Sonntagabend bei unserem Begr\u00fc\u00dfungsdrink pr\u00e4sentiert. Jeder genie\u00dft seine <strong class=\"bold color1\">Freizeit in seinem eigenen Tempo<\/strong>. <\/p>\n<\/div><\/div><\/section>\n\n<section id=\"section-6050cade599c0\"\" class=\"section bg-color3 p-t-0\" \/><div class=\"container full\"><div class=\"colonnes-wrap valign-top \"><div class=\"element colonne \"><div class=\"element call-to-action call-to-action--have-sous-titre call-to-action--style-1 call-to-action--big\"><a href=\"https:\/\/campingleperpetuum.com\/de\/campingplatz-familie-sarlat\/#section-Dienste\"  class=\"call-to-action_link\" title=\"Lesen Sie mehr \u00fcber die dienste\"><div class=\"call-to-action_image\"><img decoding=\"async\" src=\"https:\/\/campingleperpetuum.com\/wp-content\/uploads\/2021\/03\/services-camping-perpetuum-100x100.jpg\" data-src=\"https:\/\/campingleperpetuum.com\/wp-content\/uploads\/2021\/03\/services-camping-perpetuum.jpg\" alt=\"camping 4 \u00e9toiles Sarlat\" class=\"big\" \/><\/div><div class=\"call-to-action_contenu\"><div class=\"call-to-action_titre\">Die Dienste<\/div><div class=\"call-to-action_sous-titre\">Erfahren Sie mehr \u00fcber<\/div><\/div><\/a><\/div><\/div><div class=\"element colonne \"><div class=\"element call-to-action call-to-action--have-sous-titre call-to-action--style-1 call-to-action--big\"><a href=\"https:\/\/campingleperpetuum.com\/de\/campingplatz-familie-sarlat\/#section-animationen\"  class=\"call-to-action_link\" title=\"Lesen Sie mehr \u00fcber die animationen\"><div class=\"call-to-action_image\"><img decoding=\"async\" src=\"https:\/\/campingleperpetuum.com\/wp-content\/uploads\/2021\/03\/animations-camping-perpetuum-100x100.jpg\" data-src=\"https:\/\/campingleperpetuum.com\/wp-content\/uploads\/2021\/03\/animations-camping-perpetuum.jpg\" alt=\"animations camping sarlat\" class=\"big\" \/><\/div><div class=\"call-to-action_contenu\"><div class=\"call-to-action_titre\">Die Animationen<\/div><div class=\"call-to-action_sous-titre\">Entdecken Sie<\/div><\/div><\/a><\/div><\/div><div class=\"element colonne \"><div class=\"element call-to-action call-to-action--have-sous-titre call-to-action--style-1 call-to-action--big\"><a href=\"https:\/\/campingleperpetuum.com\/de\/campingplatz-familie-sarlat\/#section-aktivitten\"  class=\"call-to-action_link\" title=\"Lesen Sie mehr \u00fcber activities\"><div class=\"call-to-action_image\"><img decoding=\"async\" src=\"https:\/\/campingleperpetuum.com\/wp-content\/uploads\/2021\/03\/activites-camping-perpetuum-100x100.jpg\" data-src=\"https:\/\/campingleperpetuum.com\/wp-content\/uploads\/2021\/03\/activites-camping-perpetuum.jpg\" alt=\"activites camping sarlat\" class=\"big\" \/><\/div><div class=\"call-to-action_contenu\"><div class=\"call-to-action_titre\">Activities<\/div><div class=\"call-to-action_sous-titre\">Take advantage of<\/div><\/div><\/a><\/div><\/div><div class=\"element colonne \"><div class=\"element call-to-action call-to-action--have-sous-titre call-to-action--style-1 call-to-action--big\"><a href=\"https:\/\/campingleperpetuum.com\/de\/campingplatz-familie-sarlat\/#section-imbiss\"  class=\"call-to-action_link\" title=\"Lesen Sie mehr \u00fcber snack restaurant\"><div class=\"call-to-action_image\"><img decoding=\"async\" src=\"https:\/\/campingleperpetuum.com\/wp-content\/uploads\/2021\/03\/snack-perpetuum-100x100.jpg\" data-src=\"https:\/\/campingleperpetuum.com\/wp-content\/uploads\/2021\/03\/snack-perpetuum.jpg\" alt=\"snack sarlat\" class=\"big\" \/><\/div><div class=\"call-to-action_contenu\"><div class=\"call-to-action_titre\">Snack restaurant<\/div><div class=\"call-to-action_sous-titre\">Eating at<\/div><\/div><\/a><\/div><\/div><\/div><\/div><\/section>\n\n<section id=\"section-6050cade59bc5\"\" class=\"section fourth-home bg-white\" \/><div class=\"container full\"><h2 class=\"element section-title center\">Mobilheimvermietung in Sarlat<\/h2><div class=\"element bloc-text center \">\n\t<p>Sie suchen einen <strong class=\"bold color1\">Bungalow<\/strong>? Dann sind Sie bei uns genau richtig. Wir bieten eine gro\u00dfe Auswahl an <strong class=\"bold color1\">Bungalows<\/strong>, die Ihren W\u00fcnschen entsprechen.<\/p>\n<p>Sie haben die M\u00f6glichkeit, die Gr\u00f6\u00dfe Ihres Mietobjekts zu w\u00e4hlen (von 21m2 bis 33m2). Wir k\u00f6nnen maximal 6 Personen in den drei Schlafzimmern unterbringen. Mit Ihrer Familie oder Freunden k\u00f6nnen Sie um enge Stellpl\u00e4tze bitten (keine Sorge, Sie werden das Schnarchen Ihrer Nachbarn nicht h\u00f6ren). Jedes Mietobjekt ist mit einer halb \u00fcberdachten Terrasse ausgestattet, auf der Sie die l\u00e4ndliche Umgebung und den Gesang der V\u00f6gel voll genie\u00dfen k\u00f6nnen. <\/p>\n<p>In unseren Mobilheimen in Sarlat nehmen wir keine tierischen Freunde auf. So k\u00f6nnen auch Asthmatiker und Tierhaarallergiker ihre Anmietung in aller Ruhe genie\u00dfen.<\/p>\n<p>Die Terrasse erm\u00f6glicht es Ihnen, <strong class=\"bold color1\">gute Mahlzeiten im Freien<\/strong> zu genie\u00dfen.  <\/p>\n<p>Grillen ist erlaubt, wir bitten Sie nur, es neben der <strong class=\"bold color1\">Terrasse<\/strong> zu tun, um jeden Zwischenfall zu vermeiden. Es lebe das Grillen! <\/p>\n<\/div><ul class=\"liste-de-page scroll-x-mobile\"><li class=\"element call-to-action call-to-action--have-sous-titre call-to-action--style-1 call-to-action--big\"><a href=\"https:\/\/campingleperpetuum.com\/de\/miet-mobil-home-sarlat\/\"  class=\"call-to-action_link\" title=\"Lesen Sie mehr \u00fcber unsere vermietungen\"><div class=\"call-to-action_image\"><img decoding=\"async\" src=\"https:\/\/campingleperpetuum.com\/wp-content\/uploads\/2021\/03\/mobil-home-dordogne-100x100.jpg\" data-src=\"https:\/\/campingleperpetuum.com\/wp-content\/uploads\/2021\/03\/mobil-home-dordogne.jpg\" alt=\"mobil home dordogne\" class=\"big\" \/><\/div><div class=\"call-to-action_contenu\"><div class=\"call-to-action_titre\">Unsere Vermietungen<\/div><div class=\"call-to-action_sous-titre\">Entdecken Sie<\/div><\/div><\/a><\/li><li class=\"element call-to-action call-to-action--have-sous-titre call-to-action--style-1 call-to-action--big\"><a href=\"https:\/\/campingleperpetuum.com\/de\/miet-graeben-sarlat\/\"  class=\"call-to-action_link\" title=\"Lesen Sie mehr \u00fcber unsere stellpl\u00e4tze\"><div class=\"call-to-action_image\"><img decoding=\"async\" src=\"https:\/\/campingleperpetuum.com\/wp-content\/uploads\/2021\/03\/tente-dordogne-100x100.jpg\" data-src=\"https:\/\/campingleperpetuum.com\/wp-content\/uploads\/2021\/03\/tente-dordogne.jpg\" alt=\"tente dordogne\" class=\"big\" \/><\/div><div class=\"call-to-action_contenu\"><div class=\"call-to-action_titre\">Unsere Stellpl\u00e4tze<\/div><div class=\"call-to-action_sous-titre\">Entdecken Sie<\/div><\/div><\/a><\/li><li class=\"element call-to-action call-to-action--have-sous-titre call-to-action--style-1 call-to-action--big\"><a href=\"https:\/\/campingleperpetuum.com\/de\/miet-graeben-sanitaer-sarlat\/\"  class=\"call-to-action_link\" title=\"Lesen Sie mehr \u00fcber unsere stellpl\u00e4tze mit sanit\u00e4ranlagen\"><div class=\"call-to-action_image\"><img decoding=\"async\" src=\"https:\/\/campingleperpetuum.com\/wp-content\/uploads\/2021\/03\/emplacement-sanitaire-77x100.jpg\" data-src=\"https:\/\/campingleperpetuum.com\/wp-content\/uploads\/2021\/03\/emplacement-sanitaire.jpg\" alt=\"emplacement sanitaire sarlat\" class=\"big\" \/><\/div><div class=\"call-to-action_contenu\"><div class=\"call-to-action_titre\">Unsere Stellpl\u00e4tze mit Sanit\u00e4ranlagen<\/div><div class=\"call-to-action_sous-titre\">Entdecken Sie<\/div><\/div><\/a><\/li><\/ul><h2 class=\"element section-title center m-t-4\">Unsere Standorte und Preise in Sarlat<\/h2><div class=\"element bloc-text center \">\n\t<p>Auf Camping le Perpetuum k\u00f6nnen Sie viele Mietpl\u00e4tze f\u00fcr jeden Geschmack genie\u00dfen. In der Sonne, halbschattig, schattig, am Ufer der Dordogne, am Rande der Felder, neben dem Pool, in der Stille\u2026<\/p>\n<p>Unsere verschiedenen Pakete werden sich vollst\u00e4ndig an Ihren Urlaub anpassen.<\/p>\n<p>Unsere Campingpreise setzen sich aus verschiedenen Paketen zusammen, die an Ihre Erwartungen und Bed\u00fcrfnisse angepasst werden k\u00f6nnen. Auf einem Stellplatz begr\u00fc\u00dfen wir maximal sechs Personen. Sie w\u00e4hlen Ihr Paket nach Ihrem Budget und Ihren W\u00fcnschen.<\/p>\n<p>F\u00fcr g\u00fcnstige Mieten in Sarlat beinhalten unsere Preise vier Personen und das Mobilheim. Je nach Ihren W\u00fcnschen und dem Platzangebot in Ihrem Auto k\u00f6nnen Sie verschiedene Optionen wie die Miete von Bettw\u00e4sche und Handt\u00fcchern hinzuf\u00fcgen.<\/p>\n<\/div><\/div><\/section>\n\n<section id=\"section-6050cade59dec\"\" class=\"section fifth-home bg-color1 p-t-0 p-b-0\" \/><div class=\"container full\"><div class=\"colonnes-wrap valign-middle \"><div class=\"element colonne \"><h2 class=\"element section-title center\">Camping mit Schwimmbad in Sarlat<\/h2><div class=\"element bloc-text center \">\n\t<p>Der Wasserbereich des Campingplatzes Le Perpetuum in Domme besteht aus 2 Pools, von denen einer beheizt ist, und einem Planschbecken mit einem Pilz f\u00fcr die Kinder. Es ist der ideale Ort, um in Ihrem Urlaub in der Sonne zu baden.<\/p>\n<\/div><div class=\"element section-title center\">Camping am Fluss in Sarlat<\/div><div class=\"element bloc-text justify \">\n\t<p>Unser 8 km von Sarlat entfernter Campingplatz hat auch einen direkten Zugang zum Fluss, wo Sie schwimmen k\u00f6nnen. <\/p>\n<p>Sie finden auch <strong class=\"bold color5\">sch\u00f6ne Sandstr\u00e4nde in 500 m<\/strong> Fu\u00dfweg auf jeder Seite des Campingplatzes entlang des Flusses.<\/p>\n<\/div><\/div><div class=\"element colonne p-0\"><div class=\"element call-to-action call-to-action--have-sous-titre call-to-action--style-1 call-to-action--big\"><a href=\"https:\/\/campingleperpetuum.com\/de\/campingplatz-pool-sarlat\/\"  class=\"call-to-action_link\" title=\"Lesen Sie mehr \u00fcber unser pool\"><div class=\"call-to-action_image\"><img decoding=\"async\" src=\"https:\/\/campingleperpetuum.com\/wp-content\/uploads\/2021\/03\/camping-piscine-dordogne-100x100.jpg\" data-src=\"https:\/\/campingleperpetuum.com\/wp-content\/uploads\/2021\/03\/camping-piscine-dordogne.jpg\" alt=\"camping piscine dordogne\" class=\"big\" \/><\/div><div class=\"call-to-action_contenu\"><div class=\"call-to-action_titre\">Unser Pool<\/div><div class=\"call-to-action_sous-titre\">Entdecken Sie<\/div><\/div><\/a><\/div><div class=\"element call-to-action call-to-action--have-sous-titre call-to-action--style-1 call-to-action--big\"><a href=\"https:\/\/campingleperpetuum.com\/de\/campingplatz-rand-fluss-dordogne\/\"  class=\"call-to-action_link\" title=\"Lesen Sie mehr \u00fcber von fluss\"><div class=\"call-to-action_image\"><img decoding=\"async\" src=\"https:\/\/campingleperpetuum.com\/wp-content\/uploads\/2021\/03\/camping-riviere-dordogne-100x100.jpg\" data-src=\"https:\/\/campingleperpetuum.com\/wp-content\/uploads\/2021\/03\/camping-riviere-dordogne.jpg\" alt=\"camping riviere dordogne\" class=\"big\" \/><\/div><div class=\"call-to-action_contenu\"><div class=\"call-to-action_titre\">Von Fluss<\/div><div class=\"call-to-action_sous-titre\">Die Kante<\/div><\/div><\/a><\/div><\/div><\/div><\/div><\/section>\n\n<section id=\"section-6050cade5a04f\"\" class=\"section sixth-home bg-color3 p-b-0\" \/><div class=\"container full\"><div class=\"colonnes-wrap valign-top \"><div class=\"element colonne p-0\"><div class=\"element call-to-action call-to-action--have-sous-titre call-to-action--style-1 call-to-action--big\"><a href=\"https:\/\/campingleperpetuum.com\/de\/tourismus-sarlat\/\"  class=\"call-to-action_link\" title=\"Lesen Sie mehr \u00fcber von sarlat\"><div class=\"call-to-action_image\"><img decoding=\"async\" src=\"https:\/\/campingleperpetuum.com\/wp-content\/uploads\/2021\/03\/camping-sarlat-100x100.jpg\" data-src=\"https:\/\/campingleperpetuum.com\/wp-content\/uploads\/2021\/03\/camping-sarlat.jpg\" alt=\"camping tourisme sarlat\" class=\"big\" \/><\/div><div class=\"call-to-action_contenu\"><div class=\"call-to-action_titre\">Von Sarlat<\/div><div class=\"call-to-action_sous-titre\">Die Gassen<\/div><\/div><\/a><\/div><div class=\"element call-to-action call-to-action--have-sous-titre call-to-action--style-1 call-to-action--big\"><a href=\"https:\/\/campingleperpetuum.com\/de\/tourismus-domme\/\"  class=\"call-to-action_link\" title=\"Lesen Sie mehr \u00fcber von domme\"><div class=\"call-to-action_image\"><img decoding=\"async\" src=\"https:\/\/campingleperpetuum.com\/wp-content\/uploads\/2021\/03\/camping-domme-100x100.jpg\" data-src=\"https:\/\/campingleperpetuum.com\/wp-content\/uploads\/2021\/03\/camping-domme.jpg\" alt=\"camping tourisme domme\" class=\"big\" \/><\/div><div class=\"call-to-action_contenu\"><div class=\"call-to-action_titre\">Von Domme<\/div><div class=\"call-to-action_sous-titre\">Die Sch\u00f6nheit<\/div><\/div><\/a><\/div><\/div><div class=\"element colonne p-0\"><h2 class=\"element section-title justify p-x-2\">Entdecken Sie die Region um Sarlat<\/h2><div class=\"element section-title justify p-x-2\">Nicht zu verpassen!<\/div><div class=\"element bloc-text justify p-x-2 m-b-4\">\n\t<p>Das P\u00e9rigord ist eine wundersch\u00f6ne gr\u00fcne Region mit vielen Sehensw\u00fcrdigkeiten f\u00fcr jeden Geschmack. Sie k\u00f6nnen sowohl historische Touren unternehmen als auch durch die <strong class=\"bold color1\">sch\u00f6nsten D\u00f6rfer Frankreichs<\/strong> schlendern oder mit dem Kanu den Fluss hinunterfahren. Diese Ecke des Paradieses ist voll von Geschichte, Arch\u00e4ologie, H\u00f6hlen und Themenparks, die f\u00fcr Jung und Alt gleicherma\u00dfen geeignet sind. Die Dordogne hat auch ein gro\u00dfartiges gastronomisches Erbe, das Ihre Geschmacksknospen w\u00e4hrend Ihres Aufenthalts erfreuen wird.<\/p>\n<p>Das Dorf Domme ist eines der <strong class=\"bold color1\">sch\u00f6nsten D\u00f6rfer Frankreichs<\/strong>. Es \u00fcberblickt das Tal und bietet einen herrlichen Blick auf die Umgebung. Sie k\u00f6nnen durch die Fu\u00dfg\u00e4ngerzonen schlendern, w\u00e4hrend Sie ein Eis essen, die Bastide besuchen und die Aussicht genie\u00dfen.<\/p>\n<p>Der Campingplatz Le Perpetuum liegt nur 8 km von <a href=\"\/de\/tourismus-sarlat\/\">Sarlat La Can\u00e9da<\/a> entfernt. So k\u00f6nnen Sie diese <strong class=\"bold color1\">prachtvolle mittelalterliche Stadt<\/strong> mit ihren sch\u00f6nen historischen Geb\u00e4uden besuchen und alle kulturellen und gastronomischen Aktivit\u00e4ten genie\u00dfen.<\/p>\n<p>Die Dordogne ist eine wundersch\u00f6ne, gr\u00fcne Region mit <strong class=\"bold color1\">zahllosen Sehensw\u00fcrdigkeiten<\/strong>, die allen Geschm\u00e4ckern gerecht werden. Sie k\u00f6nnen sowohl historische Touren unternehmen als auch durch die sch\u00f6nsten D\u00f6rfer Frankreichs schlendern oder mit dem Kanu auf dem Fluss fahren. Diese Ecke des Paradieses ist voll von Geschichte, Arch\u00e4ologie, H\u00f6hlen und Themenparks, die sowohl f\u00fcr Jung als auch f\u00fcr Alt geeignet sind. Die Dordogne hat auch ein gro\u00dfartiges gastronomisches Erbe, das Ihre Geschmacksknospen w\u00e4hrend Ihres Aufenthalts erfreuen wird.<\/p>\n<\/div><div class=\"element call-to-action call-to-action--have-sous-titre call-to-action--style-1 call-to-action--big\"><a href=\"https:\/\/campingleperpetuum.com\/de\/campingplatz-perigord\/\"  class=\"call-to-action_link\" title=\"Lesen Sie mehr \u00fcber &#038; die dordogne\"><div class=\"call-to-action_image\"><img decoding=\"async\" src=\"https:\/\/campingleperpetuum.com\/wp-content\/uploads\/2021\/03\/camping-dordogne-1-100x100.jpg\" data-src=\"https:\/\/campingleperpetuum.com\/wp-content\/uploads\/2021\/03\/camping-dordogne-1.jpg\" alt=\"camping tourisme dordogne\" class=\"big\" \/><\/div><div class=\"call-to-action_contenu\"><div class=\"call-to-action_titre\">&#038; Die Dordogne<\/div><div class=\"call-to-action_sous-titre\">Das Perigord<\/div><\/div><\/a><\/div><\/div><\/div><\/div><\/section>","protected":false},"excerpt":{"rendered":"","protected":false},"author":1,"featured_media":0,"parent":0,"menu_order":0,"comment_status":"closed","ping_status":"closed","template":"","meta":{"_acf_changed":false,"footnotes":""},"class_list":["post-2581","page","type-page","status-publish","hentry"],"acf":[],"yoast_head":"<!-- This site is optimized with the Yoast SEO plugin v25.3 - https:\/\/yoast.com\/wordpress\/plugins\/seo\/ -->\n<title>Campingplatz Sarlat | Campingplatz le Perpetuum | Campingplatz Domme (24)<\/title>\n<meta name=\"robots\" content=\"index, follow, max-snippet:-1, max-image-preview:large, max-video-preview:-1\" \/>\n<link rel=\"canonical\" href=\"https:\/\/campingleperpetuum.com\/de\/\" \/>\n<meta property=\"og:locale\" content=\"de_DE\" \/>\n<meta property=\"og:type\" content=\"article\" \/>\n<meta property=\"og:title\" content=\"Campingplatz Sarlat | Campingplatz le Perpetuum | Campingplatz Domme (24)\" \/>\n<meta property=\"og:url\" content=\"https:\/\/campingleperpetuum.com\/de\/\" \/>\n<meta property=\"og:site_name\" content=\"Camping le Perpetuum\" \/>\n<meta property=\"article:modified_time\" content=\"2023-01-05T10:51:57+00:00\" \/>\n<meta name=\"twitter:card\" content=\"summary_large_image\" \/>\n<script type=\"application\/ld+json\" class=\"yoast-schema-graph\">{\"@context\":\"https:\/\/schema.org\",\"@graph\":[{\"@type\":\"WebPage\",\"@id\":\"https:\/\/campingleperpetuum.com\/de\/\",\"url\":\"https:\/\/campingleperpetuum.com\/de\/\",\"name\":\"Campingplatz Sarlat | Campingplatz le Perpetuum | Campingplatz Domme (24)\",\"isPartOf\":{\"@id\":\"https:\/\/campingleperpetuum.com\/de\/#website\"},\"datePublished\":\"2021-03-16T10:43:30+00:00\",\"dateModified\":\"2023-01-05T10:51:57+00:00\",\"breadcrumb\":{\"@id\":\"https:\/\/campingleperpetuum.com\/de\/#breadcrumb\"},\"inLanguage\":\"de\",\"potentialAction\":[{\"@type\":\"ReadAction\",\"target\":[\"https:\/\/campingleperpetuum.com\/de\/\"]}]},{\"@type\":\"BreadcrumbList\",\"@id\":\"https:\/\/campingleperpetuum.com\/de\/#breadcrumb\",\"itemListElement\":[{\"@type\":\"ListItem\",\"position\":1,\"name\":\"Camping Sarlat\",\"item\":\"https:\/\/campingleperpetuum.com\/de\/\"},{\"@type\":\"ListItem\",\"position\":2,\"name\":\"Accueil\"}]},{\"@type\":\"WebSite\",\"@id\":\"https:\/\/campingleperpetuum.com\/de\/#website\",\"url\":\"https:\/\/campingleperpetuum.com\/de\/\",\"name\":\"Camping le Perpetuum\",\"description\":\"\",\"publisher\":{\"@id\":\"https:\/\/campingleperpetuum.com\/de\/#organization\"},\"inLanguage\":\"de\"},{\"@type\":\"Organization\",\"@id\":\"https:\/\/campingleperpetuum.com\/de\/#organization\",\"name\":\"Camping Perpetuum\",\"url\":\"https:\/\/campingleperpetuum.com\/de\/\",\"logo\":{\"@type\":\"ImageObject\",\"inLanguage\":\"de\",\"@id\":\"https:\/\/campingleperpetuum.com\/de\/#\/schema\/logo\/image\/\",\"url\":\"https:\/\/campingleperpetuum.com\/wp-content\/uploads\/2021\/03\/camping-perpetuum-1.png\",\"contentUrl\":\"https:\/\/campingleperpetuum.com\/wp-content\/uploads\/2021\/03\/camping-perpetuum-1.png\",\"width\":200,\"height\":200,\"caption\":\"Camping Perpetuum\"},\"image\":{\"@id\":\"https:\/\/campingleperpetuum.com\/de\/#\/schema\/logo\/image\/\"}}]}<\/script>\n<!-- \/ Yoast SEO plugin. -->","yoast_head_json":{"title":"Campingplatz Sarlat | Campingplatz le Perpetuum | Campingplatz Domme (24)","robots":{"index":"index","follow":"follow","max-snippet":"max-snippet:-1","max-image-preview":"max-image-preview:large","max-video-preview":"max-video-preview:-1"},"canonical":"https:\/\/campingleperpetuum.com\/de\/","og_locale":"de_DE","og_type":"article","og_title":"Campingplatz Sarlat | Campingplatz le Perpetuum | Campingplatz Domme (24)","og_url":"https:\/\/campingleperpetuum.com\/de\/","og_site_name":"Camping le Perpetuum","article_modified_time":"2023-01-05T10:51:57+00:00","twitter_card":"summary_large_image","schema":{"@context":"https:\/\/schema.org","@graph":[{"@type":"WebPage","@id":"https:\/\/campingleperpetuum.com\/de\/","url":"https:\/\/campingleperpetuum.com\/de\/","name":"Campingplatz Sarlat | Campingplatz le Perpetuum | Campingplatz Domme (24)","isPartOf":{"@id":"https:\/\/campingleperpetuum.com\/de\/#website"},"datePublished":"2021-03-16T10:43:30+00:00","dateModified":"2023-01-05T10:51:57+00:00","breadcrumb":{"@id":"https:\/\/campingleperpetuum.com\/de\/#breadcrumb"},"inLanguage":"de","potentialAction":[{"@type":"ReadAction","target":["https:\/\/campingleperpetuum.com\/de\/"]}]},{"@type":"BreadcrumbList","@id":"https:\/\/campingleperpetuum.com\/de\/#breadcrumb","itemListElement":[{"@type":"ListItem","position":1,"name":"Camping Sarlat","item":"https:\/\/campingleperpetuum.com\/de\/"},{"@type":"ListItem","position":2,"name":"Accueil"}]},{"@type":"WebSite","@id":"https:\/\/campingleperpetuum.com\/de\/#website","url":"https:\/\/campingleperpetuum.com\/de\/","name":"Camping le Perpetuum","description":"","publisher":{"@id":"https:\/\/campingleperpetuum.com\/de\/#organization"},"inLanguage":"de"},{"@type":"Organization","@id":"https:\/\/campingleperpetuum.com\/de\/#organization","name":"Camping Perpetuum","url":"https:\/\/campingleperpetuum.com\/de\/","logo":{"@type":"ImageObject","inLanguage":"de","@id":"https:\/\/campingleperpetuum.com\/de\/#\/schema\/logo\/image\/","url":"https:\/\/campingleperpetuum.com\/wp-content\/uploads\/2021\/03\/camping-perpetuum-1.png","contentUrl":"https:\/\/campingleperpetuum.com\/wp-content\/uploads\/2021\/03\/camping-perpetuum-1.png","width":200,"height":200,"caption":"Camping Perpetuum"},"image":{"@id":"https:\/\/campingleperpetuum.com\/de\/#\/schema\/logo\/image\/"}}]}},"_links":{"self":[{"href":"https:\/\/campingleperpetuum.com\/de\/wp-json\/wp\/v2\/pages\/2581","targetHints":{"allow":["GET"]}}],"collection":[{"href":"https:\/\/campingleperpetuum.com\/de\/wp-json\/wp\/v2\/pages"}],"about":[{"href":"https:\/\/campingleperpetuum.com\/de\/wp-json\/wp\/v2\/types\/page"}],"author":[{"embeddable":true,"href":"https:\/\/campingleperpetuum.com\/de\/wp-json\/wp\/v2\/users\/1"}],"replies":[{"embeddable":true,"href":"https:\/\/campingleperpetuum.com\/de\/wp-json\/wp\/v2\/comments?post=2581"}],"version-history":[{"count":13,"href":"https:\/\/campingleperpetuum.com\/de\/wp-json\/wp\/v2\/pages\/2581\/revisions"}],"predecessor-version":[{"id":3777,"href":"https:\/\/campingleperpetuum.com\/de\/wp-json\/wp\/v2\/pages\/2581\/revisions\/3777"}],"wp:attachment":[{"href":"https:\/\/campingleperpetuum.com\/de\/wp-json\/wp\/v2\/media?parent=2581"}],"curies":[{"name":"wp","href":"https:\/\/api.w.org\/{rel}","templated":true}]}}