{"id":2360,"date":"2021-03-16T12:12:46","date_gmt":"2021-03-16T11:12:46","guid":{"rendered":"https:\/\/campingleperpetuum.com\/camping-perigord\/"},"modified":"2021-05-26T12:37:13","modified_gmt":"2021-05-26T10:37:13","slug":"campsite-perigord","status":"publish","type":"page","link":"https:\/\/campingleperpetuum.com\/en\/campsite-perigord\/","title":{"rendered":"Les alentours : Le P\u00e9rigord"},"content":{"rendered":"<section id=\"section-60520720da256\"\" class=\"section first-home bg-white p-t-0 p-b-0\" \/><div class=\"container extralarge\"><div class=\"colonnes-wrap valign-middle \"><div class=\"element colonne w-60 p-5\"><h1 class=\"element section-title center font-1\">Campsite en P\u00e9rigord<\/h1><h2 class=\"element section-title center font-2\">Discover the P\u00e9rigord<\/h2><div class=\"element bloc-text justify \">\n\t<p>What does the Dordogne, the P\u00e9rigord, evoke for you?<br \/>\nYes, it&#8217;s a department and it&#8217;s also a <strong class=\"bold color1\">beautiful river<\/strong> that bears the same name as the Dordogne. It is also full of small tributaries. Our <strong class=\"bold color1\">Beautiful Dordogne Valley<\/strong> is <strong class=\"bold color1\">classified as a UNESCO site<\/strong>. What a great reward for this territory that will delight your curiosity but also your taste buds. <\/p>\n<p>Perigord is also classified into <strong class=\"bold color1\">4 colors<\/strong> :<\/p>\n<ul>\n<li>The <strong class=\"bold color1\">black<\/strong> because this part of the territory is endowed with a <strong class=\"bold color1\">beautiful forest<\/strong>. When the time comes, treat yourself to the <strong class=\"bold color1\">picking of the famous ceps<\/strong> and many other wonders&#8230; <\/li>\n<li>The <strong class=\"bold color1\">red<\/strong> with the <strong class=\"bold color1\">beautiful wines of Bergerac, P\u00e9charmant<\/strong>.<\/li>\n<li>The <strong class=\"bold color1\">green<\/strong> because this part of the Perigord has <strong class=\"bold color1\">many meadows and forests<\/strong>.<\/li>\n<li>The <strong class=\"bold color1\">white<\/strong> has many <strong class=\"bold color1\">limestone plateaus<\/strong> with this color.<\/li>\n<\/ul>\n<\/div><\/div><div class=\"element colonne w-40\"><div class=\"element images scroll-x-mobile\"><div class=\"image\"><img decoding=\"async\" src=\"https:\/\/campingleperpetuum.com\/wp-content\/uploads\/2021\/03\/espace-aquatique-dordogne-92x100.jpg\" data-src=\"https:\/\/campingleperpetuum.com\/wp-content\/uploads\/2021\/03\/espace-aquatique-dordogne.jpg\" alt=\"espace aquatique dordogne\" class=\"images_image\" \/><\/div><\/div><\/div><\/div><\/div><\/section>\n\n<section id=\"section-60520720da3eb\"\" class=\"section bg-white p-t-0 p-b-0\" \/><div class=\"container full\"><div class=\"element images scroll-x-mobile\"><div class=\"image\"><img decoding=\"async\" src=\"https:\/\/campingleperpetuum.com\/wp-content\/uploads\/2021\/03\/chateau-dordogne-100x100.jpg\" data-src=\"https:\/\/campingleperpetuum.com\/wp-content\/uploads\/2021\/03\/chateau-dordogne.jpg\" alt=\"chateau dordogne\" class=\"images_image\" \/><\/div><div class=\"image\"><img decoding=\"async\" src=\"https:\/\/campingleperpetuum.com\/wp-content\/uploads\/2021\/03\/vue-chateau-dordogne-1-100x100.jpg\" data-src=\"https:\/\/campingleperpetuum.com\/wp-content\/uploads\/2021\/03\/vue-chateau-dordogne-1.jpg\" alt=\"vue chateau dordogne\" class=\"images_image\" \/><\/div><div class=\"image\"><img decoding=\"async\" src=\"https:\/\/campingleperpetuum.com\/wp-content\/uploads\/2021\/03\/dordogne-chateau-100x100.jpg\" data-src=\"https:\/\/campingleperpetuum.com\/wp-content\/uploads\/2021\/03\/dordogne-chateau.jpg\" alt=\"dordogne chateau\" class=\"images_image\" \/><\/div><div class=\"image\"><img decoding=\"async\" src=\"https:\/\/campingleperpetuum.com\/wp-content\/uploads\/2021\/03\/riviere-dordogne-100x100.jpg\" data-src=\"https:\/\/campingleperpetuum.com\/wp-content\/uploads\/2021\/03\/riviere-dordogne.jpg\" alt=\"riviere dordogne\" class=\"images_image\" \/><\/div><\/div><\/div><\/section>\n\n<section id=\"section-60520720da5f0\"\" class=\"section fifth-home bg-color1 p-t-0 p-b-0\" \/><div class=\"container full\"><div class=\"colonnes-wrap valign-middle \"><div class=\"element colonne \"><div class=\"element bloc-text center \">\n\t<p>The P\u00e9rigord is full of <strong class=\"bold color5\">historical, archaeological<\/strong> and <strong class=\"bold color5\">exceptional cultural sites<\/strong>. You can visit <strong class=\"bold color5\">numerous castles<\/strong> that host raptor shows, medieval re-enactments and many other events.<\/p>\n<p>There are also <strong class=\"bold color5\">numerous caves and chasms<\/strong> more or less famous that are full of stalactites, stalagmites, draperies and even <strong class=\"bold color5\">rock paintings<\/strong>. Many of these caves strive to show how they were explored and want to preserve their condition at all costs.<\/p>\n<p>Nevertheless the Dordogne also has many <strong class=\"bold color5\">themed amusement parks<\/strong> that will delight the whole family.<\/p>\n<\/div><\/div><div class=\"element colonne p-0\"><div class=\"element images scroll-x-mobile\"><div class=\"image\"><img decoding=\"async\" src=\"https:\/\/campingleperpetuum.com\/wp-content\/uploads\/2021\/03\/chateau-perigord-100x34.jpg\" data-src=\"https:\/\/campingleperpetuum.com\/wp-content\/uploads\/2021\/03\/chateau-perigord.jpg\" alt=\"chateau perigord\" class=\"images_image\" \/><\/div><\/div><div class=\"element images scroll-x-mobile\"><div class=\"image\"><img decoding=\"async\" src=\"https:\/\/campingleperpetuum.com\/wp-content\/uploads\/2021\/03\/vue-dordogne-100x34.jpg\" data-src=\"https:\/\/campingleperpetuum.com\/wp-content\/uploads\/2021\/03\/vue-dordogne.jpg\" alt=\" vue dordogne\" class=\"images_image\" \/><\/div><\/div><\/div><\/div><\/div><\/section>\n\n<section id=\"section-groupe2\"\" class=\"section first-home bg-white p-t-0 p-b-0\" \/><div class=\"container extralarge\"><div class=\"colonnes-wrap valign-middle \"><div class=\"element colonne w-40\"><div class=\"element images scroll-x-mobile\"><div class=\"image\"><img decoding=\"async\" src=\"https:\/\/campingleperpetuum.com\/wp-content\/uploads\/2021\/03\/truffes-specialite-79x100.jpg\" data-src=\"https:\/\/campingleperpetuum.com\/wp-content\/uploads\/2021\/03\/truffes-specialite.jpg\" alt=\"truffes specialite\" class=\"images_image\" \/><\/div><\/div><\/div><div class=\"element colonne w-60 p-5\"><h2 class=\"element section-title center font-2\">The gastronomy of the P\u00e9rigord<\/h2><div class=\"element bloc-text justify \">\n\t<p>The P\u00e9rigord is also a <strong class=\"bold color1\">gastronomic region<\/strong>, you will be able to taste many specialties in the <strong class=\"bold color1\">farm inns<\/strong>, the <strong class=\"bold color1\">gourmet markets<\/strong> and the <strong class=\"bold color1\">producer&#8217;s market<\/strong>. <\/p>\n<p>The <strong class=\"bold color1\">specialties<\/strong> revolve around <strong class=\"bold color1\">duck<\/strong>, <strong class=\"bold color1\">goose<\/strong> and <strong class=\"bold color1\">walnut<\/strong>. Discover foie gras, duck breast, duck confit, walnut cakes, walnut oil and many other specialties&#8230; Visit the campsite reception, they will be happy to advise you on where you can find the <strong class=\"bold color1\">best products<\/strong>.<\/p>\n<\/div><h2 class=\"element section-title center font-2\">Campsite en P\u00e9rigord<\/h2><div class=\"element bloc-text justify \">\n\t<p>Stay at <a href=\"\/en\/\">camping in Sarlat<\/a> and discover all the gastronomic specialties of the P\u00e9rigord. Start your day by visiting our <strong class=\"bold color1\">beautiful towns<\/strong> and <strong class=\"bold color1\">must-see places<\/strong>, then stop at a restaurant to enjoy a <strong class=\"bold color1\">typical dish<\/strong> of the Dordogne.<\/p>\n<p>End your day by returning to your mobile home rental or pitch in <a href=\"\/tourisme-domme\/\">Domme<\/a> and rest before heading out for another day of sightseeing. During your stay, visit <a href=\"\/tourisme-sarlat\/\">Sarlat<\/a> and then head to one of the Perigord markets to leave with plenty of souvenirs and <strong class=\"bold color1\">regional specialties<\/strong>.<\/p>\n<\/div><\/div><\/div><\/div><\/section>\n\n<section id=\"section-60520720da7ba\"\" class=\"section bg-white\" \/><div class=\"container extralarge\"><div class=\"element section-title center titre-cta\">Visit Sarlat and Domme<\/div><ul class=\"liste-de-page scroll-x-mobile\"><li class=\"element call-to-action call-to-action--have-sous-titre call-to-action--style-1 call-to-action--normal\"><a href=\"https:\/\/campingleperpetuum.com\/en\/rental-pitches-sarlat\/\"  class=\"call-to-action_link\" title=\"Read more about our pitches\"><div class=\"call-to-action_image\"><img decoding=\"async\" src=\"https:\/\/campingleperpetuum.com\/wp-content\/uploads\/2021\/03\/tente-dordogne-100x100.jpg\" data-src=\"https:\/\/campingleperpetuum.com\/wp-content\/uploads\/2021\/03\/tente-dordogne.jpg\" alt=\"tente dordogne\" class=\"normal\" \/><\/div><div class=\"call-to-action_contenu\"><div class=\"call-to-action_titre\">Our pitches<\/div><div class=\"call-to-action_sous-titre\">Discover<\/div><\/div><\/a><\/li><li class=\"element call-to-action call-to-action--have-sous-titre call-to-action--style-1 call-to-action--normal\"><a href=\"https:\/\/campingleperpetuum.com\/en\/tourism-domme\/\"  class=\"call-to-action_link\" title=\"Read more about from domme\"><div class=\"call-to-action_image\"><img decoding=\"async\" src=\"https:\/\/campingleperpetuum.com\/wp-content\/uploads\/2021\/03\/camping-domme-100x100.jpg\" data-src=\"https:\/\/campingleperpetuum.com\/wp-content\/uploads\/2021\/03\/camping-domme.jpg\" alt=\"camping tourisme domme\" class=\"normal\" \/><\/div><div class=\"call-to-action_contenu\"><div class=\"call-to-action_titre\">From Domme<\/div><div class=\"call-to-action_sous-titre\">The beauty<\/div><\/div><\/a><\/li><li class=\"element call-to-action call-to-action--have-sous-titre call-to-action--style-1 call-to-action--normal\"><a href=\"https:\/\/campingleperpetuum.com\/en\/campsite-perigord\/\"  class=\"call-to-action_link\" title=\"Read more about &#038; the dordogne\"><div class=\"call-to-action_image\"><img decoding=\"async\" src=\"https:\/\/campingleperpetuum.com\/wp-content\/uploads\/2021\/03\/camping-dordogne-1-100x100.jpg\" data-src=\"https:\/\/campingleperpetuum.com\/wp-content\/uploads\/2021\/03\/camping-dordogne-1.jpg\" alt=\"camping tourisme dordogne\" class=\"normal\" \/><\/div><div class=\"call-to-action_contenu\"><div class=\"call-to-action_titre\">&#038; The Dordogne<\/div><div class=\"call-to-action_sous-titre\">The Perigord<\/div><\/div><\/a><\/li><\/ul><\/div><\/section>","protected":false},"excerpt":{"rendered":"","protected":false},"author":1,"featured_media":1075,"parent":0,"menu_order":0,"comment_status":"closed","ping_status":"closed","template":"","meta":{"_acf_changed":false,"footnotes":""},"class_list":["post-2360","page","type-page","status-publish","has-post-thumbnail","hentry"],"acf":[],"yoast_head":"<!-- This site is optimized with the Yoast SEO plugin v25.3 - https:\/\/yoast.com\/wordpress\/plugins\/seo\/ -->\n<title>Camping in the P\u00e9rigord | Mobile home rental P\u00e9rigord | Visit the P\u00e9rigord<\/title>\n<meta name=\"robots\" content=\"index, follow, max-snippet:-1, max-image-preview:large, max-video-preview:-1\" \/>\n<link rel=\"canonical\" href=\"https:\/\/campingleperpetuum.com\/en\/campsite-perigord\/\" \/>\n<meta property=\"og:locale\" content=\"en_US\" \/>\n<meta property=\"og:type\" content=\"article\" \/>\n<meta property=\"og:title\" content=\"Camping in the P\u00e9rigord | Mobile home rental P\u00e9rigord | Visit the P\u00e9rigord\" \/>\n<meta property=\"og:url\" content=\"https:\/\/campingleperpetuum.com\/en\/campsite-perigord\/\" \/>\n<meta property=\"og:site_name\" content=\"Camping le Perpetuum\" \/>\n<meta property=\"article:modified_time\" content=\"2021-05-26T10:37:13+00:00\" \/>\n<meta property=\"og:image\" content=\"https:\/\/campingleperpetuum.com\/wp-content\/uploads\/2021\/03\/dordogne-village-1.jpg\" \/>\n\t<meta property=\"og:image:width\" content=\"1901\" \/>\n\t<meta property=\"og:image:height\" content=\"450\" \/>\n\t<meta property=\"og:image:type\" content=\"image\/jpeg\" \/>\n<meta name=\"twitter:card\" content=\"summary_large_image\" \/>\n<script type=\"application\/ld+json\" class=\"yoast-schema-graph\">{\"@context\":\"https:\/\/schema.org\",\"@graph\":[{\"@type\":\"WebPage\",\"@id\":\"https:\/\/campingleperpetuum.com\/en\/campsite-perigord\/\",\"url\":\"https:\/\/campingleperpetuum.com\/en\/campsite-perigord\/\",\"name\":\"Camping in the P\u00e9rigord | Mobile home rental P\u00e9rigord | Visit the P\u00e9rigord\",\"isPartOf\":{\"@id\":\"https:\/\/campingleperpetuum.com\/en\/#website\"},\"primaryImageOfPage\":{\"@id\":\"https:\/\/campingleperpetuum.com\/en\/campsite-perigord\/#primaryimage\"},\"image\":{\"@id\":\"https:\/\/campingleperpetuum.com\/en\/campsite-perigord\/#primaryimage\"},\"thumbnailUrl\":\"https:\/\/campingleperpetuum.com\/wp-content\/uploads\/2021\/03\/dordogne-village-1.jpg\",\"datePublished\":\"2021-03-16T11:12:46+00:00\",\"dateModified\":\"2021-05-26T10:37:13+00:00\",\"breadcrumb\":{\"@id\":\"https:\/\/campingleperpetuum.com\/en\/campsite-perigord\/#breadcrumb\"},\"inLanguage\":\"en-US\",\"potentialAction\":[{\"@type\":\"ReadAction\",\"target\":[\"https:\/\/campingleperpetuum.com\/en\/campsite-perigord\/\"]}]},{\"@type\":\"ImageObject\",\"inLanguage\":\"en-US\",\"@id\":\"https:\/\/campingleperpetuum.com\/en\/campsite-perigord\/#primaryimage\",\"url\":\"https:\/\/campingleperpetuum.com\/wp-content\/uploads\/2021\/03\/dordogne-village-1.jpg\",\"contentUrl\":\"https:\/\/campingleperpetuum.com\/wp-content\/uploads\/2021\/03\/dordogne-village-1.jpg\",\"width\":1901,\"height\":450,\"caption\":\"dordogne village\"},{\"@type\":\"BreadcrumbList\",\"@id\":\"https:\/\/campingleperpetuum.com\/en\/campsite-perigord\/#breadcrumb\",\"itemListElement\":[{\"@type\":\"ListItem\",\"position\":1,\"name\":\"Camping Sarlat\",\"item\":\"https:\/\/campingleperpetuum.com\/en\/\"},{\"@type\":\"ListItem\",\"position\":2,\"name\":\"Campsite in P\u00e9rigord\"}]},{\"@type\":\"WebSite\",\"@id\":\"https:\/\/campingleperpetuum.com\/en\/#website\",\"url\":\"https:\/\/campingleperpetuum.com\/en\/\",\"name\":\"Camping le Perpetuum\",\"description\":\"\",\"publisher\":{\"@id\":\"https:\/\/campingleperpetuum.com\/en\/#organization\"},\"inLanguage\":\"en-US\"},{\"@type\":\"Organization\",\"@id\":\"https:\/\/campingleperpetuum.com\/en\/#organization\",\"name\":\"Camping Perpetuum\",\"url\":\"https:\/\/campingleperpetuum.com\/en\/\",\"logo\":{\"@type\":\"ImageObject\",\"inLanguage\":\"en-US\",\"@id\":\"https:\/\/campingleperpetuum.com\/en\/#\/schema\/logo\/image\/\",\"url\":\"https:\/\/campingleperpetuum.com\/wp-content\/uploads\/2021\/03\/camping-perpetuum-1.png\",\"contentUrl\":\"https:\/\/campingleperpetuum.com\/wp-content\/uploads\/2021\/03\/camping-perpetuum-1.png\",\"width\":200,\"height\":200,\"caption\":\"Camping Perpetuum\"},\"image\":{\"@id\":\"https:\/\/campingleperpetuum.com\/en\/#\/schema\/logo\/image\/\"}}]}<\/script>\n<!-- \/ Yoast SEO plugin. -->","yoast_head_json":{"title":"Camping in the P\u00e9rigord | Mobile home rental P\u00e9rigord | Visit the P\u00e9rigord","robots":{"index":"index","follow":"follow","max-snippet":"max-snippet:-1","max-image-preview":"max-image-preview:large","max-video-preview":"max-video-preview:-1"},"canonical":"https:\/\/campingleperpetuum.com\/en\/campsite-perigord\/","og_locale":"en_US","og_type":"article","og_title":"Camping in the P\u00e9rigord | Mobile home rental P\u00e9rigord | Visit the P\u00e9rigord","og_url":"https:\/\/campingleperpetuum.com\/en\/campsite-perigord\/","og_site_name":"Camping le Perpetuum","article_modified_time":"2021-05-26T10:37:13+00:00","og_image":[{"width":1901,"height":450,"url":"https:\/\/campingleperpetuum.com\/wp-content\/uploads\/2021\/03\/dordogne-village-1.jpg","type":"image\/jpeg"}],"twitter_card":"summary_large_image","schema":{"@context":"https:\/\/schema.org","@graph":[{"@type":"WebPage","@id":"https:\/\/campingleperpetuum.com\/en\/campsite-perigord\/","url":"https:\/\/campingleperpetuum.com\/en\/campsite-perigord\/","name":"Camping in the P\u00e9rigord | Mobile home rental P\u00e9rigord | Visit the P\u00e9rigord","isPartOf":{"@id":"https:\/\/campingleperpetuum.com\/en\/#website"},"primaryImageOfPage":{"@id":"https:\/\/campingleperpetuum.com\/en\/campsite-perigord\/#primaryimage"},"image":{"@id":"https:\/\/campingleperpetuum.com\/en\/campsite-perigord\/#primaryimage"},"thumbnailUrl":"https:\/\/campingleperpetuum.com\/wp-content\/uploads\/2021\/03\/dordogne-village-1.jpg","datePublished":"2021-03-16T11:12:46+00:00","dateModified":"2021-05-26T10:37:13+00:00","breadcrumb":{"@id":"https:\/\/campingleperpetuum.com\/en\/campsite-perigord\/#breadcrumb"},"inLanguage":"en-US","potentialAction":[{"@type":"ReadAction","target":["https:\/\/campingleperpetuum.com\/en\/campsite-perigord\/"]}]},{"@type":"ImageObject","inLanguage":"en-US","@id":"https:\/\/campingleperpetuum.com\/en\/campsite-perigord\/#primaryimage","url":"https:\/\/campingleperpetuum.com\/wp-content\/uploads\/2021\/03\/dordogne-village-1.jpg","contentUrl":"https:\/\/campingleperpetuum.com\/wp-content\/uploads\/2021\/03\/dordogne-village-1.jpg","width":1901,"height":450,"caption":"dordogne village"},{"@type":"BreadcrumbList","@id":"https:\/\/campingleperpetuum.com\/en\/campsite-perigord\/#breadcrumb","itemListElement":[{"@type":"ListItem","position":1,"name":"Camping Sarlat","item":"https:\/\/campingleperpetuum.com\/en\/"},{"@type":"ListItem","position":2,"name":"Campsite in P\u00e9rigord"}]},{"@type":"WebSite","@id":"https:\/\/campingleperpetuum.com\/en\/#website","url":"https:\/\/campingleperpetuum.com\/en\/","name":"Camping le Perpetuum","description":"","publisher":{"@id":"https:\/\/campingleperpetuum.com\/en\/#organization"},"inLanguage":"en-US"},{"@type":"Organization","@id":"https:\/\/campingleperpetuum.com\/en\/#organization","name":"Camping Perpetuum","url":"https:\/\/campingleperpetuum.com\/en\/","logo":{"@type":"ImageObject","inLanguage":"en-US","@id":"https:\/\/campingleperpetuum.com\/en\/#\/schema\/logo\/image\/","url":"https:\/\/campingleperpetuum.com\/wp-content\/uploads\/2021\/03\/camping-perpetuum-1.png","contentUrl":"https:\/\/campingleperpetuum.com\/wp-content\/uploads\/2021\/03\/camping-perpetuum-1.png","width":200,"height":200,"caption":"Camping Perpetuum"},"image":{"@id":"https:\/\/campingleperpetuum.com\/en\/#\/schema\/logo\/image\/"}}]}},"_links":{"self":[{"href":"https:\/\/campingleperpetuum.com\/en\/wp-json\/wp\/v2\/pages\/2360","targetHints":{"allow":["GET"]}}],"collection":[{"href":"https:\/\/campingleperpetuum.com\/en\/wp-json\/wp\/v2\/pages"}],"about":[{"href":"https:\/\/campingleperpetuum.com\/en\/wp-json\/wp\/v2\/types\/page"}],"author":[{"embeddable":true,"href":"https:\/\/campingleperpetuum.com\/en\/wp-json\/wp\/v2\/users\/1"}],"replies":[{"embeddable":true,"href":"https:\/\/campingleperpetuum.com\/en\/wp-json\/wp\/v2\/comments?post=2360"}],"version-history":[{"count":8,"href":"https:\/\/campingleperpetuum.com\/en\/wp-json\/wp\/v2\/pages\/2360\/revisions"}],"predecessor-version":[{"id":2462,"href":"https:\/\/campingleperpetuum.com\/en\/wp-json\/wp\/v2\/pages\/2360\/revisions\/2462"}],"wp:featuredmedia":[{"embeddable":true,"href":"https:\/\/campingleperpetuum.com\/en\/wp-json\/wp\/v2\/media\/1075"}],"wp:attachment":[{"href":"https:\/\/campingleperpetuum.com\/en\/wp-json\/wp\/v2\/media?parent=2360"}],"curies":[{"name":"wp","href":"https:\/\/api.w.org\/{rel}","templated":true}]}}