{"id":2615,"date":"2021-03-16T11:43:30","date_gmt":"2021-03-16T10:43:30","guid":{"rendered":"https:\/\/campingleperpetuum.com\/accueil\/"},"modified":"2023-01-05T11:52:49","modified_gmt":"2023-01-05T10:52:49","slug":"accueil","status":"publish","type":"page","link":"https:\/\/campingleperpetuum.com\/es\/","title":{"rendered":"Accueil"},"content":{"rendered":"<section id=\"section-6050cade59245\"\" class=\"section first-home bg-white p-t-0 p-b-0\" \/><div class=\"container extralarge\"><div class=\"colonnes-wrap valign-middle \"><div class=\"element colonne w-60 p-5\"><h1 class=\"element section-title center font-1\">Camping en Sarlat<\/h1><div class=\"element section-title center font-2\">Bienvenido al Camping Perpetuum<\/div><div class=\"element bloc-text center \">\n\t<p>Al frente desde hace 22 temporadas, <strong class=\"bold color1\">Fabienne y David<\/strong> le dan la bienvenida a su casa para hacerle <strong class=\"bold color1\">descubrir su hermoso pa\u00eds<\/strong>: el P\u00e9rigord.<\/p>\n<p>\u00a1Qu\u00e9 cambios e inversiones desde que esta antigua granja se estableci\u00f3 como camping en los a\u00f1os 70! Hoy en d\u00eda, en cuatro hect\u00e1reas de <strong class=\"bold color1\">c\u00e9sped y terreno bien arbolado<\/strong>, se puede disfrutar de una <strong class=\"bold color1\">piscina climatizada<\/strong>, un bar-snack, una recepci\u00f3n abierta los 7 d\u00edas de la semana y animaci\u00f3n durante toda la semana, en verano.<\/p>\n<p>Originalmente, el Perpetuum era una granja cuyo propietario, un rico arist\u00f3crata de Domme, se hab\u00eda endeudado en los juegos. Tras haber recurrido a las arcas del municipio de Domme para pagar sus deudas, el arist\u00f3crata vio c\u00f3mo su granja era condenada a producir \u00abAd Perpetuum\u00bb para el municipio.<\/p>\n<p>En la actualidad, s\u00f3lo ha quedado el nombre.<\/p>\n<p>No pagamos nuestros ingresos a la comuna, pero siempre nos esforzamos por ofrecerle el <strong class=\"bold color1\">mejor de nuestros servicios<\/strong>, y esto, siempre en un ambiente c\u00e1lido y familiar. <\/p>\n<\/div><\/div><div class=\"element colonne w-40 bg-color1\"><div class=\"element images scroll-x-mobile\"><div class=\"image\"><img decoding=\"async\" src=\"https:\/\/campingleperpetuum.com\/wp-content\/uploads\/2021\/03\/camping-perpetuum-100x100.png\" data-src=\"https:\/\/campingleperpetuum.com\/wp-content\/uploads\/2021\/03\/camping-perpetuum.png\" alt=\"camping perpetuum\" class=\"images_image\" \/><\/div><\/div><\/div><\/div><\/div><\/section>\n\n<section id=\"section-6050cade5949b\"\" class=\"section icones-home bg-black section--has-bg-img\" \/><img decoding=\"async\" src=\"https:\/\/campingleperpetuum.com\/wp-content\/uploads\/2021\/03\/camping-dordogne-100x31.jpg\" data-src=\"https:\/\/campingleperpetuum.com\/wp-content\/uploads\/2021\/03\/camping-dordogne.jpg\" alt=\"camping dordogne\" class=\"section_bg-img\" data-opacite=\"0.4\"\/><div class=\"container extralarge\"><div class=\"colonnes-wrap valign-top \"><div class=\"element colonne \"><div class=\"element bloc-text center perpe-riviere\">\n\t<p><span>Camping y<\/span> tabla del r\u00edo<\/p>\n<\/div><\/div><div class=\"element colonne \"><div class=\"element bloc-text center perpe-panneau\">\n\t<p><span>Cerca de<\/span> sitios de inter\u00e9s<\/p>\n<\/div><\/div><div class=\"element colonne \"><div class=\"element bloc-text center perpe-famille\">\n\t<p><span>Camping <\/span>Calma y familia<\/p>\n<\/div><\/div><div class=\"element colonne \"><div class=\"element bloc-text center perpe-canoe\">\n\t<p><span>Diversas<\/span> animaciones<\/p>\n<\/div><\/div><\/div><\/div><\/section>\n\n<section id=\"section-6050cade5961b\"\" class=\"section second-home bg-color3 p-b-0\" \/><div class=\"container extralarge\"><h2 class=\"element section-title center\">Descubra los servicios del camping en Sarlat<\/h2><div class=\"element bloc-text center \">\n\t<p>El bar y snack bar del camping estar\u00e1 presente para facilitar la organizaci\u00f3n de sus vacaciones. Tenemos un dep\u00f3sito de pan y boller\u00eda para empezar bien el d\u00eda. Nuestro panadero, un verdadero artesano, entrega pan fresco cada ma\u00f1ana. El buen olor de los croissants y las baguettes perfuma la tienda y har\u00e1 las delicias de su paladar.<\/p>\n<p><strong class=\"bold color1\">\u00a1Unas vacaciones en Perpetuum son garant\u00eda de \u00e9xito!<\/strong><\/p>\n<p>En el lugar, apreciar\u00e1 nuestras <strong class=\"bold color1\">hermosas piscinas, una de ellas climatizada<\/strong> a partir de mayo y nuestras m\u00faltiples <a href=\"\/es\/camping-familia-sarlat\/\">actividades<\/a>: juegos infantiles, pista de petanca, pista polideportiva, acceso directo al r\u00edo con tambi\u00e9n una playa de arena a orillas del r\u00edo Dordo\u00f1a a 300 m del camping. Para hacer deporte o relajarte, disfrutar\u00e1s del <strong class=\"bold color1\">buen humor de nuestro equipo<\/strong>, de las instalaciones y del entorno en plena naturaleza propicio para recargar las pilas. Un bonito programa para <strong class=\"bold color1\">disfrutar de tus vacaciones<\/strong>&#8230;<\/p>\n<p>En julio y agosto se proponen numerosas animaciones para toda la familia. El programa se presenta cada domingo por la noche durante nuestra copa de bienvenida. Cada uno disfruta de su <strong class=\"bold color1\">tiempo de ocio a su ritmo<\/strong>.<\/p>\n<\/div><\/div><\/section>\n\n<section id=\"section-6050cade599c0\"\" class=\"section bg-color3 p-t-0\" \/><div class=\"container full\"><div class=\"colonnes-wrap valign-top \"><div class=\"element colonne \"><div class=\"element call-to-action call-to-action--have-sous-titre call-to-action--style-1 call-to-action--big\"><a href=\"https:\/\/campingleperpetuum.com\/es\/camping-familia-sarlat\/#section-servicios\"  class=\"call-to-action_link\" title=\"M\u00e1s informaci\u00f3n los servicios\"><div class=\"call-to-action_image\"><img decoding=\"async\" src=\"https:\/\/campingleperpetuum.com\/wp-content\/uploads\/2021\/03\/services-camping-perpetuum-100x100.jpg\" data-src=\"https:\/\/campingleperpetuum.com\/wp-content\/uploads\/2021\/03\/services-camping-perpetuum.jpg\" alt=\"camping 4 \u00e9toiles Sarlat\" class=\"big\" \/><\/div><div class=\"call-to-action_contenu\"><div class=\"call-to-action_titre\">Los servicios<\/div><div class=\"call-to-action_sous-titre\">M\u00e1s informaci\u00f3n<\/div><\/div><\/a><\/div><\/div><div class=\"element colonne \"><div class=\"element call-to-action call-to-action--have-sous-titre call-to-action--style-1 call-to-action--big\"><a href=\"https:\/\/campingleperpetuum.com\/es\/camping-familia-sarlat\/#section-animaciones\"  class=\"call-to-action_link\" title=\"M\u00e1s informaci\u00f3n las animaciones\"><div class=\"call-to-action_image\"><img decoding=\"async\" src=\"https:\/\/campingleperpetuum.com\/wp-content\/uploads\/2021\/03\/animations-camping-perpetuum-100x100.jpg\" data-src=\"https:\/\/campingleperpetuum.com\/wp-content\/uploads\/2021\/03\/animations-camping-perpetuum.jpg\" alt=\"animations camping sarlat\" class=\"big\" \/><\/div><div class=\"call-to-action_contenu\"><div class=\"call-to-action_titre\">Las animaciones<\/div><div class=\"call-to-action_sous-titre\">Descubra<\/div><\/div><\/a><\/div><\/div><div class=\"element colonne \"><div class=\"element call-to-action call-to-action--have-sous-titre call-to-action--style-1 call-to-action--big\"><a href=\"https:\/\/campingleperpetuum.com\/es\/camping-familia-sarlat\/#section-actividades\"  class=\"call-to-action_link\" title=\"M\u00e1s informaci\u00f3n actividades\"><div class=\"call-to-action_image\"><img decoding=\"async\" src=\"https:\/\/campingleperpetuum.com\/wp-content\/uploads\/2021\/03\/activites-camping-perpetuum-100x100.jpg\" data-src=\"https:\/\/campingleperpetuum.com\/wp-content\/uploads\/2021\/03\/activites-camping-perpetuum.jpg\" alt=\"activites camping sarlat\" class=\"big\" \/><\/div><div class=\"call-to-action_contenu\"><div class=\"call-to-action_titre\">Actividades<\/div><div class=\"call-to-action_sous-titre\">Aproveche la<\/div><\/div><\/a><\/div><\/div><div class=\"element colonne \"><div class=\"element call-to-action call-to-action--have-sous-titre call-to-action--style-1 call-to-action--big\"><a href=\"https:\/\/campingleperpetuum.com\/es\/camping-familia-sarlat\/#section-snack\"  class=\"call-to-action_link\" title=\"M\u00e1s informaci\u00f3n restaurante de aperitivos\"><div class=\"call-to-action_image\"><img decoding=\"async\" src=\"https:\/\/campingleperpetuum.com\/wp-content\/uploads\/2021\/03\/snack-perpetuum-100x100.jpg\" data-src=\"https:\/\/campingleperpetuum.com\/wp-content\/uploads\/2021\/03\/snack-perpetuum.jpg\" alt=\"snack sarlat\" class=\"big\" \/><\/div><div class=\"call-to-action_contenu\"><div class=\"call-to-action_titre\">Restaurante de aperitivos<\/div><div class=\"call-to-action_sous-titre\">Comer en<\/div><\/div><\/a><\/div><\/div><\/div><\/div><\/section>\n\n<section id=\"section-6050cade59bc5\"\" class=\"section fourth-home bg-white\" \/><div class=\"container full\"><h2 class=\"element section-title center\">Alquiler de casas m\u00f3viles en Sarlat<\/h2><div class=\"element bloc-text center \">\n\t<p>\u00bfBusca un <strong class=\"bold color1\">bungalow<\/strong>? Ha elegido la direcci\u00f3n correcta. Ofrecemos una amplia gama de <strong class=\"bold color1\">casas m\u00f3viles<\/strong> para satisfacer cada uno de sus deseos.<\/p>\n<p>Puede elegir el tama\u00f1o de su alquiler (de 21m2 a 33m2). Podemos alojar a un m\u00e1ximo de 6 personas en los tres dormitorios. En familia o con amigos, puedes pedir parcelas cercanas entre s\u00ed (no te preocupes, no oir\u00e1s los ronquidos de tus vecinos). Cada alquiler est\u00e1 equipado con una terraza semicubierta que le permitir\u00e1 disfrutar plenamente del entorno rural y del canto de los p\u00e1jaros. <\/p>\n<p>En nuestros alquileres de casas m\u00f3viles en Sarlat, no aceptamos a nuestros amigos los animales. As\u00ed, los asm\u00e1ticos y las personas al\u00e9rgicas al pelo de los animales pueden disfrutar tranquilamente de su alquiler.<\/p>\n<p>La terraza le permitir\u00e1 disfrutar de <strong class=\"bold color1\">buenas comidas al aire libre<\/strong>.  <\/p>\n<p>Las barbacoas est\u00e1n permitidas, simplemente les pediremos que lo hagan junto a la <strong class=\"bold color1\">carrera<\/strong> para evitar cualquier incidente. \u00a1Viva la parrilla! <\/p>\n<\/div><ul class=\"liste-de-page scroll-x-mobile\"><li class=\"element call-to-action call-to-action--have-sous-titre call-to-action--style-1 call-to-action--big\"><a href=\"https:\/\/campingleperpetuum.com\/es\/ubicacion-emplazamiento-sarlat\/\"  class=\"call-to-action_link\" title=\"M\u00e1s informaci\u00f3n nuestras sedes\"><div class=\"call-to-action_image\"><img decoding=\"async\" src=\"https:\/\/campingleperpetuum.com\/wp-content\/uploads\/2021\/03\/tente-dordogne-100x100.jpg\" data-src=\"https:\/\/campingleperpetuum.com\/wp-content\/uploads\/2021\/03\/tente-dordogne.jpg\" alt=\"tente dordogne\" class=\"big\" \/><\/div><div class=\"call-to-action_contenu\"><div class=\"call-to-action_titre\">Nuestras sedes<\/div><div class=\"call-to-action_sous-titre\">Descubra<\/div><\/div><\/a><\/li><li class=\"element call-to-action call-to-action--have-sous-titre call-to-action--style-1 call-to-action--big\"><a href=\"https:\/\/campingleperpetuum.com\/es\/ubicacion-emplazamiento-sanitaria-sarlat\/\"  class=\"call-to-action_link\" title=\"M\u00e1s informaci\u00f3n nuestras parcelas con instalaciones sanitarias\"><div class=\"call-to-action_image\"><img decoding=\"async\" src=\"https:\/\/campingleperpetuum.com\/wp-content\/uploads\/2021\/03\/emplacement-sanitaire-77x100.jpg\" data-src=\"https:\/\/campingleperpetuum.com\/wp-content\/uploads\/2021\/03\/emplacement-sanitaire.jpg\" alt=\"emplacement sanitaire sarlat\" class=\"big\" \/><\/div><div class=\"call-to-action_contenu\"><div class=\"call-to-action_titre\">Nuestras parcelas con instalaciones sanitarias<\/div><div class=\"call-to-action_sous-titre\">Descubra<\/div><\/div><\/a><\/li><li class=\"element call-to-action call-to-action--have-sous-titre call-to-action--style-1 call-to-action--big\"><a href=\"https:\/\/campingleperpetuum.com\/es\/ubicacion-mobil-home-sarlat\/\"  class=\"call-to-action_link\" title=\"M\u00e1s informaci\u00f3n nuestros alquileres\"><div class=\"call-to-action_image\"><img decoding=\"async\" src=\"https:\/\/campingleperpetuum.com\/wp-content\/uploads\/2021\/03\/mobil-home-dordogne-100x100.jpg\" data-src=\"https:\/\/campingleperpetuum.com\/wp-content\/uploads\/2021\/03\/mobil-home-dordogne.jpg\" alt=\"mobil home dordogne\" class=\"big\" \/><\/div><div class=\"call-to-action_contenu\"><div class=\"call-to-action_titre\">Nuestros alquileres<\/div><div class=\"call-to-action_sous-titre\">Descubra<\/div><\/div><\/a><\/li><\/ul><h2 class=\"element section-title center m-t-4\">Nuestras localizaciones y precios en Sarlat<\/h2><div class=\"element bloc-text center \">\n\t<p>En el camping Perpetuum, podr\u00e1 disfrutar de muchas lugares de alquiler que se adaptan a todos los gustos. Al sol, a media sombra, a la sombra, en la <strong class=\"bold color1\">orilla del r\u00edo de la Dordo\u00f1a<\/strong>, al borde de los campos, junto a la piscina, en la tranquilidad&#8230;<\/p>\n<p>Nuestros diferentes paquetes se adaptan totalmente a sus vacaciones. <\/p>\n<p>Nuestras tarifas de camping se componen de diferentes paquetes, ajustables seg\u00fan sus expectativas y necesidades. En una parcela, podemos acomodar hasta seis personas. Usted elige su paquete seg\u00fan su presupuesto y sus deseos. <\/p>\n<p>Para alquileres baratos en Sarlat, nuestras tarifas incluyen cuatro personas y la casa m\u00f3vil. Puedes a\u00f1adir diferentes opciones, como el alquiler de s\u00e1banas y toallas, en funci\u00f3n de tus deseos y del espacio que tengas en tu coche.<\/p>\n<\/div><\/div><\/section>\n\n<section id=\"section-6050cade59dec\"\" class=\"section fifth-home bg-color1 p-t-0 p-b-0\" \/><div class=\"container full\"><div class=\"colonnes-wrap valign-middle \"><div class=\"element colonne \"><h2 class=\"element section-title center\">Camping con piscina en Sarlat<\/h2><div class=\"element bloc-text center \">\n\t<p>El espacio acu\u00e1tico del Camping Le Perpetuum de Domme consta de 2 piscinas, una de ellas climatizada, y una piscina infantil con seta para los ni\u00f1os. Es el lugar ideal para venir a tomar el sol durante sus vacaciones.<\/p>\n<\/div><div class=\"element section-title center\">Acampar en la orilla del r\u00edo en Sarlat<\/div><div class=\"element bloc-text justify \">\n\t<p>Nuestro camping situado a 8 km de Sarlat tambi\u00e9n tiene acceso directo al r\u00edo donde podr\u00e1 ba\u00f1arse. <\/p>\n<p>Tambi\u00e9n puede encontrar <strong class=\"bold color5\">hermosas playas de arena a 500 m<\/strong> a pie a ambos lados del camping siguiendo el r\u00edo.<\/p>\n<\/div><\/div><div class=\"element colonne p-0\"><div class=\"element call-to-action call-to-action--have-sous-titre call-to-action--style-1 call-to-action--big\"><a href=\"https:\/\/campingleperpetuum.com\/es\/camping-piscina-sarlat\/\"  class=\"call-to-action_link\" title=\"M\u00e1s informaci\u00f3n nuestra piscina\"><div class=\"call-to-action_image\"><img decoding=\"async\" src=\"https:\/\/campingleperpetuum.com\/wp-content\/uploads\/2021\/03\/camping-piscine-dordogne-100x100.jpg\" data-src=\"https:\/\/campingleperpetuum.com\/wp-content\/uploads\/2021\/03\/camping-piscine-dordogne.jpg\" alt=\"camping piscine dordogne\" class=\"big\" \/><\/div><div class=\"call-to-action_contenu\"><div class=\"call-to-action_titre\">Nuestra piscina<\/div><div class=\"call-to-action_sous-titre\">Descubra<\/div><\/div><\/a><\/div><div class=\"element call-to-action call-to-action--have-sous-titre call-to-action--style-1 call-to-action--big\"><a href=\"https:\/\/campingleperpetuum.com\/es\/camping-borde-rio-dordogne\/\"  class=\"call-to-action_link\" title=\"M\u00e1s informaci\u00f3n de r\u00edo\"><div class=\"call-to-action_image\"><img decoding=\"async\" src=\"https:\/\/campingleperpetuum.com\/wp-content\/uploads\/2021\/03\/camping-riviere-dordogne-100x100.jpg\" data-src=\"https:\/\/campingleperpetuum.com\/wp-content\/uploads\/2021\/03\/camping-riviere-dordogne.jpg\" alt=\"camping riviere dordogne\" class=\"big\" \/><\/div><div class=\"call-to-action_contenu\"><div class=\"call-to-action_titre\">De r\u00edo<\/div><div class=\"call-to-action_sous-titre\">El borde<\/div><\/div><\/a><\/div><\/div><\/div><\/div><\/section>\n\n<section id=\"section-6050cade5a04f\"\" class=\"section sixth-home bg-color3 p-b-0\" \/><div class=\"container full\"><div class=\"colonnes-wrap valign-top \"><div class=\"element colonne p-0\"><div class=\"element call-to-action call-to-action--have-sous-titre call-to-action--style-1 call-to-action--big\"><a href=\"https:\/\/campingleperpetuum.com\/es\/turismo-sarlat\/\"  class=\"call-to-action_link\" title=\"M\u00e1s informaci\u00f3n desde sarlat\"><div class=\"call-to-action_image\"><img decoding=\"async\" src=\"https:\/\/campingleperpetuum.com\/wp-content\/uploads\/2021\/03\/camping-sarlat-100x100.jpg\" data-src=\"https:\/\/campingleperpetuum.com\/wp-content\/uploads\/2021\/03\/camping-sarlat.jpg\" alt=\"camping tourisme sarlat\" class=\"big\" \/><\/div><div class=\"call-to-action_contenu\"><div class=\"call-to-action_titre\">Desde Sarlat<\/div><div class=\"call-to-action_sous-titre\">Los callejones<\/div><\/div><\/a><\/div><div class=\"element call-to-action call-to-action--have-sous-titre call-to-action--style-1 call-to-action--big\"><a href=\"https:\/\/campingleperpetuum.com\/es\/turismo-domme\/\"  class=\"call-to-action_link\" title=\"M\u00e1s informaci\u00f3n de domme\"><div class=\"call-to-action_image\"><img decoding=\"async\" src=\"https:\/\/campingleperpetuum.com\/wp-content\/uploads\/2021\/03\/camping-domme-100x100.jpg\" data-src=\"https:\/\/campingleperpetuum.com\/wp-content\/uploads\/2021\/03\/camping-domme.jpg\" alt=\"camping tourisme domme\" class=\"big\" \/><\/div><div class=\"call-to-action_contenu\"><div class=\"call-to-action_titre\">De Domme<\/div><div class=\"call-to-action_sous-titre\">La belleza<\/div><\/div><\/a><\/div><\/div><div class=\"element colonne p-0\"><h2 class=\"element section-title justify p-x-2\">Descubra la regi\u00f3n de Sarlat<\/h2><div class=\"element section-title justify p-x-2\">\u00a1No hay que perderse!<\/div><div class=\"element bloc-text justify p-x-2 m-b-4\">\n\t<p>El P\u00e9rigord es una hermosa regi\u00f3n verde repleta de lugares de inter\u00e9s para todos los gustos. Puede realizar visitas hist\u00f3ricas, as\u00ed como pasear por los <strong class=\"bold color1\">Pueblos m\u00e1s bonitos de Francia<\/strong> o descender en canoa por el r\u00edo. Este rinc\u00f3n del para\u00edso est\u00e1 repleto de historia, arqueolog\u00eda, cuevas y parques tem\u00e1ticos que pueden satisfacer a grandes y peque\u00f1os. La Dordo\u00f1a tambi\u00e9n cuenta con un gran patrimonio gastron\u00f3mico que har\u00e1 las delicias de su paladar durante toda su estancia.<\/p>\n<p>El pueblo de Domme es uno de los <strong class=\"bold color1\">Pueblos m\u00e1s bonitos de Francia<\/strong>. Domina el valle y ofrece una magn\u00edfica vista de los alrededores. Puede pasear por las calles peatonales mientras come un helado, visitar la bastida y disfrutar de las vistas.<\/p>\n<p>El camping Le Perpetuum se encuentra a s\u00f3lo 8 km de Sarlat La Can\u00e9da. As\u00ed que puedes visitar esta <strong class=\"bold color1\">magn\u00edfica ciudad medieval<\/strong> llena de bellos edificios patrimoniales y disfrutar de todas sus actividades culturales y gastron\u00f3micas.<\/p>\n<p>La Dordo\u00f1a es una hermosa regi\u00f3n verde repleta de <strong class=\"bold color1\">numerables lugares tur\u00edsticos<\/strong> para todos los gustos. Podr\u00e1 realizar visitas hist\u00f3ricas, as\u00ed como pasear por los pueblos m\u00e1s bellos de Francia o descender en canoa por el r\u00edo. Este rinc\u00f3n del para\u00edso est\u00e1 repleto de historia, arqueolog\u00eda, cuevas y parques tem\u00e1ticos que pueden satisfacer a grandes y peque\u00f1os. La Dordo\u00f1a tambi\u00e9n cuenta con un gran patrimonio gastron\u00f3mico que har\u00e1 las delicias de su paladar durante toda su estancia.<\/p>\n<\/div><div class=\"element call-to-action call-to-action--have-sous-titre call-to-action--style-1 call-to-action--big\"><a href=\"https:\/\/campingleperpetuum.com\/es\/camping-perigord\/\"  class=\"call-to-action_link\" title=\"M\u00e1s informaci\u00f3n &#038; la dordogne\"><div class=\"call-to-action_image\"><img decoding=\"async\" src=\"https:\/\/campingleperpetuum.com\/wp-content\/uploads\/2021\/03\/camping-dordogne-1-100x100.jpg\" data-src=\"https:\/\/campingleperpetuum.com\/wp-content\/uploads\/2021\/03\/camping-dordogne-1.jpg\" alt=\"camping tourisme dordogne\" class=\"big\" \/><\/div><div class=\"call-to-action_contenu\"><div class=\"call-to-action_titre\">&#038; La Dordogne<\/div><div class=\"call-to-action_sous-titre\">El Perigord<\/div><\/div><\/a><\/div><\/div><\/div><\/div><\/section>","protected":false},"excerpt":{"rendered":"","protected":false},"author":1,"featured_media":0,"parent":0,"menu_order":0,"comment_status":"closed","ping_status":"closed","template":"","meta":{"_acf_changed":false,"footnotes":""},"class_list":["post-2615","page","type-page","status-publish","hentry"],"acf":[],"yoast_head":"<!-- This site is optimized with the Yoast SEO plugin v25.3 - https:\/\/yoast.com\/wordpress\/plugins\/seo\/ -->\n<title>Camping en Sarlat | Camping el Perpetuum | Camping en Dordogne (24)<\/title>\n<meta name=\"robots\" content=\"index, follow, max-snippet:-1, max-image-preview:large, max-video-preview:-1\" \/>\n<link rel=\"canonical\" href=\"https:\/\/campingleperpetuum.com\/es\/\" \/>\n<meta property=\"og:locale\" content=\"es_ES\" \/>\n<meta property=\"og:type\" content=\"article\" \/>\n<meta property=\"og:title\" content=\"Camping en Sarlat | Camping el Perpetuum | Camping en Dordogne (24)\" \/>\n<meta property=\"og:url\" content=\"https:\/\/campingleperpetuum.com\/es\/\" \/>\n<meta property=\"og:site_name\" content=\"Camping le Perpetuum\" \/>\n<meta property=\"article:modified_time\" content=\"2023-01-05T10:52:49+00:00\" \/>\n<meta name=\"twitter:card\" content=\"summary_large_image\" \/>\n<script type=\"application\/ld+json\" class=\"yoast-schema-graph\">{\"@context\":\"https:\/\/schema.org\",\"@graph\":[{\"@type\":\"WebPage\",\"@id\":\"https:\/\/campingleperpetuum.com\/es\/\",\"url\":\"https:\/\/campingleperpetuum.com\/es\/\",\"name\":\"Camping en Sarlat | Camping el Perpetuum | Camping en Dordogne (24)\",\"isPartOf\":{\"@id\":\"https:\/\/campingleperpetuum.com\/es\/#website\"},\"datePublished\":\"2021-03-16T10:43:30+00:00\",\"dateModified\":\"2023-01-05T10:52:49+00:00\",\"breadcrumb\":{\"@id\":\"https:\/\/campingleperpetuum.com\/es\/#breadcrumb\"},\"inLanguage\":\"es\",\"potentialAction\":[{\"@type\":\"ReadAction\",\"target\":[\"https:\/\/campingleperpetuum.com\/es\/\"]}]},{\"@type\":\"BreadcrumbList\",\"@id\":\"https:\/\/campingleperpetuum.com\/es\/#breadcrumb\",\"itemListElement\":[{\"@type\":\"ListItem\",\"position\":1,\"name\":\"Camping Sarlat\",\"item\":\"https:\/\/campingleperpetuum.com\/es\/\"},{\"@type\":\"ListItem\",\"position\":2,\"name\":\"Accueil\"}]},{\"@type\":\"WebSite\",\"@id\":\"https:\/\/campingleperpetuum.com\/es\/#website\",\"url\":\"https:\/\/campingleperpetuum.com\/es\/\",\"name\":\"Camping le Perpetuum\",\"description\":\"\",\"publisher\":{\"@id\":\"https:\/\/campingleperpetuum.com\/es\/#organization\"},\"inLanguage\":\"es\"},{\"@type\":\"Organization\",\"@id\":\"https:\/\/campingleperpetuum.com\/es\/#organization\",\"name\":\"Camping Perpetuum\",\"url\":\"https:\/\/campingleperpetuum.com\/es\/\",\"logo\":{\"@type\":\"ImageObject\",\"inLanguage\":\"es\",\"@id\":\"https:\/\/campingleperpetuum.com\/es\/#\/schema\/logo\/image\/\",\"url\":\"https:\/\/campingleperpetuum.com\/wp-content\/uploads\/2021\/03\/camping-perpetuum-1.png\",\"contentUrl\":\"https:\/\/campingleperpetuum.com\/wp-content\/uploads\/2021\/03\/camping-perpetuum-1.png\",\"width\":200,\"height\":200,\"caption\":\"Camping Perpetuum\"},\"image\":{\"@id\":\"https:\/\/campingleperpetuum.com\/es\/#\/schema\/logo\/image\/\"}}]}<\/script>\n<!-- \/ Yoast SEO plugin. -->","yoast_head_json":{"title":"Camping en Sarlat | Camping el Perpetuum | Camping en Dordogne (24)","robots":{"index":"index","follow":"follow","max-snippet":"max-snippet:-1","max-image-preview":"max-image-preview:large","max-video-preview":"max-video-preview:-1"},"canonical":"https:\/\/campingleperpetuum.com\/es\/","og_locale":"es_ES","og_type":"article","og_title":"Camping en Sarlat | Camping el Perpetuum | Camping en Dordogne (24)","og_url":"https:\/\/campingleperpetuum.com\/es\/","og_site_name":"Camping le Perpetuum","article_modified_time":"2023-01-05T10:52:49+00:00","twitter_card":"summary_large_image","schema":{"@context":"https:\/\/schema.org","@graph":[{"@type":"WebPage","@id":"https:\/\/campingleperpetuum.com\/es\/","url":"https:\/\/campingleperpetuum.com\/es\/","name":"Camping en Sarlat | Camping el Perpetuum | Camping en Dordogne (24)","isPartOf":{"@id":"https:\/\/campingleperpetuum.com\/es\/#website"},"datePublished":"2021-03-16T10:43:30+00:00","dateModified":"2023-01-05T10:52:49+00:00","breadcrumb":{"@id":"https:\/\/campingleperpetuum.com\/es\/#breadcrumb"},"inLanguage":"es","potentialAction":[{"@type":"ReadAction","target":["https:\/\/campingleperpetuum.com\/es\/"]}]},{"@type":"BreadcrumbList","@id":"https:\/\/campingleperpetuum.com\/es\/#breadcrumb","itemListElement":[{"@type":"ListItem","position":1,"name":"Camping Sarlat","item":"https:\/\/campingleperpetuum.com\/es\/"},{"@type":"ListItem","position":2,"name":"Accueil"}]},{"@type":"WebSite","@id":"https:\/\/campingleperpetuum.com\/es\/#website","url":"https:\/\/campingleperpetuum.com\/es\/","name":"Camping le Perpetuum","description":"","publisher":{"@id":"https:\/\/campingleperpetuum.com\/es\/#organization"},"inLanguage":"es"},{"@type":"Organization","@id":"https:\/\/campingleperpetuum.com\/es\/#organization","name":"Camping Perpetuum","url":"https:\/\/campingleperpetuum.com\/es\/","logo":{"@type":"ImageObject","inLanguage":"es","@id":"https:\/\/campingleperpetuum.com\/es\/#\/schema\/logo\/image\/","url":"https:\/\/campingleperpetuum.com\/wp-content\/uploads\/2021\/03\/camping-perpetuum-1.png","contentUrl":"https:\/\/campingleperpetuum.com\/wp-content\/uploads\/2021\/03\/camping-perpetuum-1.png","width":200,"height":200,"caption":"Camping Perpetuum"},"image":{"@id":"https:\/\/campingleperpetuum.com\/es\/#\/schema\/logo\/image\/"}}]}},"_links":{"self":[{"href":"https:\/\/campingleperpetuum.com\/es\/wp-json\/wp\/v2\/pages\/2615","targetHints":{"allow":["GET"]}}],"collection":[{"href":"https:\/\/campingleperpetuum.com\/es\/wp-json\/wp\/v2\/pages"}],"about":[{"href":"https:\/\/campingleperpetuum.com\/es\/wp-json\/wp\/v2\/types\/page"}],"author":[{"embeddable":true,"href":"https:\/\/campingleperpetuum.com\/es\/wp-json\/wp\/v2\/users\/1"}],"replies":[{"embeddable":true,"href":"https:\/\/campingleperpetuum.com\/es\/wp-json\/wp\/v2\/comments?post=2615"}],"version-history":[{"count":13,"href":"https:\/\/campingleperpetuum.com\/es\/wp-json\/wp\/v2\/pages\/2615\/revisions"}],"predecessor-version":[{"id":3778,"href":"https:\/\/campingleperpetuum.com\/es\/wp-json\/wp\/v2\/pages\/2615\/revisions\/3778"}],"wp:attachment":[{"href":"https:\/\/campingleperpetuum.com\/es\/wp-json\/wp\/v2\/media?parent=2615"}],"curies":[{"name":"wp","href":"https:\/\/api.w.org\/{rel}","templated":true}]}}