{"id":2631,"date":"2021-03-16T12:11:22","date_gmt":"2021-03-16T11:11:22","guid":{"rendered":"https:\/\/campingleperpetuum.com\/camping-piscine-sarlat\/"},"modified":"2021-06-17T17:00:06","modified_gmt":"2021-06-17T15:00:06","slug":"camping-piscina-sarlat","status":"publish","type":"page","link":"https:\/\/campingleperpetuum.com\/es\/camping-piscina-sarlat\/","title":{"rendered":"Autour de l&#8217;eau : La Piscine"},"content":{"rendered":"<section id=\"section-60520720da256\"\" class=\"section first-home bg-white p-t-0 p-b-0\" \/><div class=\"container extralarge\"><div class=\"colonnes-wrap valign-middle \"><div class=\"element colonne w-60 p-5\"><h1 class=\"element section-title center font-1\">Camping con piscina en Sarlat<\/h1><h2 class=\"element section-title center font-2\">Piscina climatizada en Sarlat<\/h2><div class=\"element bloc-text justify \">\n\t<p>El <a href=\"\/es\/\">camping en Sarlat<\/a> cuenta con <strong class=\"bold color1\">dos grandes piscinas y una seta<\/strong> que har\u00e1n las delicias de toda la familia. Nuestras piscinas est\u00e1n situadas en el centro del camping, frente a la recepci\u00f3n y el bar. Tener el r\u00edo al borde del camping evita tener demasiada gente en las piscinas y permite cierta rotaci\u00f3n. As\u00ed, las sombrillas y las tumbonas le esperan para <strong class=\"bold color1\">descansar<\/strong>.<\/p>\n<p>Nuestra primera <strong class=\"bold color1\">piscina se calienta a 28\u00b0C<\/strong> a partir de mayo para que pueda <strong class=\"bold color1\">disfrutar de los primeros d\u00edas de primavera<\/strong> hasta septiembre para aprovechar los \u00faltimos d\u00edas bonitos. Para reconocer directamente esta piscina, es la que tiene escrito Le Perpetuum en el fondo. Para que pueda descansar tranquilamente mientras observa a sus hijos, <strong class=\"bold color1\">la zona de agua<\/strong> est\u00e1 rodeada de tumbonas y sombrillas. <\/p>\n<p>Nuestra segunda piscina inclinada es perfecta para que <strong class=\"bold color1\">toda la familia<\/strong> juegue junta en el agua sin estar en la piscina infantil. Esta piscina tambi\u00e9n permite <strong class=\"bold color1\">hacer vueltas<\/strong>.<\/p>\n<p>La piscina infantil equipada con su seta har\u00e1 las delicias de los m\u00e1s peque\u00f1os y les permitir\u00e1 <strong class=\"bold color1\">dar un paseo seguro<\/strong> bajo la atenta mirada de sus padres.<\/p>\n<\/div><\/div><div class=\"element colonne w-40\"><div class=\"element images scroll-x-mobile\"><div class=\"image\"><img decoding=\"async\" src=\"https:\/\/campingleperpetuum.com\/wp-content\/uploads\/2021\/05\/espace-aquatique-dordogne-92x100.jpg\" data-src=\"https:\/\/campingleperpetuum.com\/wp-content\/uploads\/2021\/05\/espace-aquatique-dordogne.jpg\" alt=\"espace aquatique dordogne\" class=\"images_image\" \/><\/div><\/div><\/div><\/div><\/div><\/section>\n\n<section id=\"section-60520720da3eb\"\" class=\"section bg-white p-t-0 p-b-0\" \/><div class=\"container full\"><div class=\"element images scroll-x-mobile\"><div class=\"image\"><img decoding=\"async\" src=\"https:\/\/campingleperpetuum.com\/wp-content\/uploads\/2021\/03\/piscine-famille-dordogne-100x100.jpg\" data-src=\"https:\/\/campingleperpetuum.com\/wp-content\/uploads\/2021\/03\/piscine-famille-dordogne.jpg\" alt=\"piscine famille dordogne\" class=\"images_image\" \/><\/div><div class=\"image\"><img decoding=\"async\" src=\"https:\/\/campingleperpetuum.com\/wp-content\/uploads\/2021\/03\/piscine-enfant-dordogne-100x100.jpg\" data-src=\"https:\/\/campingleperpetuum.com\/wp-content\/uploads\/2021\/03\/piscine-enfant-dordogne.jpg\" alt=\"piscine enfant dordogne\" class=\"images_image\" \/><\/div><div class=\"image\"><img decoding=\"async\" src=\"https:\/\/campingleperpetuum.com\/wp-content\/uploads\/2021\/03\/espace-aquatique-dordogne-92x100.jpg\" data-src=\"https:\/\/campingleperpetuum.com\/wp-content\/uploads\/2021\/03\/espace-aquatique-dordogne.jpg\" alt=\"espace aquatique dordogne\" class=\"images_image\" \/><\/div><div class=\"image\"><img decoding=\"async\" src=\"https:\/\/campingleperpetuum.com\/wp-content\/uploads\/2021\/03\/camping-piscine-dordogne-1-100x100.jpg\" data-src=\"https:\/\/campingleperpetuum.com\/wp-content\/uploads\/2021\/03\/camping-piscine-dordogne-1.jpg\" alt=\"camping piscine dordogne\" class=\"images_image\" \/><\/div><\/div><\/div><\/section>\n\n<section id=\"section-60520720da5f0\"\" class=\"section fifth-home bg-color1 p-t-0 p-b-0\" \/><div class=\"container full\"><div class=\"colonnes-wrap valign-middle \"><div class=\"element colonne \"><h2 class=\"element section-title center\">Zona acu\u00e1tica en Sarlat<\/h2><div class=\"element bloc-text center \">\n\t<p>Nuestras <strong class=\"bold color5\">2 piscinas acogen<\/strong>, en verano, actividades acu\u00e1ticas que permitir\u00e1n a toda la familia divertirse mientras disfrutan del refresco que hace el agua. <\/p>\n<p>Por ejemplo, puede participar en el despertar muscular acu\u00e1tico todas las ma\u00f1anas de lunes a viernes. <\/p>\n<p>La piscina abre a las 10.00 horas y cierra a las 20.00 horas. Alrededor de la piscina hay caba\u00f1as donde se puede cambiar al lado de la piscina. <\/p>\n<p>El camping Le Perpetuum no acepta boyas hinchables ni ba\u00f1adores en la zona de la piscina. Tambi\u00e9n pedimos a nuestros campistas que no dejen sus toallas en las tumbonas todo el d\u00eda para que todos puedan tomar el sol por turnos. <\/p>\n<\/div><\/div><div class=\"element colonne p-0\"><div class=\"element images scroll-x-mobile\"><div class=\"image\"><img decoding=\"async\" src=\"https:\/\/campingleperpetuum.com\/wp-content\/uploads\/2021\/04\/piscine-ombre-100x38.jpg\" data-src=\"https:\/\/campingleperpetuum.com\/wp-content\/uploads\/2021\/04\/piscine-ombre.jpg\" alt=\"piscines dordogne\" class=\"images_image\" \/><\/div><\/div><div class=\"element images scroll-x-mobile\"><div class=\"image\"><img decoding=\"async\" src=\"https:\/\/campingleperpetuum.com\/wp-content\/uploads\/2021\/03\/piscine-chauffee-dordogne-100x34.jpg\" data-src=\"https:\/\/campingleperpetuum.com\/wp-content\/uploads\/2021\/03\/piscine-chauffee-dordogne.jpg\" alt=\"piscine chauff\u00e9e dordogne\" class=\"images_image\" \/><\/div><\/div><\/div><\/div><\/div><\/section>\n\n<section id=\"section-60520720da7ba\"\" class=\"section bg-white\" \/><div class=\"container extralarge\"><div class=\"element section-title center titre-cta\">Nuestros servicios en el camping<\/div><ul class=\"liste-de-page scroll-x-mobile\"><li class=\"element call-to-action call-to-action--have-sous-titre call-to-action--style-1 call-to-action--normal\"><a href=\"https:\/\/campingleperpetuum.com\/es\/camping-borde-rio-dordogne\/\"  class=\"call-to-action_link\" title=\"M\u00e1s informaci\u00f3n de r\u00edo\"><div class=\"call-to-action_image\"><img decoding=\"async\" src=\"https:\/\/campingleperpetuum.com\/wp-content\/uploads\/2021\/03\/camping-riviere-dordogne-100x100.jpg\" data-src=\"https:\/\/campingleperpetuum.com\/wp-content\/uploads\/2021\/03\/camping-riviere-dordogne.jpg\" alt=\"camping riviere dordogne\" class=\"normal\" \/><\/div><div class=\"call-to-action_contenu\"><div class=\"call-to-action_titre\">De r\u00edo<\/div><div class=\"call-to-action_sous-titre\">El borde<\/div><\/div><\/a><\/li><li class=\"element call-to-action call-to-action--have-sous-titre call-to-action--style-1 call-to-action--normal\"><a href=\"https:\/\/campingleperpetuum.com\/es\/ubicacion-mobil-home-sarlat\/\"  class=\"call-to-action_link\" title=\"M\u00e1s informaci\u00f3n nuestros alquileres\"><div class=\"call-to-action_image\"><img decoding=\"async\" src=\"https:\/\/campingleperpetuum.com\/wp-content\/uploads\/2021\/03\/mobil-home-dordogne-100x100.jpg\" data-src=\"https:\/\/campingleperpetuum.com\/wp-content\/uploads\/2021\/03\/mobil-home-dordogne.jpg\" alt=\"mobil home dordogne\" class=\"normal\" \/><\/div><div class=\"call-to-action_contenu\"><div class=\"call-to-action_titre\">Nuestros alquileres<\/div><div class=\"call-to-action_sous-titre\">Descubra<\/div><\/div><\/a><\/li><li class=\"element call-to-action call-to-action--have-sous-titre call-to-action--style-1 call-to-action--normal\"><a href=\"https:\/\/campingleperpetuum.com\/es\/camping-familia-sarlat\/\"  class=\"call-to-action_link\" title=\"M\u00e1s informaci\u00f3n nuestros servicios\"><div class=\"call-to-action_image\"><img decoding=\"async\" src=\"https:\/\/campingleperpetuum.com\/wp-content\/uploads\/2021\/03\/randonne-camping-77x100.jpg\" data-src=\"https:\/\/campingleperpetuum.com\/wp-content\/uploads\/2021\/03\/randonne-camping.jpg\" alt=\"domme randonne camping\" class=\"normal\" \/><\/div><div class=\"call-to-action_contenu\"><div class=\"call-to-action_titre\">Nuestros servicios<\/div><div class=\"call-to-action_sous-titre\">Descubra<\/div><\/div><\/a><\/li><\/ul><\/div><\/section>","protected":false},"excerpt":{"rendered":"","protected":false},"author":1,"featured_media":158,"parent":0,"menu_order":0,"comment_status":"closed","ping_status":"closed","template":"","meta":{"_acf_changed":false,"footnotes":""},"class_list":["post-2631","page","type-page","status-publish","has-post-thumbnail","hentry"],"acf":[],"yoast_head":"<!-- This site is optimized with the Yoast SEO plugin v25.3 - https:\/\/yoast.com\/wordpress\/plugins\/seo\/ -->\n<title>Piscina del camping Sarlat | Piscina climatizada en Sarlat<\/title>\n<meta name=\"robots\" content=\"index, follow, max-snippet:-1, max-image-preview:large, max-video-preview:-1\" \/>\n<link rel=\"canonical\" href=\"https:\/\/campingleperpetuum.com\/es\/camping-piscina-sarlat\/\" \/>\n<meta property=\"og:locale\" content=\"es_ES\" \/>\n<meta property=\"og:type\" content=\"article\" \/>\n<meta property=\"og:title\" content=\"Piscina del camping Sarlat | Piscina climatizada en Sarlat\" \/>\n<meta property=\"og:url\" content=\"https:\/\/campingleperpetuum.com\/es\/camping-piscina-sarlat\/\" \/>\n<meta property=\"og:site_name\" content=\"Camping le Perpetuum\" \/>\n<meta property=\"article:modified_time\" content=\"2021-06-17T15:00:06+00:00\" \/>\n<meta property=\"og:image\" content=\"https:\/\/campingleperpetuum.com\/wp-content\/uploads\/2021\/03\/piscine-dordogne.jpg\" \/>\n\t<meta property=\"og:image:width\" content=\"1903\" \/>\n\t<meta property=\"og:image:height\" content=\"451\" \/>\n\t<meta property=\"og:image:type\" content=\"image\/jpeg\" \/>\n<meta name=\"twitter:card\" content=\"summary_large_image\" \/>\n<script type=\"application\/ld+json\" class=\"yoast-schema-graph\">{\"@context\":\"https:\/\/schema.org\",\"@graph\":[{\"@type\":\"WebPage\",\"@id\":\"https:\/\/campingleperpetuum.com\/es\/camping-piscina-sarlat\/\",\"url\":\"https:\/\/campingleperpetuum.com\/es\/camping-piscina-sarlat\/\",\"name\":\"Piscina del camping Sarlat | Piscina climatizada en Sarlat\",\"isPartOf\":{\"@id\":\"https:\/\/campingleperpetuum.com\/es\/#website\"},\"primaryImageOfPage\":{\"@id\":\"https:\/\/campingleperpetuum.com\/es\/camping-piscina-sarlat\/#primaryimage\"},\"image\":{\"@id\":\"https:\/\/campingleperpetuum.com\/es\/camping-piscina-sarlat\/#primaryimage\"},\"thumbnailUrl\":\"https:\/\/campingleperpetuum.com\/wp-content\/uploads\/2021\/03\/piscine-dordogne.jpg\",\"datePublished\":\"2021-03-16T11:11:22+00:00\",\"dateModified\":\"2021-06-17T15:00:06+00:00\",\"breadcrumb\":{\"@id\":\"https:\/\/campingleperpetuum.com\/es\/camping-piscina-sarlat\/#breadcrumb\"},\"inLanguage\":\"es\",\"potentialAction\":[{\"@type\":\"ReadAction\",\"target\":[\"https:\/\/campingleperpetuum.com\/es\/camping-piscina-sarlat\/\"]}]},{\"@type\":\"ImageObject\",\"inLanguage\":\"es\",\"@id\":\"https:\/\/campingleperpetuum.com\/es\/camping-piscina-sarlat\/#primaryimage\",\"url\":\"https:\/\/campingleperpetuum.com\/wp-content\/uploads\/2021\/03\/piscine-dordogne.jpg\",\"contentUrl\":\"https:\/\/campingleperpetuum.com\/wp-content\/uploads\/2021\/03\/piscine-dordogne.jpg\",\"width\":1903,\"height\":451,\"caption\":\"piscine dordogne\"},{\"@type\":\"BreadcrumbList\",\"@id\":\"https:\/\/campingleperpetuum.com\/es\/camping-piscina-sarlat\/#breadcrumb\",\"itemListElement\":[{\"@type\":\"ListItem\",\"position\":1,\"name\":\"Camping Sarlat\",\"item\":\"https:\/\/campingleperpetuum.com\/es\/\"},{\"@type\":\"ListItem\",\"position\":2,\"name\":\"Piscina climatizada Sarlat\"}]},{\"@type\":\"WebSite\",\"@id\":\"https:\/\/campingleperpetuum.com\/es\/#website\",\"url\":\"https:\/\/campingleperpetuum.com\/es\/\",\"name\":\"Camping le Perpetuum\",\"description\":\"\",\"publisher\":{\"@id\":\"https:\/\/campingleperpetuum.com\/es\/#organization\"},\"inLanguage\":\"es\"},{\"@type\":\"Organization\",\"@id\":\"https:\/\/campingleperpetuum.com\/es\/#organization\",\"name\":\"Camping Perpetuum\",\"url\":\"https:\/\/campingleperpetuum.com\/es\/\",\"logo\":{\"@type\":\"ImageObject\",\"inLanguage\":\"es\",\"@id\":\"https:\/\/campingleperpetuum.com\/es\/#\/schema\/logo\/image\/\",\"url\":\"https:\/\/campingleperpetuum.com\/wp-content\/uploads\/2021\/03\/camping-perpetuum-1.png\",\"contentUrl\":\"https:\/\/campingleperpetuum.com\/wp-content\/uploads\/2021\/03\/camping-perpetuum-1.png\",\"width\":200,\"height\":200,\"caption\":\"Camping Perpetuum\"},\"image\":{\"@id\":\"https:\/\/campingleperpetuum.com\/es\/#\/schema\/logo\/image\/\"}}]}<\/script>\n<!-- \/ Yoast SEO plugin. -->","yoast_head_json":{"title":"Piscina del camping Sarlat | Piscina climatizada en Sarlat","robots":{"index":"index","follow":"follow","max-snippet":"max-snippet:-1","max-image-preview":"max-image-preview:large","max-video-preview":"max-video-preview:-1"},"canonical":"https:\/\/campingleperpetuum.com\/es\/camping-piscina-sarlat\/","og_locale":"es_ES","og_type":"article","og_title":"Piscina del camping Sarlat | Piscina climatizada en Sarlat","og_url":"https:\/\/campingleperpetuum.com\/es\/camping-piscina-sarlat\/","og_site_name":"Camping le Perpetuum","article_modified_time":"2021-06-17T15:00:06+00:00","og_image":[{"width":1903,"height":451,"url":"https:\/\/campingleperpetuum.com\/wp-content\/uploads\/2021\/03\/piscine-dordogne.jpg","type":"image\/jpeg"}],"twitter_card":"summary_large_image","schema":{"@context":"https:\/\/schema.org","@graph":[{"@type":"WebPage","@id":"https:\/\/campingleperpetuum.com\/es\/camping-piscina-sarlat\/","url":"https:\/\/campingleperpetuum.com\/es\/camping-piscina-sarlat\/","name":"Piscina del camping Sarlat | Piscina climatizada en Sarlat","isPartOf":{"@id":"https:\/\/campingleperpetuum.com\/es\/#website"},"primaryImageOfPage":{"@id":"https:\/\/campingleperpetuum.com\/es\/camping-piscina-sarlat\/#primaryimage"},"image":{"@id":"https:\/\/campingleperpetuum.com\/es\/camping-piscina-sarlat\/#primaryimage"},"thumbnailUrl":"https:\/\/campingleperpetuum.com\/wp-content\/uploads\/2021\/03\/piscine-dordogne.jpg","datePublished":"2021-03-16T11:11:22+00:00","dateModified":"2021-06-17T15:00:06+00:00","breadcrumb":{"@id":"https:\/\/campingleperpetuum.com\/es\/camping-piscina-sarlat\/#breadcrumb"},"inLanguage":"es","potentialAction":[{"@type":"ReadAction","target":["https:\/\/campingleperpetuum.com\/es\/camping-piscina-sarlat\/"]}]},{"@type":"ImageObject","inLanguage":"es","@id":"https:\/\/campingleperpetuum.com\/es\/camping-piscina-sarlat\/#primaryimage","url":"https:\/\/campingleperpetuum.com\/wp-content\/uploads\/2021\/03\/piscine-dordogne.jpg","contentUrl":"https:\/\/campingleperpetuum.com\/wp-content\/uploads\/2021\/03\/piscine-dordogne.jpg","width":1903,"height":451,"caption":"piscine dordogne"},{"@type":"BreadcrumbList","@id":"https:\/\/campingleperpetuum.com\/es\/camping-piscina-sarlat\/#breadcrumb","itemListElement":[{"@type":"ListItem","position":1,"name":"Camping Sarlat","item":"https:\/\/campingleperpetuum.com\/es\/"},{"@type":"ListItem","position":2,"name":"Piscina climatizada Sarlat"}]},{"@type":"WebSite","@id":"https:\/\/campingleperpetuum.com\/es\/#website","url":"https:\/\/campingleperpetuum.com\/es\/","name":"Camping le Perpetuum","description":"","publisher":{"@id":"https:\/\/campingleperpetuum.com\/es\/#organization"},"inLanguage":"es"},{"@type":"Organization","@id":"https:\/\/campingleperpetuum.com\/es\/#organization","name":"Camping Perpetuum","url":"https:\/\/campingleperpetuum.com\/es\/","logo":{"@type":"ImageObject","inLanguage":"es","@id":"https:\/\/campingleperpetuum.com\/es\/#\/schema\/logo\/image\/","url":"https:\/\/campingleperpetuum.com\/wp-content\/uploads\/2021\/03\/camping-perpetuum-1.png","contentUrl":"https:\/\/campingleperpetuum.com\/wp-content\/uploads\/2021\/03\/camping-perpetuum-1.png","width":200,"height":200,"caption":"Camping Perpetuum"},"image":{"@id":"https:\/\/campingleperpetuum.com\/es\/#\/schema\/logo\/image\/"}}]}},"_links":{"self":[{"href":"https:\/\/campingleperpetuum.com\/es\/wp-json\/wp\/v2\/pages\/2631","targetHints":{"allow":["GET"]}}],"collection":[{"href":"https:\/\/campingleperpetuum.com\/es\/wp-json\/wp\/v2\/pages"}],"about":[{"href":"https:\/\/campingleperpetuum.com\/es\/wp-json\/wp\/v2\/types\/page"}],"author":[{"embeddable":true,"href":"https:\/\/campingleperpetuum.com\/es\/wp-json\/wp\/v2\/users\/1"}],"replies":[{"embeddable":true,"href":"https:\/\/campingleperpetuum.com\/es\/wp-json\/wp\/v2\/comments?post=2631"}],"version-history":[{"count":7,"href":"https:\/\/campingleperpetuum.com\/es\/wp-json\/wp\/v2\/pages\/2631\/revisions"}],"predecessor-version":[{"id":2723,"href":"https:\/\/campingleperpetuum.com\/es\/wp-json\/wp\/v2\/pages\/2631\/revisions\/2723"}],"wp:featuredmedia":[{"embeddable":true,"href":"https:\/\/campingleperpetuum.com\/es\/wp-json\/wp\/v2\/media\/158"}],"wp:attachment":[{"href":"https:\/\/campingleperpetuum.com\/es\/wp-json\/wp\/v2\/media?parent=2631"}],"curies":[{"name":"wp","href":"https:\/\/api.w.org\/{rel}","templated":true}]}}