{"id":2657,"date":"2021-03-16T12:11:52","date_gmt":"2021-03-16T11:11:52","guid":{"rendered":"https:\/\/campingleperpetuum.com\/location-mobil-home-sarlat\/"},"modified":"2021-05-26T16:41:40","modified_gmt":"2021-05-26T14:41:40","slug":"ubicacion-mobil-home-sarlat","status":"publish","type":"page","link":"https:\/\/campingleperpetuum.com\/es\/ubicacion-mobil-home-sarlat\/","title":{"rendered":"H\u00e9bergements : Nos mobil-homes"},"content":{"rendered":"<section id=\"section-60520720da256\"\" class=\"section first-home bg-white\" \/><div class=\"container extralarge\"><h1 class=\"element section-title center font-1\">Alquile su casa m\u00f3vil en Sarlat<\/h1><\/div><\/section>\n\n<section id=\"section-606d99e7c2481\"\" class=\"section first-home bg-white\" \/><div class=\"container full\"><div class=\"filtres\"><\/div><ul class=\"liste-de-page hebergements\"><div class=\"row container extralarge\"><li class=\"hebergement hebergement--init hebergement--style-1  nombre-de-chambres-2 nombre-de-personnes-4 superficie-21\"id=\"2175\"><div class=\"hebergement_image\"><img decoding=\"async\" src=\"https:\/\/campingleperpetuum.com\/wp-content\/uploads\/2021\/03\/lcoation-mobil-home.jpg\" data-src=\"https:\/\/campingleperpetuum.com\/wp-content\/uploads\/2021\/03\/lcoation-mobil-home.jpg\" alt=\"location mobil home\" class=\"\" \/><\/div><div class=\"hebergement_content\"><div class=\"hebergement_titre hebergement_titre section-title decoration\">Casa m\u00f3vil B 21m<\/div><\/div><div class=\"hebergement-attributs\"><span class=\"attribut nombre-de-chambres\">2 habitaciones<\/span><span class=\"attribut nombre-de-personnes\">4 personas<\/span><span class=\"attribut superficie\">21m\u00b2<\/span><\/div><\/li><li class=\"hebergement hebergement--init hebergement--style-1  nombre-de-chambres-2 nombre-de-personnes-46 superficie-27\"id=\"2179\"><div class=\"hebergement_image\"><img decoding=\"async\" src=\"https:\/\/campingleperpetuum.com\/wp-content\/uploads\/2021\/03\/exterieur-mobil-home-1.jpg\" data-src=\"https:\/\/campingleperpetuum.com\/wp-content\/uploads\/2021\/03\/exterieur-mobil-home-1.jpg\" alt=\" exterieur-mobil-home\" class=\"\" \/><\/div><div class=\"hebergement_content\"><div class=\"hebergement_titre hebergement_titre section-title decoration\">Casa m\u00f3vil A 27m\u00b2<\/div><\/div><div class=\"hebergement-attributs\"><span class=\"attribut nombre-de-chambres\">2 habitaciones<\/span><span class=\"attribut nombre-de-personnes\">4\/6 personas<\/span><span class=\"attribut superficie\">27m\u00b2<\/span><\/div><\/li><li class=\"hebergement hebergement--init hebergement--style-1  nombre-de-chambres-2 nombre-de-personnes-45 superficie-27\"id=\"2183\"><div class=\"hebergement_image\"><img decoding=\"async\" src=\"https:\/\/campingleperpetuum.com\/wp-content\/uploads\/2021\/03\/mobil-home-camping.jpg\" data-src=\"https:\/\/campingleperpetuum.com\/wp-content\/uploads\/2021\/03\/mobil-home-camping.jpg\" alt=\"mobil-home-camping\" class=\"\" \/><\/div><div class=\"hebergement_content\"><div class=\"hebergement_titre hebergement_titre section-title decoration\">Casa m\u00f3vil de lujo de 27m\u00b2.<\/div><\/div><div class=\"hebergement-attributs\"><span class=\"attribut nombre-de-chambres\">2 habitaciones<\/span><span class=\"attribut nombre-de-personnes\">4\/5 personas<\/span><span class=\"attribut superficie\">27m\u00b2<\/span><\/div><\/li><li class=\"hebergement hebergement--init hebergement--style-1  nombre-de-chambres-3 nombre-de-personnes-46 superficie-32\"id=\"2187\"><div class=\"hebergement_image\"><img decoding=\"async\" src=\"https:\/\/campingleperpetuum.com\/wp-content\/uploads\/2021\/03\/MH-family-exterieur-e1774016218514.webp\" data-src=\"https:\/\/campingleperpetuum.com\/wp-content\/uploads\/2021\/03\/MH-family-exterieur-e1774016218514.webp\" alt=\"\" class=\"\" \/><\/div><div class=\"hebergement_content\"><div class=\"hebergement_titre hebergement_titre section-title decoration\">Casa m\u00f3vil T 32m \u00b2<\/div><\/div><div class=\"hebergement-attributs\"><span class=\"attribut nombre-de-chambres\">3 habitaciones<\/span><span class=\"attribut nombre-de-personnes\">4\/6 personas<\/span><span class=\"attribut superficie\">32m\u00b2<\/span><\/div><\/li><li class=\"hebergement hebergement--init hebergement--style-1  nombre-de-chambres-2 nombre-de-personnes-4 superficie-33\"id=\"2191\"><div class=\"hebergement_image\"><img decoding=\"async\" src=\"https:\/\/campingleperpetuum.com\/wp-content\/uploads\/2021\/03\/mobil-home-entree.jpg\" data-src=\"https:\/\/campingleperpetuum.com\/wp-content\/uploads\/2021\/03\/mobil-home-entree.jpg\" alt=\"mobil home entree\" class=\"\" \/><\/div><div class=\"hebergement_content\"><div class=\"hebergement_titre hebergement_titre section-title decoration\">Casa m\u00f3vil Premium 33m\u00b2<\/div><\/div><div class=\"hebergement-attributs\"><span class=\"attribut nombre-de-chambres\">2 habitaciones<\/span><span class=\"attribut nombre-de-personnes\">4 personas<\/span><span class=\"attribut superficie\">33m\u00b2<\/span><\/div><\/li><\/div><\/ul><\/div><\/section>\n\n<section id=\"section-60520720da5f0\"\" class=\"section full-blue bg-color1\" \/><div class=\"container full\"><div class=\"colonnes-wrap valign-top \"><div class=\"element colonne \"><h2 class=\"element section-title center font-1\">Nuestra gama de casas m\u00f3viles en Domme<\/h2><div class=\"element bloc-text center \">\n\t<p>Nuestro <a href=\"\/es\/\">camping Sarlat<\/a> a orillas de la Dordo\u00f1a dispone de <strong class=\"bold color5\">5 gamas de mobil-homes<\/strong> que se diferencian seg\u00fan el tama\u00f1o de cada uno, desde el m\u00e1s peque\u00f1o para 4 personas hasta el m\u00e1s grandeq para 6 personas. La <strong class=\"bold color5\">comodidad<\/strong> en vacaciones es muy importante. Por eso, cada una de nuestras casas m\u00f3viles en Domme tiene su propia especialidad para que cada uno pueda encontrar la que le gusta.<\/p>\n<p>\u00bfBusca una peque\u00f1a casa m\u00f3vil s\u00f3lo para dormir para <strong class=\"bold color5\">m\u00e1ximo 4 personas<\/strong>?<br \/>\nElija nuestro <strong class=\"bold color5\">bungalow de 21 m<\/strong>\u00b2 con 2 dormitorios. Ideal para personas inquietas que s\u00f3lo quieren un lugar para dormir.<\/p>\n<p>Buscas un <strong class=\"bold color5\">bungalow un poco m\u00e1s grande<\/strong> y <strong class=\"bold color5\">c\u00f3modo<\/strong> para 4 o 5 personas?<br \/>\nElige nuestra <strong class=\"bold color5\">casa m\u00f3vil de 27 m\u00b2<\/strong> con 2 dormitorios. Ideal para familias que quieren tanto espacio como para disfrutar del camping y visitar los alrededores.<\/p>\n<p>\u00bfTe gusta esta talla pero buscas <strong class=\"bold color5\">m\u00e1s servicios<\/strong> para tus vacaciones?<br \/>\nElige nuestra <strong class=\"bold color5\">casa m\u00f3vil de 27 m\u00b2 de lujo<\/strong> con 2 dormitorios. Ideal para <strong class=\"bold color5\">parejas con ni\u00f1os peque\u00f1os<\/strong> ya que hay espacio para una cuna en el dormitorio principal. En esta casa m\u00f3vil tambi\u00e9n encontrar\u00e1 una televisi\u00f3n y un lavavajillas para tener m\u00e1s comodidad.<\/p>\n<p>\u00bfEres una <strong class=\"bold color5\">familia numerosa<\/strong> o un <strong class=\"bold color5\">grupo de amigos<\/strong> de hasta 6 personas?<br \/>\nElija nuestro <strong class=\"bold color5\">bungalow de 32 m\u00b2<\/strong> con 3 dormitorios, ideal para familias numerosas o con ni\u00f1os que quieran tener cada uno su propio dormitorio. Adem\u00e1s, este a\u00f1o a\u00f1adimos la televisi\u00f3n a esta gama de casas m\u00f3viles.<\/p>\n<p>Sois <strong class=\"bold color5\">2 parejas de amigos<\/strong> o una <strong class=\"bold color5\">familia de 4<\/strong> y quer\u00e9is m\u00e1s de un ba\u00f1o y aseo?<br \/>\nElija nuestra <strong class=\"bold color5\">casa m\u00f3vil premium de 33 m\u00b2<\/strong> con 2 dormitorios, 2 ba\u00f1os, 2 aseos, TV y lavavajillas.<\/p>\n<\/div><\/div><div class=\"element colonne p-0\"><h2 class=\"element section-title center font-1\">Nuestras opciones de alquiler cerca de Sarlat<\/h2><div class=\"element bloc-text center \">\n\t<p>Puedes a\u00f1adir <strong class=\"bold color5\">muchas opciones<\/strong> a tu reserva para disfrutar a\u00fan m\u00e1s de tus vacaciones. <\/p>\n<p>\u00bfSon una <strong class=\"bold color5\">familia numerosa<\/strong> o un <strong class=\"bold color5\">grupo<\/strong>?<br \/>\nPiense en tomar la <strong class=\"bold color5\">opci\u00f3n de coche adicional<\/strong> para su alquiler de casa m\u00f3vil en Domme.<\/p>\n<p>Si quieres <strong class=\"bold color5\">viajar ligero<\/strong>, puedes reservar tu habitaci\u00f3n individual, doble o 1 juego de toallas (1 peque\u00f1a y 1 grande). En vacaciones, si no quieres molestarte en llevar una cuna y una silla de beb\u00e9, puedes a\u00f1adirlas opcionalmente juntas o por separado. <\/p>\n<p>\u00bfTu beb\u00e9 ha crecido y ya no quiere compartir el bungalow de los padres?<br \/>\nConsigue la <strong class=\"bold color5\">opci\u00f3n de tienda adicional<\/strong> y podr\u00e1 montar su tienda junto a tu casa m\u00f3vil.<\/p>\n<p>\u00bfNo quiere hacer la limpieza el d\u00eda de su partida?<br \/>\nNo se preocupe tome el <strong class=\"bold color5\">paquete de limpieza<\/strong>. Puedes a\u00f1adirlo a tu estancia en cualquier momento, no te preocupes. <\/p>\n<p>Nuestros amigos los animales no son aceptados en nuestros alquileres.<br \/>\nTodas estas opciones est\u00e1n pensadas para que disfrute a\u00fan m\u00e1s de sus vacaciones y las pase con tranquilidad. Y para tener a\u00fan m\u00e1s opciones, le sugerimos que traiga su propia tienda, caravana o autocaravana alquilando una de nuestras lugares con o sin servicios sanitarios privados.<\/p>\n<\/div><\/div><\/div><\/div><\/section>\n\n<section id=\"section-60520720da7ba\"\" class=\"section bg-white\" \/><div class=\"container extralarge\"><div class=\"element section-title center titre-cta\">Nuestras ubicaciones y precios<\/div><ul class=\"liste-de-page scroll-x-mobile\"><li class=\"element call-to-action call-to-action--have-sous-titre call-to-action--style-1 call-to-action--normal\"><a href=\"https:\/\/campingleperpetuum.com\/es\/ubicacion-emplazamiento-sarlat\/\"  class=\"call-to-action_link\" title=\"M\u00e1s informaci\u00f3n nuestras sedes\"><div class=\"call-to-action_image\"><img decoding=\"async\" src=\"https:\/\/campingleperpetuum.com\/wp-content\/uploads\/2021\/03\/tente-dordogne-100x100.jpg\" data-src=\"https:\/\/campingleperpetuum.com\/wp-content\/uploads\/2021\/03\/tente-dordogne.jpg\" alt=\"tente dordogne\" class=\"normal\" \/><\/div><div class=\"call-to-action_contenu\"><div class=\"call-to-action_titre\">Nuestras sedes<\/div><div class=\"call-to-action_sous-titre\">Descubra<\/div><\/div><\/a><\/li><li class=\"element call-to-action call-to-action--have-sous-titre call-to-action--style-1 call-to-action--normal\"><a href=\"https:\/\/campingleperpetuum.com\/es\/ubicacion-emplazamiento-sanitaria-sarlat\/\"  class=\"call-to-action_link\" title=\"M\u00e1s informaci\u00f3n nuestras parcelas con instalaciones sanitarias\"><div class=\"call-to-action_image\"><img decoding=\"async\" src=\"https:\/\/campingleperpetuum.com\/wp-content\/uploads\/2021\/03\/emplacement-sanitaire-77x100.jpg\" data-src=\"https:\/\/campingleperpetuum.com\/wp-content\/uploads\/2021\/03\/emplacement-sanitaire.jpg\" alt=\"emplacement sanitaire sarlat\" class=\"normal\" \/><\/div><div class=\"call-to-action_contenu\"><div class=\"call-to-action_titre\">Nuestras parcelas con instalaciones sanitarias<\/div><div class=\"call-to-action_sous-titre\">Descubra<\/div><\/div><\/a><\/li><li class=\"element call-to-action call-to-action--have-sous-titre call-to-action--style-1 call-to-action--normal\"><a href=\"https:\/\/campingleperpetuum.com\/es\/camping-barato-sarlat\/\"  class=\"call-to-action_link\" title=\"M\u00e1s informaci\u00f3n nuestras tarifas\"><div class=\"call-to-action_image\"><img decoding=\"async\" src=\"https:\/\/campingleperpetuum.com\/wp-content\/uploads\/2021\/03\/emplacement-camping-1-77x100.jpg\" data-src=\"https:\/\/campingleperpetuum.com\/wp-content\/uploads\/2021\/03\/emplacement-camping-1.jpg\" alt=\"emplacement camping sarlat\" class=\"normal\" \/><\/div><div class=\"call-to-action_contenu\"><div class=\"call-to-action_titre\">Nuestras tarifas<\/div><div class=\"call-to-action_sous-titre\">Descubra<\/div><\/div><\/a><\/li><\/ul><\/div><\/section>","protected":false},"excerpt":{"rendered":"","protected":false},"author":1,"featured_media":667,"parent":0,"menu_order":0,"comment_status":"closed","ping_status":"closed","template":"","meta":{"_acf_changed":false,"footnotes":""},"class_list":["post-2657","page","type-page","status-publish","has-post-thumbnail","hentry"],"acf":[],"yoast_head":"<!-- This site is optimized with the Yoast SEO plugin v25.3 - https:\/\/yoast.com\/wordpress\/plugins\/seo\/ -->\n<title>Alquilar una casa m\u00f3vil en Domme | Alquilar un alojamiento en Sarlat<\/title>\n<meta name=\"robots\" content=\"index, follow, max-snippet:-1, max-image-preview:large, max-video-preview:-1\" \/>\n<link rel=\"canonical\" href=\"https:\/\/campingleperpetuum.com\/es\/ubicacion-mobil-home-sarlat\/\" \/>\n<meta property=\"og:locale\" content=\"es_ES\" \/>\n<meta property=\"og:type\" content=\"article\" \/>\n<meta property=\"og:title\" content=\"Alquilar una casa m\u00f3vil en Domme | Alquilar un alojamiento en Sarlat\" \/>\n<meta property=\"og:url\" content=\"https:\/\/campingleperpetuum.com\/es\/ubicacion-mobil-home-sarlat\/\" \/>\n<meta property=\"og:site_name\" content=\"Camping le Perpetuum\" \/>\n<meta property=\"article:modified_time\" content=\"2021-05-26T14:41:40+00:00\" \/>\n<meta property=\"og:image\" content=\"https:\/\/campingleperpetuum.com\/wp-content\/uploads\/2021\/03\/famille-vancances.jpg\" \/>\n\t<meta property=\"og:image:width\" content=\"1903\" \/>\n\t<meta property=\"og:image:height\" content=\"450\" \/>\n\t<meta property=\"og:image:type\" content=\"image\/jpeg\" \/>\n<meta name=\"twitter:card\" content=\"summary_large_image\" \/>\n<script type=\"application\/ld+json\" class=\"yoast-schema-graph\">{\"@context\":\"https:\/\/schema.org\",\"@graph\":[{\"@type\":\"WebPage\",\"@id\":\"https:\/\/campingleperpetuum.com\/es\/ubicacion-mobil-home-sarlat\/\",\"url\":\"https:\/\/campingleperpetuum.com\/es\/ubicacion-mobil-home-sarlat\/\",\"name\":\"Alquilar una casa m\u00f3vil en Domme | Alquilar un alojamiento en Sarlat\",\"isPartOf\":{\"@id\":\"https:\/\/campingleperpetuum.com\/es\/#website\"},\"primaryImageOfPage\":{\"@id\":\"https:\/\/campingleperpetuum.com\/es\/ubicacion-mobil-home-sarlat\/#primaryimage\"},\"image\":{\"@id\":\"https:\/\/campingleperpetuum.com\/es\/ubicacion-mobil-home-sarlat\/#primaryimage\"},\"thumbnailUrl\":\"https:\/\/campingleperpetuum.com\/wp-content\/uploads\/2021\/03\/famille-vancances.jpg\",\"datePublished\":\"2021-03-16T11:11:52+00:00\",\"dateModified\":\"2021-05-26T14:41:40+00:00\",\"breadcrumb\":{\"@id\":\"https:\/\/campingleperpetuum.com\/es\/ubicacion-mobil-home-sarlat\/#breadcrumb\"},\"inLanguage\":\"es\",\"potentialAction\":[{\"@type\":\"ReadAction\",\"target\":[\"https:\/\/campingleperpetuum.com\/es\/ubicacion-mobil-home-sarlat\/\"]}]},{\"@type\":\"ImageObject\",\"inLanguage\":\"es\",\"@id\":\"https:\/\/campingleperpetuum.com\/es\/ubicacion-mobil-home-sarlat\/#primaryimage\",\"url\":\"https:\/\/campingleperpetuum.com\/wp-content\/uploads\/2021\/03\/famille-vancances.jpg\",\"contentUrl\":\"https:\/\/campingleperpetuum.com\/wp-content\/uploads\/2021\/03\/famille-vancances.jpg\",\"width\":1903,\"height\":450,\"caption\":\"Family parent\u2019s children togetherness holiday concept\"},{\"@type\":\"BreadcrumbList\",\"@id\":\"https:\/\/campingleperpetuum.com\/es\/ubicacion-mobil-home-sarlat\/#breadcrumb\",\"itemListElement\":[{\"@type\":\"ListItem\",\"position\":1,\"name\":\"Camping Sarlat\",\"item\":\"https:\/\/campingleperpetuum.com\/es\/\"},{\"@type\":\"ListItem\",\"position\":2,\"name\":\"Alquiler de mobil-home Dordogne\"}]},{\"@type\":\"WebSite\",\"@id\":\"https:\/\/campingleperpetuum.com\/es\/#website\",\"url\":\"https:\/\/campingleperpetuum.com\/es\/\",\"name\":\"Camping le Perpetuum\",\"description\":\"\",\"publisher\":{\"@id\":\"https:\/\/campingleperpetuum.com\/es\/#organization\"},\"inLanguage\":\"es\"},{\"@type\":\"Organization\",\"@id\":\"https:\/\/campingleperpetuum.com\/es\/#organization\",\"name\":\"Camping Perpetuum\",\"url\":\"https:\/\/campingleperpetuum.com\/es\/\",\"logo\":{\"@type\":\"ImageObject\",\"inLanguage\":\"es\",\"@id\":\"https:\/\/campingleperpetuum.com\/es\/#\/schema\/logo\/image\/\",\"url\":\"https:\/\/campingleperpetuum.com\/wp-content\/uploads\/2021\/03\/camping-perpetuum-1.png\",\"contentUrl\":\"https:\/\/campingleperpetuum.com\/wp-content\/uploads\/2021\/03\/camping-perpetuum-1.png\",\"width\":200,\"height\":200,\"caption\":\"Camping Perpetuum\"},\"image\":{\"@id\":\"https:\/\/campingleperpetuum.com\/es\/#\/schema\/logo\/image\/\"}}]}<\/script>\n<!-- \/ Yoast SEO plugin. -->","yoast_head_json":{"title":"Alquilar una casa m\u00f3vil en Domme | Alquilar un alojamiento en Sarlat","robots":{"index":"index","follow":"follow","max-snippet":"max-snippet:-1","max-image-preview":"max-image-preview:large","max-video-preview":"max-video-preview:-1"},"canonical":"https:\/\/campingleperpetuum.com\/es\/ubicacion-mobil-home-sarlat\/","og_locale":"es_ES","og_type":"article","og_title":"Alquilar una casa m\u00f3vil en Domme | Alquilar un alojamiento en Sarlat","og_url":"https:\/\/campingleperpetuum.com\/es\/ubicacion-mobil-home-sarlat\/","og_site_name":"Camping le Perpetuum","article_modified_time":"2021-05-26T14:41:40+00:00","og_image":[{"width":1903,"height":450,"url":"https:\/\/campingleperpetuum.com\/wp-content\/uploads\/2021\/03\/famille-vancances.jpg","type":"image\/jpeg"}],"twitter_card":"summary_large_image","schema":{"@context":"https:\/\/schema.org","@graph":[{"@type":"WebPage","@id":"https:\/\/campingleperpetuum.com\/es\/ubicacion-mobil-home-sarlat\/","url":"https:\/\/campingleperpetuum.com\/es\/ubicacion-mobil-home-sarlat\/","name":"Alquilar una casa m\u00f3vil en Domme | Alquilar un alojamiento en Sarlat","isPartOf":{"@id":"https:\/\/campingleperpetuum.com\/es\/#website"},"primaryImageOfPage":{"@id":"https:\/\/campingleperpetuum.com\/es\/ubicacion-mobil-home-sarlat\/#primaryimage"},"image":{"@id":"https:\/\/campingleperpetuum.com\/es\/ubicacion-mobil-home-sarlat\/#primaryimage"},"thumbnailUrl":"https:\/\/campingleperpetuum.com\/wp-content\/uploads\/2021\/03\/famille-vancances.jpg","datePublished":"2021-03-16T11:11:52+00:00","dateModified":"2021-05-26T14:41:40+00:00","breadcrumb":{"@id":"https:\/\/campingleperpetuum.com\/es\/ubicacion-mobil-home-sarlat\/#breadcrumb"},"inLanguage":"es","potentialAction":[{"@type":"ReadAction","target":["https:\/\/campingleperpetuum.com\/es\/ubicacion-mobil-home-sarlat\/"]}]},{"@type":"ImageObject","inLanguage":"es","@id":"https:\/\/campingleperpetuum.com\/es\/ubicacion-mobil-home-sarlat\/#primaryimage","url":"https:\/\/campingleperpetuum.com\/wp-content\/uploads\/2021\/03\/famille-vancances.jpg","contentUrl":"https:\/\/campingleperpetuum.com\/wp-content\/uploads\/2021\/03\/famille-vancances.jpg","width":1903,"height":450,"caption":"Family parent\u2019s children togetherness holiday concept"},{"@type":"BreadcrumbList","@id":"https:\/\/campingleperpetuum.com\/es\/ubicacion-mobil-home-sarlat\/#breadcrumb","itemListElement":[{"@type":"ListItem","position":1,"name":"Camping Sarlat","item":"https:\/\/campingleperpetuum.com\/es\/"},{"@type":"ListItem","position":2,"name":"Alquiler de mobil-home Dordogne"}]},{"@type":"WebSite","@id":"https:\/\/campingleperpetuum.com\/es\/#website","url":"https:\/\/campingleperpetuum.com\/es\/","name":"Camping le Perpetuum","description":"","publisher":{"@id":"https:\/\/campingleperpetuum.com\/es\/#organization"},"inLanguage":"es"},{"@type":"Organization","@id":"https:\/\/campingleperpetuum.com\/es\/#organization","name":"Camping Perpetuum","url":"https:\/\/campingleperpetuum.com\/es\/","logo":{"@type":"ImageObject","inLanguage":"es","@id":"https:\/\/campingleperpetuum.com\/es\/#\/schema\/logo\/image\/","url":"https:\/\/campingleperpetuum.com\/wp-content\/uploads\/2021\/03\/camping-perpetuum-1.png","contentUrl":"https:\/\/campingleperpetuum.com\/wp-content\/uploads\/2021\/03\/camping-perpetuum-1.png","width":200,"height":200,"caption":"Camping Perpetuum"},"image":{"@id":"https:\/\/campingleperpetuum.com\/es\/#\/schema\/logo\/image\/"}}]}},"_links":{"self":[{"href":"https:\/\/campingleperpetuum.com\/es\/wp-json\/wp\/v2\/pages\/2657","targetHints":{"allow":["GET"]}}],"collection":[{"href":"https:\/\/campingleperpetuum.com\/es\/wp-json\/wp\/v2\/pages"}],"about":[{"href":"https:\/\/campingleperpetuum.com\/es\/wp-json\/wp\/v2\/types\/page"}],"author":[{"embeddable":true,"href":"https:\/\/campingleperpetuum.com\/es\/wp-json\/wp\/v2\/users\/1"}],"replies":[{"embeddable":true,"href":"https:\/\/campingleperpetuum.com\/es\/wp-json\/wp\/v2\/comments?post=2657"}],"version-history":[{"count":4,"href":"https:\/\/campingleperpetuum.com\/es\/wp-json\/wp\/v2\/pages\/2657\/revisions"}],"predecessor-version":[{"id":2731,"href":"https:\/\/campingleperpetuum.com\/es\/wp-json\/wp\/v2\/pages\/2657\/revisions\/2731"}],"wp:featuredmedia":[{"embeddable":true,"href":"https:\/\/campingleperpetuum.com\/es\/wp-json\/wp\/v2\/media\/667"}],"wp:attachment":[{"href":"https:\/\/campingleperpetuum.com\/es\/wp-json\/wp\/v2\/media?parent=2657"}],"curies":[{"name":"wp","href":"https:\/\/api.w.org\/{rel}","templated":true}]}}