{"id":2679,"date":"2021-03-16T12:12:46","date_gmt":"2021-03-16T11:12:46","guid":{"rendered":"https:\/\/campingleperpetuum.com\/camping-perigord\/"},"modified":"2021-06-25T09:55:04","modified_gmt":"2021-06-25T07:55:04","slug":"camping-perigord","status":"publish","type":"page","link":"https:\/\/campingleperpetuum.com\/es\/camping-perigord\/","title":{"rendered":"Les alentours : Le P\u00e9rigord"},"content":{"rendered":"<section id=\"section-60520720da256\"\" class=\"section first-home bg-white p-t-0 p-b-0\" \/><div class=\"container extralarge\"><div class=\"colonnes-wrap valign-middle \"><div class=\"element colonne w-60 p-5\"><h1 class=\"element section-title center font-1\">Camping en el P\u00e9rigord<\/h1><h2 class=\"element section-title center font-2\">Descubrir el Perigord<\/h2><div class=\"element bloc-text justify \">\n\t<p>\u00bfA qu\u00e9 le recuerda la Dordo\u00f1a, el P\u00e9rigord?<br \/>\nS\u00ed, es un departamento y tambi\u00e9n un <strong class=\"bold color1\">hermoso r\u00edo<\/strong> que lleva el mismo nombre que la Dordo\u00f1a. Tambi\u00e9n est\u00e1 lleno de peque\u00f1os afluentes. Nuestro <strong class=\"bold color1\">Beautiful Dordogne Valley<\/strong> est\u00e1 <strong class=\"bold color1\">clasificado como sitio de la UNESCO<\/strong>. Qu\u00e9 gran recompensa para este territorio que har\u00e1 las delicias de su curiosidad pero tambi\u00e9n de su paladar.<\/p>\n<p>El Perigord tambi\u00e9n se clasifica en <strong class=\"bold color1\">4 colores<\/strong> :<\/p>\n<ul>\n<li>El <strong class=\"bold color1\">negro<\/strong> porque esta parte del territorio est\u00e1 dotada de un <strong class=\"bold color1\">bello bosque<\/strong>. Cuando llegue el momento, reg\u00e1late la <strong class=\"bold color1\">recogida de los famosos ceps<\/strong> y muchas otras maravillas..<\/li>\n<li>El <strong class=\"bold color1\">rojo<\/strong> con los <strong class=\"bold color1\">bellos vinos de Bergerac, P\u00e9charmant<\/strong>.<\/li>\n<li>El <strong class=\"bold color1\">verde<\/strong> porque esta parte del P\u00e9rigord tiene <strong class=\"bold color1\">muchos prados y bosques<\/strong>.<\/li>\n<li>El <strong class=\"bold color1\">blanco<\/strong> tiene muchas <strong class=\"bold color1\">placas de piedra caliza<\/strong> con este color.<\/li>\n<\/ul>\n<\/div><\/div><div class=\"element colonne w-40\"><div class=\"element images scroll-x-mobile\"><div class=\"image\"><img decoding=\"async\" src=\"https:\/\/campingleperpetuum.com\/wp-content\/uploads\/2021\/03\/espace-aquatique-dordogne-92x100.jpg\" data-src=\"https:\/\/campingleperpetuum.com\/wp-content\/uploads\/2021\/03\/espace-aquatique-dordogne.jpg\" alt=\"espace aquatique dordogne\" class=\"images_image\" \/><\/div><\/div><\/div><\/div><\/div><\/section>\n\n<section id=\"section-60520720da3eb\"\" class=\"section bg-white p-t-0 p-b-0\" \/><div class=\"container full\"><div class=\"element images scroll-x-mobile\"><div class=\"image\"><img decoding=\"async\" src=\"https:\/\/campingleperpetuum.com\/wp-content\/uploads\/2021\/03\/chateau-dordogne-100x100.jpg\" data-src=\"https:\/\/campingleperpetuum.com\/wp-content\/uploads\/2021\/03\/chateau-dordogne.jpg\" alt=\"chateau dordogne\" class=\"images_image\" \/><\/div><div class=\"image\"><img decoding=\"async\" src=\"https:\/\/campingleperpetuum.com\/wp-content\/uploads\/2021\/03\/vue-chateau-dordogne-1-100x100.jpg\" data-src=\"https:\/\/campingleperpetuum.com\/wp-content\/uploads\/2021\/03\/vue-chateau-dordogne-1.jpg\" alt=\"vue chateau dordogne\" class=\"images_image\" \/><\/div><div class=\"image\"><img decoding=\"async\" src=\"https:\/\/campingleperpetuum.com\/wp-content\/uploads\/2021\/03\/dordogne-chateau-100x100.jpg\" data-src=\"https:\/\/campingleperpetuum.com\/wp-content\/uploads\/2021\/03\/dordogne-chateau.jpg\" alt=\"dordogne chateau\" class=\"images_image\" \/><\/div><div class=\"image\"><img decoding=\"async\" src=\"https:\/\/campingleperpetuum.com\/wp-content\/uploads\/2021\/03\/riviere-dordogne-100x100.jpg\" data-src=\"https:\/\/campingleperpetuum.com\/wp-content\/uploads\/2021\/03\/riviere-dordogne.jpg\" alt=\"riviere dordogne\" class=\"images_image\" \/><\/div><\/div><\/div><\/section>\n\n<section id=\"section-60520720da5f0\"\" class=\"section fifth-home bg-color1 p-t-0 p-b-0\" \/><div class=\"container full\"><div class=\"colonnes-wrap valign-middle \"><div class=\"element colonne \"><div class=\"element bloc-text center \">\n\t<p>El Perigord est\u00e1 lleno de <strong class=\"bold color5\">sitios hist\u00f3ricos, arqueol\u00f3gicos<\/strong> y <strong class=\"bold color5\">culturales excepcionales<\/strong>. Podr\u00e1 visitar <strong class=\"bold color5\">numerosos castillos<\/strong> que acogen espect\u00e1culos de rapaces, recreaciones medievales y mucho m\u00e1s entretenimiento.<\/p>\n<p>Tambi\u00e9n hay <strong class=\"bold color5\">numerosas cuevas y simas<\/strong> de diversa fama que est\u00e1n llenas de estalactitas, estalagmitas, cortinas e incluso <strong class=\"bold color5\">pinturas rupestres<\/strong>. Muchas de estas cuevas se esfuerzan por mostrar c\u00f3mo fueron exploradas y quieren preservar su estado a toda costa.<\/p>\n<p>Sin embargo, la Dordo\u00f1a tambi\u00e9n cuenta con numerosos <strong class=\"bold color5\">parques de atracciones tem\u00e1ticos<\/strong> que har\u00e1n las delicias de toda la familia.<\/p>\n<\/div><\/div><div class=\"element colonne p-0\"><div class=\"element images scroll-x-mobile\"><div class=\"image\"><img decoding=\"async\" src=\"https:\/\/campingleperpetuum.com\/wp-content\/uploads\/2021\/03\/chateau-perigord-100x34.jpg\" data-src=\"https:\/\/campingleperpetuum.com\/wp-content\/uploads\/2021\/03\/chateau-perigord.jpg\" alt=\"chateau perigord\" class=\"images_image\" \/><\/div><\/div><div class=\"element images scroll-x-mobile\"><div class=\"image\"><img decoding=\"async\" src=\"https:\/\/campingleperpetuum.com\/wp-content\/uploads\/2021\/03\/vue-dordogne-100x34.jpg\" data-src=\"https:\/\/campingleperpetuum.com\/wp-content\/uploads\/2021\/03\/vue-dordogne.jpg\" alt=\" vue dordogne\" class=\"images_image\" \/><\/div><\/div><\/div><\/div><\/div><\/section>\n\n<section id=\"section-groupe2\"\" class=\"section first-home bg-white p-t-0 p-b-0\" \/><div class=\"container extralarge\"><div class=\"colonnes-wrap valign-middle \"><div class=\"element colonne w-40\"><div class=\"element images scroll-x-mobile\"><div class=\"image\"><img decoding=\"async\" src=\"https:\/\/campingleperpetuum.com\/wp-content\/uploads\/2021\/03\/truffes-specialite-79x100.jpg\" data-src=\"https:\/\/campingleperpetuum.com\/wp-content\/uploads\/2021\/03\/truffes-specialite.jpg\" alt=\"truffes specialite\" class=\"images_image\" \/><\/div><\/div><\/div><div class=\"element colonne w-60 p-5\"><h2 class=\"element section-title center font-2\">La gastronom\u00eda del P\u00e9rigord<\/h2><div class=\"element bloc-text justify \">\n\t<p>El P\u00e9rigord es tambi\u00e9n una <strong class=\"bold color1\">regi\u00f3n gastron\u00f3mica<\/strong>, se pueden degustar muchas especialidades en las <strong class=\"bold color1\">posadas agr\u00edcolas<\/strong>, <strong class=\"bold color1\">mercados gastron\u00f3micos<\/strong> y <strong class=\"bold color1\">mercados de productores<\/strong>. <\/p>\n<p>Las <strong class=\"bold color1\">especialidades<\/strong> giran en torno a <strong class=\"bold color1\">pato<\/strong>, <strong class=\"bold color1\">ganso<\/strong> y <strong class=\"bold color1\">nuez<\/strong>. Descubra el foie gras, el magret de pato, el confit de pato, los pasteles de nueces, el aceite de nueces y muchas otras especialidades&#8230; Acuda a la recepci\u00f3n del camping, estar\u00e1n encantados de aconsejarle sobre d\u00f3nde encontrar los <strong class=\"bold color1\">mejores productos<\/strong>.<\/p>\n<\/div><h2 class=\"element section-title center font-2\">Camping en P\u00e9rigord<\/h2><div class=\"element bloc-text justify \">\n\t<p>Al\u00f3jese en <a href=\"\/es\/\">camping en Sarlat<\/a> y descubra todas las especialidades gastron\u00f3micas del P\u00e9rigord. Comience el d\u00eda visitando nuestros <strong class=\"bold color1\">bellos pueblos<\/strong> y <strong class=\"bold color1\">lugares de visita obligada<\/strong>, y luego haga una parada en un restaurante para degustar un <strong class=\"bold color1\">plato t\u00edpico de la Dordo\u00f1a<\/strong>.<\/p>\n<p>Termine el d\u00eda regresando a su casa m\u00f3vil de alquiler o a su parcela en <a href=\"\/tourisme-domme\/\">Domme<\/a> y descanse antes de salir para otro d\u00eda de turismo. Durante su estancia, visite <a href=\"\/tourisme-sarlat\/\">Sarlat<\/a> y luego dir\u00edjase a uno de los mercados del P\u00e9rigord para salir con muchos recuerdos y <strong class=\"bold color1\">especialidades regionales<\/strong>.<\/p>\n<\/div><\/div><\/div><\/div><\/section>\n\n<section id=\"section-60520720da7ba\"\" class=\"section bg-white\" \/><div class=\"container extralarge\"><div class=\"element section-title center titre-cta\">Visitar Sarlat y Domme<\/div><ul class=\"liste-de-page scroll-x-mobile\"><li class=\"element call-to-action call-to-action--have-sous-titre call-to-action--style-1 call-to-action--normal\"><a href=\"https:\/\/campingleperpetuum.com\/es\/ubicacion-mobil-home-sarlat\/\"  class=\"call-to-action_link\" title=\"M\u00e1s informaci\u00f3n nuestros alquileres\"><div class=\"call-to-action_image\"><img decoding=\"async\" src=\"https:\/\/campingleperpetuum.com\/wp-content\/uploads\/2021\/03\/mobil-home-dordogne-100x100.jpg\" data-src=\"https:\/\/campingleperpetuum.com\/wp-content\/uploads\/2021\/03\/mobil-home-dordogne.jpg\" alt=\"mobil home dordogne\" class=\"normal\" \/><\/div><div class=\"call-to-action_contenu\"><div class=\"call-to-action_titre\">Nuestros alquileres<\/div><div class=\"call-to-action_sous-titre\">Descubra<\/div><\/div><\/a><\/li><li class=\"element call-to-action call-to-action--have-sous-titre call-to-action--style-1 call-to-action--normal\"><a href=\"https:\/\/campingleperpetuum.com\/es\/turismo-domme\/\"  class=\"call-to-action_link\" title=\"M\u00e1s informaci\u00f3n de domme\"><div class=\"call-to-action_image\"><img decoding=\"async\" src=\"https:\/\/campingleperpetuum.com\/wp-content\/uploads\/2021\/03\/camping-domme-100x100.jpg\" data-src=\"https:\/\/campingleperpetuum.com\/wp-content\/uploads\/2021\/03\/camping-domme.jpg\" alt=\"camping tourisme domme\" class=\"normal\" \/><\/div><div class=\"call-to-action_contenu\"><div class=\"call-to-action_titre\">De Domme<\/div><div class=\"call-to-action_sous-titre\">La belleza<\/div><\/div><\/a><\/li><li class=\"element call-to-action call-to-action--have-sous-titre call-to-action--style-1 call-to-action--normal\"><a href=\"https:\/\/campingleperpetuum.com\/es\/turismo-sarlat\/\"  class=\"call-to-action_link\" title=\"M\u00e1s informaci\u00f3n desde sarlat\"><div class=\"call-to-action_image\"><img decoding=\"async\" src=\"https:\/\/campingleperpetuum.com\/wp-content\/uploads\/2021\/03\/camping-sarlat-100x100.jpg\" data-src=\"https:\/\/campingleperpetuum.com\/wp-content\/uploads\/2021\/03\/camping-sarlat.jpg\" alt=\"camping tourisme sarlat\" class=\"normal\" \/><\/div><div class=\"call-to-action_contenu\"><div class=\"call-to-action_titre\">Desde Sarlat<\/div><div class=\"call-to-action_sous-titre\">Los callejones<\/div><\/div><\/a><\/li><\/ul><\/div><\/section>","protected":false},"excerpt":{"rendered":"","protected":false},"author":1,"featured_media":1077,"parent":0,"menu_order":0,"comment_status":"closed","ping_status":"closed","template":"","meta":{"_acf_changed":false,"footnotes":""},"class_list":["post-2679","page","type-page","status-publish","has-post-thumbnail","hentry"],"acf":[],"yoast_head":"<!-- This site is optimized with the Yoast SEO plugin v25.3 - https:\/\/yoast.com\/wordpress\/plugins\/seo\/ -->\n<title>Acampar en el P\u00e9rigord | Alquiler de casas m\u00f3viles P\u00e9rigord<\/title>\n<meta name=\"robots\" content=\"index, follow, max-snippet:-1, max-image-preview:large, max-video-preview:-1\" \/>\n<link rel=\"canonical\" href=\"https:\/\/campingleperpetuum.com\/es\/camping-perigord\/\" \/>\n<meta property=\"og:locale\" content=\"es_ES\" \/>\n<meta property=\"og:type\" content=\"article\" \/>\n<meta property=\"og:title\" content=\"Acampar en el P\u00e9rigord | Alquiler de casas m\u00f3viles P\u00e9rigord\" \/>\n<meta property=\"og:url\" content=\"https:\/\/campingleperpetuum.com\/es\/camping-perigord\/\" \/>\n<meta property=\"og:site_name\" content=\"Camping le Perpetuum\" \/>\n<meta property=\"article:modified_time\" content=\"2021-06-25T07:55:04+00:00\" \/>\n<meta property=\"og:image\" content=\"https:\/\/campingleperpetuum.com\/wp-content\/uploads\/2021\/03\/dordogne-village-1.jpg\" \/>\n\t<meta property=\"og:image:width\" content=\"1901\" \/>\n\t<meta property=\"og:image:height\" content=\"450\" \/>\n\t<meta property=\"og:image:type\" content=\"image\/jpeg\" \/>\n<meta name=\"twitter:card\" content=\"summary_large_image\" \/>\n<script type=\"application\/ld+json\" class=\"yoast-schema-graph\">{\"@context\":\"https:\/\/schema.org\",\"@graph\":[{\"@type\":\"WebPage\",\"@id\":\"https:\/\/campingleperpetuum.com\/es\/camping-perigord\/\",\"url\":\"https:\/\/campingleperpetuum.com\/es\/camping-perigord\/\",\"name\":\"Acampar en el P\u00e9rigord | Alquiler de casas m\u00f3viles P\u00e9rigord\",\"isPartOf\":{\"@id\":\"https:\/\/campingleperpetuum.com\/es\/#website\"},\"primaryImageOfPage\":{\"@id\":\"https:\/\/campingleperpetuum.com\/es\/camping-perigord\/#primaryimage\"},\"image\":{\"@id\":\"https:\/\/campingleperpetuum.com\/es\/camping-perigord\/#primaryimage\"},\"thumbnailUrl\":\"https:\/\/campingleperpetuum.com\/wp-content\/uploads\/2021\/03\/dordogne-village-1.jpg\",\"datePublished\":\"2021-03-16T11:12:46+00:00\",\"dateModified\":\"2021-06-25T07:55:04+00:00\",\"breadcrumb\":{\"@id\":\"https:\/\/campingleperpetuum.com\/es\/camping-perigord\/#breadcrumb\"},\"inLanguage\":\"es\",\"potentialAction\":[{\"@type\":\"ReadAction\",\"target\":[\"https:\/\/campingleperpetuum.com\/es\/camping-perigord\/\"]}]},{\"@type\":\"ImageObject\",\"inLanguage\":\"es\",\"@id\":\"https:\/\/campingleperpetuum.com\/es\/camping-perigord\/#primaryimage\",\"url\":\"https:\/\/campingleperpetuum.com\/wp-content\/uploads\/2021\/03\/dordogne-village-1.jpg\",\"contentUrl\":\"https:\/\/campingleperpetuum.com\/wp-content\/uploads\/2021\/03\/dordogne-village-1.jpg\",\"width\":1901,\"height\":450,\"caption\":\"dordogne village\"},{\"@type\":\"BreadcrumbList\",\"@id\":\"https:\/\/campingleperpetuum.com\/es\/camping-perigord\/#breadcrumb\",\"itemListElement\":[{\"@type\":\"ListItem\",\"position\":1,\"name\":\"Camping Sarlat\",\"item\":\"https:\/\/campingleperpetuum.com\/es\/\"},{\"@type\":\"ListItem\",\"position\":2,\"name\":\"Camping en P\u00e9rigord\"}]},{\"@type\":\"WebSite\",\"@id\":\"https:\/\/campingleperpetuum.com\/es\/#website\",\"url\":\"https:\/\/campingleperpetuum.com\/es\/\",\"name\":\"Camping le Perpetuum\",\"description\":\"\",\"publisher\":{\"@id\":\"https:\/\/campingleperpetuum.com\/es\/#organization\"},\"inLanguage\":\"es\"},{\"@type\":\"Organization\",\"@id\":\"https:\/\/campingleperpetuum.com\/es\/#organization\",\"name\":\"Camping Perpetuum\",\"url\":\"https:\/\/campingleperpetuum.com\/es\/\",\"logo\":{\"@type\":\"ImageObject\",\"inLanguage\":\"es\",\"@id\":\"https:\/\/campingleperpetuum.com\/es\/#\/schema\/logo\/image\/\",\"url\":\"https:\/\/campingleperpetuum.com\/wp-content\/uploads\/2021\/03\/camping-perpetuum-1.png\",\"contentUrl\":\"https:\/\/campingleperpetuum.com\/wp-content\/uploads\/2021\/03\/camping-perpetuum-1.png\",\"width\":200,\"height\":200,\"caption\":\"Camping Perpetuum\"},\"image\":{\"@id\":\"https:\/\/campingleperpetuum.com\/es\/#\/schema\/logo\/image\/\"}}]}<\/script>\n<!-- \/ Yoast SEO plugin. -->","yoast_head_json":{"title":"Acampar en el P\u00e9rigord | Alquiler de casas m\u00f3viles P\u00e9rigord","robots":{"index":"index","follow":"follow","max-snippet":"max-snippet:-1","max-image-preview":"max-image-preview:large","max-video-preview":"max-video-preview:-1"},"canonical":"https:\/\/campingleperpetuum.com\/es\/camping-perigord\/","og_locale":"es_ES","og_type":"article","og_title":"Acampar en el P\u00e9rigord | Alquiler de casas m\u00f3viles P\u00e9rigord","og_url":"https:\/\/campingleperpetuum.com\/es\/camping-perigord\/","og_site_name":"Camping le Perpetuum","article_modified_time":"2021-06-25T07:55:04+00:00","og_image":[{"width":1901,"height":450,"url":"https:\/\/campingleperpetuum.com\/wp-content\/uploads\/2021\/03\/dordogne-village-1.jpg","type":"image\/jpeg"}],"twitter_card":"summary_large_image","schema":{"@context":"https:\/\/schema.org","@graph":[{"@type":"WebPage","@id":"https:\/\/campingleperpetuum.com\/es\/camping-perigord\/","url":"https:\/\/campingleperpetuum.com\/es\/camping-perigord\/","name":"Acampar en el P\u00e9rigord | Alquiler de casas m\u00f3viles P\u00e9rigord","isPartOf":{"@id":"https:\/\/campingleperpetuum.com\/es\/#website"},"primaryImageOfPage":{"@id":"https:\/\/campingleperpetuum.com\/es\/camping-perigord\/#primaryimage"},"image":{"@id":"https:\/\/campingleperpetuum.com\/es\/camping-perigord\/#primaryimage"},"thumbnailUrl":"https:\/\/campingleperpetuum.com\/wp-content\/uploads\/2021\/03\/dordogne-village-1.jpg","datePublished":"2021-03-16T11:12:46+00:00","dateModified":"2021-06-25T07:55:04+00:00","breadcrumb":{"@id":"https:\/\/campingleperpetuum.com\/es\/camping-perigord\/#breadcrumb"},"inLanguage":"es","potentialAction":[{"@type":"ReadAction","target":["https:\/\/campingleperpetuum.com\/es\/camping-perigord\/"]}]},{"@type":"ImageObject","inLanguage":"es","@id":"https:\/\/campingleperpetuum.com\/es\/camping-perigord\/#primaryimage","url":"https:\/\/campingleperpetuum.com\/wp-content\/uploads\/2021\/03\/dordogne-village-1.jpg","contentUrl":"https:\/\/campingleperpetuum.com\/wp-content\/uploads\/2021\/03\/dordogne-village-1.jpg","width":1901,"height":450,"caption":"dordogne village"},{"@type":"BreadcrumbList","@id":"https:\/\/campingleperpetuum.com\/es\/camping-perigord\/#breadcrumb","itemListElement":[{"@type":"ListItem","position":1,"name":"Camping Sarlat","item":"https:\/\/campingleperpetuum.com\/es\/"},{"@type":"ListItem","position":2,"name":"Camping en P\u00e9rigord"}]},{"@type":"WebSite","@id":"https:\/\/campingleperpetuum.com\/es\/#website","url":"https:\/\/campingleperpetuum.com\/es\/","name":"Camping le Perpetuum","description":"","publisher":{"@id":"https:\/\/campingleperpetuum.com\/es\/#organization"},"inLanguage":"es"},{"@type":"Organization","@id":"https:\/\/campingleperpetuum.com\/es\/#organization","name":"Camping Perpetuum","url":"https:\/\/campingleperpetuum.com\/es\/","logo":{"@type":"ImageObject","inLanguage":"es","@id":"https:\/\/campingleperpetuum.com\/es\/#\/schema\/logo\/image\/","url":"https:\/\/campingleperpetuum.com\/wp-content\/uploads\/2021\/03\/camping-perpetuum-1.png","contentUrl":"https:\/\/campingleperpetuum.com\/wp-content\/uploads\/2021\/03\/camping-perpetuum-1.png","width":200,"height":200,"caption":"Camping Perpetuum"},"image":{"@id":"https:\/\/campingleperpetuum.com\/es\/#\/schema\/logo\/image\/"}}]}},"_links":{"self":[{"href":"https:\/\/campingleperpetuum.com\/es\/wp-json\/wp\/v2\/pages\/2679","targetHints":{"allow":["GET"]}}],"collection":[{"href":"https:\/\/campingleperpetuum.com\/es\/wp-json\/wp\/v2\/pages"}],"about":[{"href":"https:\/\/campingleperpetuum.com\/es\/wp-json\/wp\/v2\/types\/page"}],"author":[{"embeddable":true,"href":"https:\/\/campingleperpetuum.com\/es\/wp-json\/wp\/v2\/users\/1"}],"replies":[{"embeddable":true,"href":"https:\/\/campingleperpetuum.com\/es\/wp-json\/wp\/v2\/comments?post=2679"}],"version-history":[{"count":6,"href":"https:\/\/campingleperpetuum.com\/es\/wp-json\/wp\/v2\/pages\/2679\/revisions"}],"predecessor-version":[{"id":3069,"href":"https:\/\/campingleperpetuum.com\/es\/wp-json\/wp\/v2\/pages\/2679\/revisions\/3069"}],"wp:featuredmedia":[{"embeddable":true,"href":"https:\/\/campingleperpetuum.com\/es\/wp-json\/wp\/v2\/media\/1077"}],"wp:attachment":[{"href":"https:\/\/campingleperpetuum.com\/es\/wp-json\/wp\/v2\/media?parent=2679"}],"curies":[{"name":"wp","href":"https:\/\/api.w.org\/{rel}","templated":true}]}}