{"id":2684,"date":"2021-03-16T12:12:33","date_gmt":"2021-03-16T11:12:33","guid":{"rendered":"https:\/\/campingleperpetuum.com\/tourisme-sarlat\/"},"modified":"2021-06-10T14:37:09","modified_gmt":"2021-06-10T12:37:09","slug":"turismo-sarlat","status":"publish","type":"page","link":"https:\/\/campingleperpetuum.com\/es\/turismo-sarlat\/","title":{"rendered":"Les alentours : Sarlat"},"content":{"rendered":"<section id=\"section-60520720da256\"\" class=\"section first-home bg-white p-t-0 p-b-0\" \/><div class=\"container extralarge\"><div class=\"colonnes-wrap valign-middle \"><div class=\"element colonne w-60 p-5\"><h1 class=\"element section-title center font-1\">Visitar Sarlat en Dordo\u00f1a<\/h1><h2 class=\"element section-title center font-2\">\u00bfQu\u00e9 ver en Sarlat? <\/h2><div class=\"element bloc-text justify \">\n\t<p>Sarlat es la capital del P\u00e9rigord Noir. Tiene muchas visitas hist\u00f3ricas, culturales y gastron\u00f3micas. Esta <strong class=\"bold color1\">ciudad medieval<\/strong> alberga en su seno numerosos <strong class=\"bold color1\">edificios catalogados como patrimonio<\/strong>. <\/p>\n<p>En Sarlat se pueden observar numerosas <strong class=\"bold color1\">estatuas<\/strong> repartidas por la ciudad. La <strong class=\"bold color1\">plaza de las oies<\/strong> es un magn\u00edfico ejemplo de ello. Se trata de una plaza en el centro de Sarlat con una escultura contempor\u00e1nea de las tres de estas aves en medio de una <strong class=\"bold color1\">arquitectura t\u00edpica de Sarlat<\/strong>. <\/p>\n<p>La <strong class=\"bold color1\">Iglesia de Santa Mar\u00eda<\/strong> es una magn\u00edfica <strong class=\"bold color1\">iglesia g\u00f3tica<\/strong> que hoy sirve de <strong class=\"bold color1\">mercado cubierto<\/strong>. Tiene <strong class=\"bold color1\">2 gigantescas puertas de hierro<\/strong> en su entrada. Esta iglesia esconde en su coraz\u00f3n una panor\u00e1mica que ofrece una <strong class=\"bold color1\">impresionante vista de la ciudad<\/strong>. El ascensor est\u00e1 escondido en esta iglesia para no distorsionar la ciudad medieval que est\u00e1 catalogada.   <\/p>\n<\/div><\/div><div class=\"element colonne w-40\"><div class=\"element images scroll-x-mobile\"><div class=\"image\"><img decoding=\"async\" src=\"https:\/\/campingleperpetuum.com\/wp-content\/uploads\/2021\/03\/sarlat-ville-92x100.jpg\" data-src=\"https:\/\/campingleperpetuum.com\/wp-content\/uploads\/2021\/03\/sarlat-ville.jpg\" alt=\"sarlat ville\" class=\"images_image\" \/><\/div><\/div><\/div><\/div><\/div><\/section>\n\n<section id=\"section-60520720da3eb\"\" class=\"section bg-white p-t-0 p-b-0\" \/><div class=\"container full\"><div class=\"element images scroll-x-mobile\"><div class=\"image\"><img decoding=\"async\" src=\"https:\/\/campingleperpetuum.com\/wp-content\/uploads\/2021\/03\/mairie-sarlat-100x100.jpg\" data-src=\"https:\/\/campingleperpetuum.com\/wp-content\/uploads\/2021\/03\/mairie-sarlat.jpg\" alt=\"mairie sarlat\" class=\"images_image\" \/><\/div><div class=\"image\"><img decoding=\"async\" src=\"https:\/\/campingleperpetuum.com\/wp-content\/uploads\/2021\/03\/sarlat-centre-100x100.jpg\" data-src=\"https:\/\/campingleperpetuum.com\/wp-content\/uploads\/2021\/03\/sarlat-centre.jpg\" alt=\"sarlat centre\" class=\"images_image\" \/><\/div><div class=\"image\"><img decoding=\"async\" src=\"https:\/\/campingleperpetuum.com\/wp-content\/uploads\/2021\/03\/place-sarlat-100x100.jpg\" data-src=\"https:\/\/campingleperpetuum.com\/wp-content\/uploads\/2021\/03\/place-sarlat.jpg\" alt=\"place sarlat\" class=\"images_image\" \/><\/div><div class=\"image\"><img decoding=\"async\" src=\"https:\/\/campingleperpetuum.com\/wp-content\/uploads\/2021\/03\/sarlat-centre-ville-100x100.jpg\" data-src=\"https:\/\/campingleperpetuum.com\/wp-content\/uploads\/2021\/03\/sarlat-centre-ville.jpg\" alt=\"sarlat centre ville\" class=\"images_image\" \/><\/div><\/div><\/div><\/section>\n\n<section id=\"section-60520720da5f0\"\" class=\"section fifth-home bg-color1 p-t-0 p-b-0\" \/><div class=\"container full\"><div class=\"colonnes-wrap valign-middle \"><div class=\"element colonne \"><h2 class=\"element section-title center\">\u00bfQu\u00e9 hacer en Sarlat, en Dordo\u00f1a? <\/h2><div class=\"element bloc-text center \">\n\t<p>La ciudad de Sarlat tiene un <strong class=\"bold color5\">centro hist\u00f3rico<\/strong> bastante extenso. La <a href=\"https:\/\/es.sarlat-tourisme.com\/\" target=\"_blank\" rel=\"noopener\">oficina de turismo<\/a> estar\u00e1 encantada de explicarle todas las visitas posibles que puede realizar en esta bella localidad. No obstante, hemos seleccionado una muestra de visitas que consideramos imprescindibles.<\/p>\n<p>En el <strong class=\"bold color5\">centro hist\u00f3rico<\/strong>, se puede visitar la <strong class=\"bold color5\">Catedral de San Sacerdote<\/strong>, clasificada <strong class=\"bold color5\">monumento hist\u00f3rico<\/strong> desde 1840. Es una <strong class=\"bold color5\">catedral rom\u00e1nica<\/strong> que tiene el t\u00edtulo de concatedral porque alberga parte de la di\u00f3cesis de P\u00e9rigueux.<\/p>\n<p>En el centro de Sarlat, puede visitar el Manoir Gisson que est\u00e1 en el centro de la ciudad medieval. Esta mansi\u00f3n es un reflejo de la <strong class=\"bold color5\">vida burguesa sarlatense<\/strong> del siglo XIII\u1d49. Podr\u00e1 visitar las <strong class=\"bold color5\">habitaciones presidenciales<\/strong> de la <strong class=\"bold color5\">familia Gisson<\/strong> que, a lo largo de los siglos, fue c\u00f3nsul, notario real, caballero de la Orden de San Luis, Capit\u00e1n de Dragones&#8230; En este <strong class=\"bold color5\">manor<\/strong>, tambi\u00e9n existe la posibilidad de visitar un <strong class=\"bold color5\">gabinete de curiosidades<\/strong> de las exploraciones de los siglos XVII y XVIII.<\/p>\n<p>Despu\u00e9s de este d\u00eda de descubrimiento de Sarlat, de su gastronom\u00eda y de su historia, encuentre su alquiler en el camping de Sarlat para relajarse antes de salir de nuevo a visitar las otras ciudades imprescindibles como Domme.<\/p>\n<\/div><\/div><div class=\"element colonne p-0\"><div class=\"element images scroll-x-mobile\"><div class=\"image\"><img decoding=\"async\" src=\"https:\/\/campingleperpetuum.com\/wp-content\/uploads\/2021\/03\/centre-ville-sarlat-100x34.jpg\" data-src=\"https:\/\/campingleperpetuum.com\/wp-content\/uploads\/2021\/03\/centre-ville-sarlat.jpg\" alt=\"centre ville sarlat\" class=\"images_image\" \/><\/div><\/div><div class=\"element images scroll-x-mobile\"><div class=\"image\"><img decoding=\"async\" src=\"https:\/\/campingleperpetuum.com\/wp-content\/uploads\/2021\/03\/cathedrale-sarlat-100x34.jpg\" data-src=\"https:\/\/campingleperpetuum.com\/wp-content\/uploads\/2021\/03\/cathedrale-sarlat.jpg\" alt=\"cathedrale sarlat\" class=\"images_image\" \/><\/div><\/div><\/div><\/div><\/div><\/section>\n\n<section id=\"section-608bc79ce85e7\"\" class=\"section bg-white\" \/><div class=\"container\"><h2 class=\"element section-title center\">El camping cerca de Sarlat <\/h2><div class=\"element bloc-text center \">\n\t<p>El camping Le Perpetuum est\u00e1 situado a s\u00f3lo 8 km de Sarlat. As\u00ed que puede alquilar una parcela o un alquiler cerca de Sarlat para poder visitar esta hermosa ciudad mientras disfruta de la tranquilidad de <a href=\"\/es\/\">acampar en Sarlat<\/a>.<\/p>\n<\/div><\/div><\/section>\n\n<section id=\"section-60520720da7ba\"\" class=\"section bg-white\" \/><div class=\"container extralarge\"><div class=\"element section-title center titre-cta\">Visitar Domme y el P\u00e9rigord<\/div><ul class=\"liste-de-page scroll-x-mobile\"><li class=\"element call-to-action call-to-action--have-sous-titre call-to-action--style-1 call-to-action--normal\"><a href=\"https:\/\/campingleperpetuum.com\/es\/ubicacion-emplazamiento-sarlat\/\"  class=\"call-to-action_link\" title=\"M\u00e1s informaci\u00f3n nuestras sedes\"><div class=\"call-to-action_image\"><img decoding=\"async\" src=\"https:\/\/campingleperpetuum.com\/wp-content\/uploads\/2021\/03\/tente-dordogne-100x100.jpg\" data-src=\"https:\/\/campingleperpetuum.com\/wp-content\/uploads\/2021\/03\/tente-dordogne.jpg\" alt=\"tente dordogne\" class=\"normal\" \/><\/div><div class=\"call-to-action_contenu\"><div class=\"call-to-action_titre\">Nuestras sedes<\/div><div class=\"call-to-action_sous-titre\">Descubra<\/div><\/div><\/a><\/li><li class=\"element call-to-action call-to-action--have-sous-titre call-to-action--style-1 call-to-action--normal\"><a href=\"https:\/\/campingleperpetuum.com\/es\/turismo-domme\/\"  class=\"call-to-action_link\" title=\"M\u00e1s informaci\u00f3n de domme\"><div class=\"call-to-action_image\"><img decoding=\"async\" src=\"https:\/\/campingleperpetuum.com\/wp-content\/uploads\/2021\/03\/camping-domme-100x100.jpg\" data-src=\"https:\/\/campingleperpetuum.com\/wp-content\/uploads\/2021\/03\/camping-domme.jpg\" alt=\"camping tourisme domme\" class=\"normal\" \/><\/div><div class=\"call-to-action_contenu\"><div class=\"call-to-action_titre\">De Domme<\/div><div class=\"call-to-action_sous-titre\">La belleza<\/div><\/div><\/a><\/li><li class=\"element call-to-action call-to-action--have-sous-titre call-to-action--style-1 call-to-action--normal\"><a href=\"https:\/\/campingleperpetuum.com\/es\/camping-perigord\/\"  class=\"call-to-action_link\" title=\"M\u00e1s informaci\u00f3n &#038; la dordogne\"><div class=\"call-to-action_image\"><img decoding=\"async\" src=\"https:\/\/campingleperpetuum.com\/wp-content\/uploads\/2021\/03\/camping-dordogne-1-100x100.jpg\" data-src=\"https:\/\/campingleperpetuum.com\/wp-content\/uploads\/2021\/03\/camping-dordogne-1.jpg\" alt=\"camping tourisme dordogne\" class=\"normal\" \/><\/div><div class=\"call-to-action_contenu\"><div class=\"call-to-action_titre\">&#038; La Dordogne<\/div><div class=\"call-to-action_sous-titre\">El Perigord<\/div><\/div><\/a><\/li><\/ul><\/div><\/section>","protected":false},"excerpt":{"rendered":"","protected":false},"author":1,"featured_media":1016,"parent":0,"menu_order":0,"comment_status":"closed","ping_status":"closed","template":"","meta":{"_acf_changed":false,"footnotes":""},"class_list":["post-2684","page","type-page","status-publish","has-post-thumbnail","hentry"],"acf":[],"yoast_head":"<!-- This site is optimized with the Yoast SEO plugin v25.3 - https:\/\/yoast.com\/wordpress\/plugins\/seo\/ -->\n<title>Turismo en Sarlat | Visite la ciudad de Sarlat durante sus vacaciones<\/title>\n<meta name=\"robots\" content=\"index, follow, max-snippet:-1, max-image-preview:large, max-video-preview:-1\" \/>\n<link rel=\"canonical\" href=\"https:\/\/campingleperpetuum.com\/es\/turismo-sarlat\/\" \/>\n<meta property=\"og:locale\" content=\"es_ES\" \/>\n<meta property=\"og:type\" content=\"article\" \/>\n<meta property=\"og:title\" content=\"Turismo en Sarlat | Visite la ciudad de Sarlat durante sus vacaciones\" \/>\n<meta property=\"og:url\" content=\"https:\/\/campingleperpetuum.com\/es\/turismo-sarlat\/\" \/>\n<meta property=\"og:site_name\" content=\"Camping le Perpetuum\" \/>\n<meta property=\"article:modified_time\" content=\"2021-06-10T12:37:09+00:00\" \/>\n<meta property=\"og:image\" content=\"https:\/\/campingleperpetuum.com\/wp-content\/uploads\/2021\/03\/ville-sarlat.jpg\" \/>\n\t<meta property=\"og:image:width\" content=\"1903\" \/>\n\t<meta property=\"og:image:height\" content=\"450\" \/>\n\t<meta property=\"og:image:type\" content=\"image\/jpeg\" \/>\n<meta name=\"twitter:card\" content=\"summary_large_image\" \/>\n<script type=\"application\/ld+json\" class=\"yoast-schema-graph\">{\"@context\":\"https:\/\/schema.org\",\"@graph\":[{\"@type\":\"WebPage\",\"@id\":\"https:\/\/campingleperpetuum.com\/es\/turismo-sarlat\/\",\"url\":\"https:\/\/campingleperpetuum.com\/es\/turismo-sarlat\/\",\"name\":\"Turismo en Sarlat | Visite la ciudad de Sarlat durante sus vacaciones\",\"isPartOf\":{\"@id\":\"https:\/\/campingleperpetuum.com\/es\/#website\"},\"primaryImageOfPage\":{\"@id\":\"https:\/\/campingleperpetuum.com\/es\/turismo-sarlat\/#primaryimage\"},\"image\":{\"@id\":\"https:\/\/campingleperpetuum.com\/es\/turismo-sarlat\/#primaryimage\"},\"thumbnailUrl\":\"https:\/\/campingleperpetuum.com\/wp-content\/uploads\/2021\/03\/ville-sarlat.jpg\",\"datePublished\":\"2021-03-16T11:12:33+00:00\",\"dateModified\":\"2021-06-10T12:37:09+00:00\",\"breadcrumb\":{\"@id\":\"https:\/\/campingleperpetuum.com\/es\/turismo-sarlat\/#breadcrumb\"},\"inLanguage\":\"es\",\"potentialAction\":[{\"@type\":\"ReadAction\",\"target\":[\"https:\/\/campingleperpetuum.com\/es\/turismo-sarlat\/\"]}]},{\"@type\":\"ImageObject\",\"inLanguage\":\"es\",\"@id\":\"https:\/\/campingleperpetuum.com\/es\/turismo-sarlat\/#primaryimage\",\"url\":\"https:\/\/campingleperpetuum.com\/wp-content\/uploads\/2021\/03\/ville-sarlat.jpg\",\"contentUrl\":\"https:\/\/campingleperpetuum.com\/wp-content\/uploads\/2021\/03\/ville-sarlat.jpg\",\"width\":1903,\"height\":450,\"caption\":\"ville sarlat\"},{\"@type\":\"BreadcrumbList\",\"@id\":\"https:\/\/campingleperpetuum.com\/es\/turismo-sarlat\/#breadcrumb\",\"itemListElement\":[{\"@type\":\"ListItem\",\"position\":1,\"name\":\"Camping Sarlat\",\"item\":\"https:\/\/campingleperpetuum.com\/es\/\"},{\"@type\":\"ListItem\",\"position\":2,\"name\":\"Vacaciones en Sarlat\"}]},{\"@type\":\"WebSite\",\"@id\":\"https:\/\/campingleperpetuum.com\/es\/#website\",\"url\":\"https:\/\/campingleperpetuum.com\/es\/\",\"name\":\"Camping le Perpetuum\",\"description\":\"\",\"publisher\":{\"@id\":\"https:\/\/campingleperpetuum.com\/es\/#organization\"},\"inLanguage\":\"es\"},{\"@type\":\"Organization\",\"@id\":\"https:\/\/campingleperpetuum.com\/es\/#organization\",\"name\":\"Camping Perpetuum\",\"url\":\"https:\/\/campingleperpetuum.com\/es\/\",\"logo\":{\"@type\":\"ImageObject\",\"inLanguage\":\"es\",\"@id\":\"https:\/\/campingleperpetuum.com\/es\/#\/schema\/logo\/image\/\",\"url\":\"https:\/\/campingleperpetuum.com\/wp-content\/uploads\/2021\/03\/camping-perpetuum-1.png\",\"contentUrl\":\"https:\/\/campingleperpetuum.com\/wp-content\/uploads\/2021\/03\/camping-perpetuum-1.png\",\"width\":200,\"height\":200,\"caption\":\"Camping Perpetuum\"},\"image\":{\"@id\":\"https:\/\/campingleperpetuum.com\/es\/#\/schema\/logo\/image\/\"}}]}<\/script>\n<!-- \/ Yoast SEO plugin. -->","yoast_head_json":{"title":"Turismo en Sarlat | Visite la ciudad de Sarlat durante sus vacaciones","robots":{"index":"index","follow":"follow","max-snippet":"max-snippet:-1","max-image-preview":"max-image-preview:large","max-video-preview":"max-video-preview:-1"},"canonical":"https:\/\/campingleperpetuum.com\/es\/turismo-sarlat\/","og_locale":"es_ES","og_type":"article","og_title":"Turismo en Sarlat | Visite la ciudad de Sarlat durante sus vacaciones","og_url":"https:\/\/campingleperpetuum.com\/es\/turismo-sarlat\/","og_site_name":"Camping le Perpetuum","article_modified_time":"2021-06-10T12:37:09+00:00","og_image":[{"width":1903,"height":450,"url":"https:\/\/campingleperpetuum.com\/wp-content\/uploads\/2021\/03\/ville-sarlat.jpg","type":"image\/jpeg"}],"twitter_card":"summary_large_image","schema":{"@context":"https:\/\/schema.org","@graph":[{"@type":"WebPage","@id":"https:\/\/campingleperpetuum.com\/es\/turismo-sarlat\/","url":"https:\/\/campingleperpetuum.com\/es\/turismo-sarlat\/","name":"Turismo en Sarlat | Visite la ciudad de Sarlat durante sus vacaciones","isPartOf":{"@id":"https:\/\/campingleperpetuum.com\/es\/#website"},"primaryImageOfPage":{"@id":"https:\/\/campingleperpetuum.com\/es\/turismo-sarlat\/#primaryimage"},"image":{"@id":"https:\/\/campingleperpetuum.com\/es\/turismo-sarlat\/#primaryimage"},"thumbnailUrl":"https:\/\/campingleperpetuum.com\/wp-content\/uploads\/2021\/03\/ville-sarlat.jpg","datePublished":"2021-03-16T11:12:33+00:00","dateModified":"2021-06-10T12:37:09+00:00","breadcrumb":{"@id":"https:\/\/campingleperpetuum.com\/es\/turismo-sarlat\/#breadcrumb"},"inLanguage":"es","potentialAction":[{"@type":"ReadAction","target":["https:\/\/campingleperpetuum.com\/es\/turismo-sarlat\/"]}]},{"@type":"ImageObject","inLanguage":"es","@id":"https:\/\/campingleperpetuum.com\/es\/turismo-sarlat\/#primaryimage","url":"https:\/\/campingleperpetuum.com\/wp-content\/uploads\/2021\/03\/ville-sarlat.jpg","contentUrl":"https:\/\/campingleperpetuum.com\/wp-content\/uploads\/2021\/03\/ville-sarlat.jpg","width":1903,"height":450,"caption":"ville sarlat"},{"@type":"BreadcrumbList","@id":"https:\/\/campingleperpetuum.com\/es\/turismo-sarlat\/#breadcrumb","itemListElement":[{"@type":"ListItem","position":1,"name":"Camping Sarlat","item":"https:\/\/campingleperpetuum.com\/es\/"},{"@type":"ListItem","position":2,"name":"Vacaciones en Sarlat"}]},{"@type":"WebSite","@id":"https:\/\/campingleperpetuum.com\/es\/#website","url":"https:\/\/campingleperpetuum.com\/es\/","name":"Camping le Perpetuum","description":"","publisher":{"@id":"https:\/\/campingleperpetuum.com\/es\/#organization"},"inLanguage":"es"},{"@type":"Organization","@id":"https:\/\/campingleperpetuum.com\/es\/#organization","name":"Camping Perpetuum","url":"https:\/\/campingleperpetuum.com\/es\/","logo":{"@type":"ImageObject","inLanguage":"es","@id":"https:\/\/campingleperpetuum.com\/es\/#\/schema\/logo\/image\/","url":"https:\/\/campingleperpetuum.com\/wp-content\/uploads\/2021\/03\/camping-perpetuum-1.png","contentUrl":"https:\/\/campingleperpetuum.com\/wp-content\/uploads\/2021\/03\/camping-perpetuum-1.png","width":200,"height":200,"caption":"Camping Perpetuum"},"image":{"@id":"https:\/\/campingleperpetuum.com\/es\/#\/schema\/logo\/image\/"}}]}},"_links":{"self":[{"href":"https:\/\/campingleperpetuum.com\/es\/wp-json\/wp\/v2\/pages\/2684","targetHints":{"allow":["GET"]}}],"collection":[{"href":"https:\/\/campingleperpetuum.com\/es\/wp-json\/wp\/v2\/pages"}],"about":[{"href":"https:\/\/campingleperpetuum.com\/es\/wp-json\/wp\/v2\/types\/page"}],"author":[{"embeddable":true,"href":"https:\/\/campingleperpetuum.com\/es\/wp-json\/wp\/v2\/users\/1"}],"replies":[{"embeddable":true,"href":"https:\/\/campingleperpetuum.com\/es\/wp-json\/wp\/v2\/comments?post=2684"}],"version-history":[{"count":10,"href":"https:\/\/campingleperpetuum.com\/es\/wp-json\/wp\/v2\/pages\/2684\/revisions"}],"predecessor-version":[{"id":2899,"href":"https:\/\/campingleperpetuum.com\/es\/wp-json\/wp\/v2\/pages\/2684\/revisions\/2899"}],"wp:featuredmedia":[{"embeddable":true,"href":"https:\/\/campingleperpetuum.com\/es\/wp-json\/wp\/v2\/media\/1016"}],"wp:attachment":[{"href":"https:\/\/campingleperpetuum.com\/es\/wp-json\/wp\/v2\/media?parent=2684"}],"curies":[{"name":"wp","href":"https:\/\/api.w.org\/{rel}","templated":true}]}}