{"id":2689,"date":"2021-03-17T16:17:50","date_gmt":"2021-03-17T15:17:50","guid":{"rendered":"https:\/\/campingleperpetuum.com\/camping-pas-cher-sarlat\/"},"modified":"2023-06-28T13:18:14","modified_gmt":"2023-06-28T11:18:14","slug":"camping-barato-sarlat","status":"publish","type":"page","link":"https:\/\/campingleperpetuum.com\/es\/camping-barato-sarlat\/","title":{"rendered":"Tarifs"},"content":{"rendered":"<section id=\"section-60520720da256\"\" class=\"section first-home bg-white p-b-0\" \/><div class=\"container extralarge\"><h1 class=\"element section-title center font-1\">Camping de bajo coste en Sarlat<\/h1><\/div><\/section>\n\n<section id=\"section-60520720da256\"\" class=\"section first-home bg-white p-t-0 p-b-0\" \/><div class=\"container extralarge\"><h2 class=\"element section-title center\">Ofertas especiales en Camping Perpetuum<\/h2><div class=\"element bloc-text\">\n\t<script>\r\n    window.ctoutvert = {\r\n        id: 3857,\r\n        lang: 'auto',\r\n        url: 'https:\/\/bookingpremium.secureholiday.net\/widgets\/', \r\n    };\r\n    (function (w, d, s, ctv, r, js, fjs) {\r\n        r=new XMLHttpRequest();r.open('GET',w[ctv].url+'js\/src.json');\r\n        r.responseType='json';r.json=true;r.send();\r\n        r.onload=function(){w[ctv].src=r.responseType=='json'?r.response:JSON.parse(r.response);\r\n        js.src=w[ctv].src[0];fjs.parentNode.insertBefore(js, fjs);}\r\n        js=d.createElement(s),fjs=d.getElementsByTagName(s)[0];\r\n        js.id='ctvwidget';js.async=1;\r\n    }(window, document, 'script', 'ctoutvert'));\r\n<\/script>\r\n<ctv-offers data-display-mode=\"carousel\" ><\/ctv-offers>\r\n<ctv-availability data-background-color='#FFFFFFFF' ><\/ctv-availability><\/div><\/div><\/section>\n\n<section id=\"section-groupe\"\" class=\"section first-home bg-white p-t-0 p-b-0\" \/><div class=\"container extralarge\"><div class=\"colonnes-wrap valign-middle \"><div class=\"element colonne w-60 p-5\"><h2 class=\"element section-title center font-2\">Salida y llegada los mi\u00e9rcoles y s\u00e1bados de julio y agosto <\/h2><div class=\"element bloc-text justify \">\n\t<p>Para evitar atascos en los d\u00edas de mayor afluencia, en julio y agosto realizamos las llegadas y salidas los s\u00e1bados y los mi\u00e9rcoles. Las llegadas son a partir de las 15:00 horas y las salidas hasta las 10:00 horas.<\/p>\n<p>En <strong class=\"bold color1\">julio y agosto<\/strong>, alquilamos nuestras casas m\u00f3viles en Sarlat al mejor precio durante al menos <strong class=\"bold color1\">una semana<\/strong>. No te asustes si llegas antes puedes ir a <strong class=\"bold color1\">comer al restaurante del camping<\/strong> o <strong class=\"bold color1\">disfrutar de la piscina<\/strong> mientras esperas a que tu casa m\u00f3vil est\u00e9 lista. <\/p>\n<\/div><\/div><div class=\"element colonne w-40\"><div class=\"element images scroll-x-mobile\"><div class=\"image\"><img decoding=\"async\" src=\"https:\/\/campingleperpetuum.com\/wp-content\/uploads\/2021\/03\/mobil-home-dordogne-1-92x100.jpg\" data-src=\"https:\/\/campingleperpetuum.com\/wp-content\/uploads\/2021\/03\/mobil-home-dordogne-1.jpg\" alt=\"mobil home sarlat\" class=\"images_image\" \/><\/div><\/div><\/div><\/div><\/div><\/section>\n\n<section id=\"section-60520720da3eb\"\" class=\"section bg-white p-t-0 p-b-0\" \/><div class=\"container full\"><div class=\"element images scroll-x-mobile\"><div class=\"image\"><img decoding=\"async\" src=\"https:\/\/campingleperpetuum.com\/wp-content\/uploads\/2021\/03\/mobil-home-transats-100x100.jpg\" data-src=\"https:\/\/campingleperpetuum.com\/wp-content\/uploads\/2021\/03\/mobil-home-transats.jpg\" alt=\"mobil home transats\" class=\"images_image\" \/><\/div><div class=\"image\"><img decoding=\"async\" src=\"https:\/\/campingleperpetuum.com\/wp-content\/uploads\/2021\/03\/cuisine-mobil-home-100x100.jpg\" data-src=\"https:\/\/campingleperpetuum.com\/wp-content\/uploads\/2021\/03\/cuisine-mobil-home.jpg\" alt=\"cuisine mobil home\" class=\"images_image\" \/><\/div><div class=\"image\"><img decoding=\"async\" src=\"https:\/\/campingleperpetuum.com\/wp-content\/uploads\/2021\/03\/emplacement-sanitaires-100x100.jpg\" data-src=\"https:\/\/campingleperpetuum.com\/wp-content\/uploads\/2021\/03\/emplacement-sanitaires.jpg\" alt=\"emplacement sanitaires\" class=\"images_image\" \/><\/div><div class=\"image\"><img decoding=\"async\" src=\"https:\/\/campingleperpetuum.com\/wp-content\/uploads\/2021\/03\/salon-mobil-home-100x100.jpg\" data-src=\"https:\/\/campingleperpetuum.com\/wp-content\/uploads\/2021\/03\/salon-mobil-home.jpg\" alt=\"salon mobil home\" class=\"images_image\" \/><\/div><\/div><\/div><\/section>\n\n<section id=\"section-60520720da5f0\"\" class=\"section fifth-home bg-color1 p-t-0 p-b-0\" \/><div class=\"container full\"><div class=\"colonnes-wrap valign-middle \"><div class=\"element colonne \"><h2 class=\"element section-title center\">Fin de semana y estancia corta en temporada baja<\/h2><div class=\"element bloc-text center \">\n\t<p>\u00bfLe gustar\u00eda venir a <a href=\"\/es\/\">camping Domme<\/a> en temporada baja para una estancia corta o un fin de semana largo? Aprovecha nuestras <strong class=\"bold color5\">mejores tarifas<\/strong> \u00abPara tus escapadas\u00bb que incluyen 4 personas y un veh\u00edculo en el periodo del 12\/05 al 7\/07 y del 28\/08 al 10\/10. Estas tarifas est\u00e1n disponibles en todos nuestros alquileres dentro de los l\u00edmites de la disponibilidad.<\/p>\n<p>Para planificar su presupuesto, pida un presupuesto digital que le permita posicionarse para sus <strong class=\"bold color5\">futuras vacaciones<\/strong>. Es muy sencillo, s\u00f3lo tiene que hacer su solicitud por tel\u00e9fono (05.53.28.35.18) o por correo. Ser\u00e1 un placer informarle lo mejor posible. <\/p>\n<p>Nuestra <strong class=\"bold color5\">gama de alquileres<\/strong>, de lugares con instalaciones sanitarias o sin ellas, podr\u00e1 ofrecerle un amplio abanico de soluciones a <strong class=\"bold color5\">precio reducido<\/strong> para adaptarse mejor a sus necesidades. D\u00e9jese guiar paso a paso por la reserva online o, si lo prefiere, le enviamos el contrato por correo. Nos adaptamos a todos nuestros futuros Perpetuumians y ofrecemos una <strong class=\"bold color5\">estancia econ\u00f3mica en Dordogne<\/strong>. Nuestro negocio principal es la hospitalidad, somos <strong class=\"bold color5\">creadores de recuerdos<\/strong>. <\/p>\n<p>En el camping Le Perpetuum, aceptamos el pago con cheque, efectivo, cheques de vacaciones, transferencia bancaria y tarjeta de cr\u00e9dito (tenga en cuenta que durante la temporada baja, las tarjetas de cr\u00e9dito no siempre est\u00e1n disponibles en el sitio).<\/p>\n<\/div><\/div><div class=\"element colonne p-0\"><div class=\"element images scroll-x-mobile\"><div class=\"image\"><img decoding=\"async\" src=\"https:\/\/campingleperpetuum.com\/wp-content\/uploads\/2021\/03\/terrasse-mobil-home-1-100x34.jpg\" data-src=\"https:\/\/campingleperpetuum.com\/wp-content\/uploads\/2021\/03\/terrasse-mobil-home-1.jpg\" alt=\"terrasse mobil home\" class=\"images_image\" \/><\/div><\/div><div class=\"element images scroll-x-mobile\"><div class=\"image\"><img decoding=\"async\" src=\"https:\/\/campingleperpetuum.com\/wp-content\/uploads\/2021\/03\/terrasse-famille-100x34.jpg\" data-src=\"https:\/\/campingleperpetuum.com\/wp-content\/uploads\/2021\/03\/terrasse-famille.jpg\" alt=\"terrasse famille\" class=\"images_image\" \/><\/div><\/div><\/div><\/div><\/div><\/section>\n\n<section id=\"section-last\"\" class=\"section first-home bg-white p-t-0 p-b-0\" \/><div class=\"container extralarge\"><div class=\"colonnes-wrap valign-middle \"><div class=\"element colonne w-40\"><div class=\"element images scroll-x-mobile\"><div class=\"image\"><img decoding=\"async\" src=\"https:\/\/campingleperpetuum.com\/wp-content\/uploads\/2021\/03\/table-camping-car-92x100.jpg\" data-src=\"https:\/\/campingleperpetuum.com\/wp-content\/uploads\/2021\/03\/table-camping-car.jpg\" alt=\"table camping car\" class=\"images_image\" \/><\/div><\/div><\/div><div class=\"element colonne w-60 p-5\"><h2 class=\"element section-title center font-2\">Permanece en un terreno de juego<\/h2><div class=\"element bloc-text justify \">\n\t<p>Si es una parcela que te tienta puedes llegar todos los d\u00edas a partir de las 14:00 horas y tienes hasta el mediod\u00eda del d\u00eda de salida para salir y <strong class=\"bold color1\">descubrir nuevas tierras<\/strong>. <\/p>\n<p>Nuestros <strong class=\"bold color1\">paquetes de parcela de bajo coste<\/strong> incluyen un coche con una tienda de campa\u00f1a o caravana o autocaravana y 1 persona para el <strong class=\"bold color1\">paquete individual<\/strong>. Si sois 2 personas, no os preocup\u00e9is el paquete libertad es para vosotros y si os tienta la electricidad pod\u00e9is coger un <strong class=\"bold color1\">paquete confort<\/strong>. Puedes a\u00f1adir a tu paquete inicial, muchas <strong class=\"bold color1\">opciones<\/strong> en funci\u00f3n de tus deseos y presupuesto como personas adicionales (hasta 6 personas), una nevera u otras carpas.  <\/p>\n<p>Si sois un <strong class=\"bold color1\">grupo de amigos<\/strong> de <strong class=\"bold color1\">m\u00e1s de 6 personas<\/strong>, pod\u00e9is alquilar una <strong class=\"bold color1\">segunda parcela<\/strong> en el camping barato y decirnos que est\u00e1is juntos para que os encontremos <strong class=\"bold color1\">2 parcelas juntas<\/strong>. <\/p>\n<\/div><\/div><\/div><\/div><\/section>\n\n<section id=\"section-60520720da7ba\"\" class=\"section bg-white\" \/><div class=\"container extralarge\"><div class=\"element section-title center titre-cta\">Nuestros alojamientos y parcelas<\/div><ul class=\"liste-de-page scroll-x-mobile\"><li class=\"element call-to-action call-to-action--have-sous-titre call-to-action--style-1 call-to-action--normal\"><a href=\"https:\/\/campingleperpetuum.com\/es\/ubicacion-emplazamiento-sarlat\/\"  class=\"call-to-action_link\" title=\"M\u00e1s informaci\u00f3n nuestras sedes\"><div class=\"call-to-action_image\"><img decoding=\"async\" src=\"https:\/\/campingleperpetuum.com\/wp-content\/uploads\/2021\/03\/tente-dordogne-100x100.jpg\" data-src=\"https:\/\/campingleperpetuum.com\/wp-content\/uploads\/2021\/03\/tente-dordogne.jpg\" alt=\"tente dordogne\" class=\"normal\" \/><\/div><div class=\"call-to-action_contenu\"><div class=\"call-to-action_titre\">Nuestras sedes<\/div><div class=\"call-to-action_sous-titre\">Descubra<\/div><\/div><\/a><\/li><li class=\"element call-to-action call-to-action--have-sous-titre call-to-action--style-1 call-to-action--normal\"><a href=\"https:\/\/campingleperpetuum.com\/es\/ubicacion-emplazamiento-sanitaria-sarlat\/\"  class=\"call-to-action_link\" title=\"M\u00e1s informaci\u00f3n nuestras parcelas con instalaciones sanitarias\"><div class=\"call-to-action_image\"><img decoding=\"async\" src=\"https:\/\/campingleperpetuum.com\/wp-content\/uploads\/2021\/03\/emplacement-sanitaire-77x100.jpg\" data-src=\"https:\/\/campingleperpetuum.com\/wp-content\/uploads\/2021\/03\/emplacement-sanitaire.jpg\" alt=\"emplacement sanitaire sarlat\" class=\"normal\" \/><\/div><div class=\"call-to-action_contenu\"><div class=\"call-to-action_titre\">Nuestras parcelas con instalaciones sanitarias<\/div><div class=\"call-to-action_sous-titre\">Descubra<\/div><\/div><\/a><\/li><li class=\"element call-to-action call-to-action--have-sous-titre call-to-action--style-1 call-to-action--normal\"><a href=\"https:\/\/campingleperpetuum.com\/es\/ubicacion-mobil-home-sarlat\/\"  class=\"call-to-action_link\" title=\"M\u00e1s informaci\u00f3n nuestros alquileres\"><div class=\"call-to-action_image\"><img decoding=\"async\" src=\"https:\/\/campingleperpetuum.com\/wp-content\/uploads\/2021\/03\/mobil-home-dordogne-100x100.jpg\" data-src=\"https:\/\/campingleperpetuum.com\/wp-content\/uploads\/2021\/03\/mobil-home-dordogne.jpg\" alt=\"mobil home dordogne\" class=\"normal\" \/><\/div><div class=\"call-to-action_contenu\"><div class=\"call-to-action_titre\">Nuestros alquileres<\/div><div class=\"call-to-action_sous-titre\">Descubra<\/div><\/div><\/a><\/li><\/ul><\/div><\/section>","protected":false},"excerpt":{"rendered":"","protected":false},"author":1,"featured_media":797,"parent":0,"menu_order":0,"comment_status":"closed","ping_status":"closed","template":"","meta":{"_acf_changed":false,"footnotes":""},"class_list":["post-2689","page","type-page","status-publish","has-post-thumbnail","hentry"],"acf":[],"yoast_head":"<!-- This site is optimized with the Yoast SEO plugin v25.3 - https:\/\/yoast.com\/wordpress\/plugins\/seo\/ -->\n<title>Camping barato en Sarlat | Camping al mejor precio en Domme<\/title>\n<meta name=\"robots\" content=\"index, follow, max-snippet:-1, max-image-preview:large, max-video-preview:-1\" \/>\n<link rel=\"canonical\" href=\"https:\/\/campingleperpetuum.com\/es\/camping-barato-sarlat\/\" \/>\n<meta property=\"og:locale\" content=\"es_ES\" \/>\n<meta property=\"og:type\" content=\"article\" \/>\n<meta property=\"og:title\" content=\"Camping barato en Sarlat | Camping al mejor precio en Domme\" \/>\n<meta property=\"og:url\" content=\"https:\/\/campingleperpetuum.com\/es\/camping-barato-sarlat\/\" \/>\n<meta property=\"og:site_name\" content=\"Camping le Perpetuum\" \/>\n<meta property=\"article:modified_time\" content=\"2023-06-28T11:18:14+00:00\" \/>\n<meta property=\"og:image\" content=\"https:\/\/campingleperpetuum.com\/wp-content\/uploads\/2021\/03\/location-emplacement-1.jpg\" \/>\n\t<meta property=\"og:image:width\" content=\"1901\" \/>\n\t<meta property=\"og:image:height\" content=\"450\" \/>\n\t<meta property=\"og:image:type\" content=\"image\/jpeg\" \/>\n<meta name=\"twitter:card\" content=\"summary_large_image\" \/>\n<script type=\"application\/ld+json\" class=\"yoast-schema-graph\">{\"@context\":\"https:\/\/schema.org\",\"@graph\":[{\"@type\":\"WebPage\",\"@id\":\"https:\/\/campingleperpetuum.com\/es\/camping-barato-sarlat\/\",\"url\":\"https:\/\/campingleperpetuum.com\/es\/camping-barato-sarlat\/\",\"name\":\"Camping barato en Sarlat | Camping al mejor precio en Domme\",\"isPartOf\":{\"@id\":\"https:\/\/campingleperpetuum.com\/es\/#website\"},\"primaryImageOfPage\":{\"@id\":\"https:\/\/campingleperpetuum.com\/es\/camping-barato-sarlat\/#primaryimage\"},\"image\":{\"@id\":\"https:\/\/campingleperpetuum.com\/es\/camping-barato-sarlat\/#primaryimage\"},\"thumbnailUrl\":\"https:\/\/campingleperpetuum.com\/wp-content\/uploads\/2021\/03\/location-emplacement-1.jpg\",\"datePublished\":\"2021-03-17T15:17:50+00:00\",\"dateModified\":\"2023-06-28T11:18:14+00:00\",\"breadcrumb\":{\"@id\":\"https:\/\/campingleperpetuum.com\/es\/camping-barato-sarlat\/#breadcrumb\"},\"inLanguage\":\"es\",\"potentialAction\":[{\"@type\":\"ReadAction\",\"target\":[\"https:\/\/campingleperpetuum.com\/es\/camping-barato-sarlat\/\"]}]},{\"@type\":\"ImageObject\",\"inLanguage\":\"es\",\"@id\":\"https:\/\/campingleperpetuum.com\/es\/camping-barato-sarlat\/#primaryimage\",\"url\":\"https:\/\/campingleperpetuum.com\/wp-content\/uploads\/2021\/03\/location-emplacement-1.jpg\",\"contentUrl\":\"https:\/\/campingleperpetuum.com\/wp-content\/uploads\/2021\/03\/location-emplacement-1.jpg\",\"width\":1901,\"height\":450,\"caption\":\"Elise FOURNIER photographe - PERPETUM - 2017\"},{\"@type\":\"BreadcrumbList\",\"@id\":\"https:\/\/campingleperpetuum.com\/es\/camping-barato-sarlat\/#breadcrumb\",\"itemListElement\":[{\"@type\":\"ListItem\",\"position\":1,\"name\":\"Camping Sarlat\",\"item\":\"https:\/\/campingleperpetuum.com\/es\/\"},{\"@type\":\"ListItem\",\"position\":2,\"name\":\"Camping barato Domme\"}]},{\"@type\":\"WebSite\",\"@id\":\"https:\/\/campingleperpetuum.com\/es\/#website\",\"url\":\"https:\/\/campingleperpetuum.com\/es\/\",\"name\":\"Camping le Perpetuum\",\"description\":\"\",\"publisher\":{\"@id\":\"https:\/\/campingleperpetuum.com\/es\/#organization\"},\"inLanguage\":\"es\"},{\"@type\":\"Organization\",\"@id\":\"https:\/\/campingleperpetuum.com\/es\/#organization\",\"name\":\"Camping Perpetuum\",\"url\":\"https:\/\/campingleperpetuum.com\/es\/\",\"logo\":{\"@type\":\"ImageObject\",\"inLanguage\":\"es\",\"@id\":\"https:\/\/campingleperpetuum.com\/es\/#\/schema\/logo\/image\/\",\"url\":\"https:\/\/campingleperpetuum.com\/wp-content\/uploads\/2021\/03\/camping-perpetuum-1.png\",\"contentUrl\":\"https:\/\/campingleperpetuum.com\/wp-content\/uploads\/2021\/03\/camping-perpetuum-1.png\",\"width\":200,\"height\":200,\"caption\":\"Camping Perpetuum\"},\"image\":{\"@id\":\"https:\/\/campingleperpetuum.com\/es\/#\/schema\/logo\/image\/\"}}]}<\/script>\n<!-- \/ Yoast SEO plugin. -->","yoast_head_json":{"title":"Camping barato en Sarlat | Camping al mejor precio en Domme","robots":{"index":"index","follow":"follow","max-snippet":"max-snippet:-1","max-image-preview":"max-image-preview:large","max-video-preview":"max-video-preview:-1"},"canonical":"https:\/\/campingleperpetuum.com\/es\/camping-barato-sarlat\/","og_locale":"es_ES","og_type":"article","og_title":"Camping barato en Sarlat | Camping al mejor precio en Domme","og_url":"https:\/\/campingleperpetuum.com\/es\/camping-barato-sarlat\/","og_site_name":"Camping le Perpetuum","article_modified_time":"2023-06-28T11:18:14+00:00","og_image":[{"width":1901,"height":450,"url":"https:\/\/campingleperpetuum.com\/wp-content\/uploads\/2021\/03\/location-emplacement-1.jpg","type":"image\/jpeg"}],"twitter_card":"summary_large_image","schema":{"@context":"https:\/\/schema.org","@graph":[{"@type":"WebPage","@id":"https:\/\/campingleperpetuum.com\/es\/camping-barato-sarlat\/","url":"https:\/\/campingleperpetuum.com\/es\/camping-barato-sarlat\/","name":"Camping barato en Sarlat | Camping al mejor precio en Domme","isPartOf":{"@id":"https:\/\/campingleperpetuum.com\/es\/#website"},"primaryImageOfPage":{"@id":"https:\/\/campingleperpetuum.com\/es\/camping-barato-sarlat\/#primaryimage"},"image":{"@id":"https:\/\/campingleperpetuum.com\/es\/camping-barato-sarlat\/#primaryimage"},"thumbnailUrl":"https:\/\/campingleperpetuum.com\/wp-content\/uploads\/2021\/03\/location-emplacement-1.jpg","datePublished":"2021-03-17T15:17:50+00:00","dateModified":"2023-06-28T11:18:14+00:00","breadcrumb":{"@id":"https:\/\/campingleperpetuum.com\/es\/camping-barato-sarlat\/#breadcrumb"},"inLanguage":"es","potentialAction":[{"@type":"ReadAction","target":["https:\/\/campingleperpetuum.com\/es\/camping-barato-sarlat\/"]}]},{"@type":"ImageObject","inLanguage":"es","@id":"https:\/\/campingleperpetuum.com\/es\/camping-barato-sarlat\/#primaryimage","url":"https:\/\/campingleperpetuum.com\/wp-content\/uploads\/2021\/03\/location-emplacement-1.jpg","contentUrl":"https:\/\/campingleperpetuum.com\/wp-content\/uploads\/2021\/03\/location-emplacement-1.jpg","width":1901,"height":450,"caption":"Elise FOURNIER photographe - PERPETUM - 2017"},{"@type":"BreadcrumbList","@id":"https:\/\/campingleperpetuum.com\/es\/camping-barato-sarlat\/#breadcrumb","itemListElement":[{"@type":"ListItem","position":1,"name":"Camping Sarlat","item":"https:\/\/campingleperpetuum.com\/es\/"},{"@type":"ListItem","position":2,"name":"Camping barato Domme"}]},{"@type":"WebSite","@id":"https:\/\/campingleperpetuum.com\/es\/#website","url":"https:\/\/campingleperpetuum.com\/es\/","name":"Camping le Perpetuum","description":"","publisher":{"@id":"https:\/\/campingleperpetuum.com\/es\/#organization"},"inLanguage":"es"},{"@type":"Organization","@id":"https:\/\/campingleperpetuum.com\/es\/#organization","name":"Camping Perpetuum","url":"https:\/\/campingleperpetuum.com\/es\/","logo":{"@type":"ImageObject","inLanguage":"es","@id":"https:\/\/campingleperpetuum.com\/es\/#\/schema\/logo\/image\/","url":"https:\/\/campingleperpetuum.com\/wp-content\/uploads\/2021\/03\/camping-perpetuum-1.png","contentUrl":"https:\/\/campingleperpetuum.com\/wp-content\/uploads\/2021\/03\/camping-perpetuum-1.png","width":200,"height":200,"caption":"Camping Perpetuum"},"image":{"@id":"https:\/\/campingleperpetuum.com\/es\/#\/schema\/logo\/image\/"}}]}},"_links":{"self":[{"href":"https:\/\/campingleperpetuum.com\/es\/wp-json\/wp\/v2\/pages\/2689","targetHints":{"allow":["GET"]}}],"collection":[{"href":"https:\/\/campingleperpetuum.com\/es\/wp-json\/wp\/v2\/pages"}],"about":[{"href":"https:\/\/campingleperpetuum.com\/es\/wp-json\/wp\/v2\/types\/page"}],"author":[{"embeddable":true,"href":"https:\/\/campingleperpetuum.com\/es\/wp-json\/wp\/v2\/users\/1"}],"replies":[{"embeddable":true,"href":"https:\/\/campingleperpetuum.com\/es\/wp-json\/wp\/v2\/comments?post=2689"}],"version-history":[{"count":14,"href":"https:\/\/campingleperpetuum.com\/es\/wp-json\/wp\/v2\/pages\/2689\/revisions"}],"predecessor-version":[{"id":4273,"href":"https:\/\/campingleperpetuum.com\/es\/wp-json\/wp\/v2\/pages\/2689\/revisions\/4273"}],"wp:featuredmedia":[{"embeddable":true,"href":"https:\/\/campingleperpetuum.com\/es\/wp-json\/wp\/v2\/media\/797"}],"wp:attachment":[{"href":"https:\/\/campingleperpetuum.com\/es\/wp-json\/wp\/v2\/media?parent=2689"}],"curies":[{"name":"wp","href":"https:\/\/api.w.org\/{rel}","templated":true}]}}