{"id":2239,"date":"2021-03-16T12:12:46","date_gmt":"2021-03-16T11:12:46","guid":{"rendered":"https:\/\/campingleperpetuum.com\/camping-perigord\/"},"modified":"2021-06-08T11:19:29","modified_gmt":"2021-06-08T09:19:29","slug":"kamperen-perigord","status":"publish","type":"page","link":"https:\/\/campingleperpetuum.com\/nl\/kamperen-perigord\/","title":{"rendered":"Les alentours : Le P\u00e9rigord"},"content":{"rendered":"<section id=\"section-60520720da256\"\" class=\"section first-home bg-white p-t-0 p-b-0\" \/><div class=\"container extralarge\"><div class=\"colonnes-wrap valign-middle \"><div class=\"element colonne w-60 p-5\"><h1 class=\"element section-title center font-1\">Camping P\u00e9rigord<\/h1><h2 class=\"element section-title center font-2\">Ontdek de P\u00e9rigord<\/h2><div class=\"element bloc-text justify \">\n\t<p>Waar doet de Dordogne, de P\u00e9rigord, u aan denken?<br \/>\nJa, het is een departement en het is ook een <strong class=\"bold color1\">mooie rivier<\/strong> die dezelfde naam draagt als de Dordogne. Het zit ook vol met kleine zijriviertjes. Onze <strong class=\"bold color1\">Mooie Dordogne Vallei<\/strong> is <strong class=\"bold color1\">geclassificeerd als een UNESCO site<\/strong>. Wat een geweldige beloning voor dit gebied dat uw nieuwsgierigheid maar ook uw smaakpapillen in verrukking zal brengen. <\/p>\n<p>De P\u00e9rigord is ook ingedeeld in <strong class=\"bold color1\">4 kleuren<\/strong> :<\/p>\n<ul>\n<li>Het <strong class=\"bold color1\">zwart<\/strong> omdat dit deel van het grondgebied begiftigd is met een <strong class=\"bold color1\">prachtig bos<\/strong>. Als het zover is, gun jezelf dan het plezier van <strong class=\"bold color1\">het plukken van het beroemde eekhoorntjesbrood<\/strong> en vele andere wonderen&#8230; <\/li>\n<li>De <strong class=\"bold color1\">rood<\/strong> met de <strong class=\"bold color1\">mooie wijnen van Bergerac, P\u00e9charmant<\/strong>.<\/li>\n<li>De <strong class=\"bold color1\">groene<\/strong> omdat dit deel van de P\u00e9rigord <strong class=\"bold color1\">veel weiden en bossen<\/strong> heeft.<\/li>\n<li>Het <strong class=\"bold color1\">wit<\/strong> heeft veel <strong class=\"bold color1\">kalksteenplateaus<\/strong> met deze kleur.<\/li>\n<\/ul>\n<\/div><\/div><div class=\"element colonne w-40\"><div class=\"element images scroll-x-mobile\"><div class=\"image\"><img decoding=\"async\" src=\"https:\/\/campingleperpetuum.com\/wp-content\/uploads\/2021\/03\/espace-aquatique-dordogne-92x100.jpg\" data-src=\"https:\/\/campingleperpetuum.com\/wp-content\/uploads\/2021\/03\/espace-aquatique-dordogne.jpg\" alt=\"espace aquatique dordogne\" class=\"images_image\" \/><\/div><\/div><\/div><\/div><\/div><\/section>\n\n<section id=\"section-60520720da3eb\"\" class=\"section bg-white p-t-0 p-b-0\" \/><div class=\"container full\"><div class=\"element images scroll-x-mobile\"><div class=\"image\"><img decoding=\"async\" src=\"https:\/\/campingleperpetuum.com\/wp-content\/uploads\/2021\/03\/chateau-dordogne-100x100.jpg\" data-src=\"https:\/\/campingleperpetuum.com\/wp-content\/uploads\/2021\/03\/chateau-dordogne.jpg\" alt=\"chateau dordogne\" class=\"images_image\" \/><\/div><div class=\"image\"><img decoding=\"async\" src=\"https:\/\/campingleperpetuum.com\/wp-content\/uploads\/2021\/03\/vue-chateau-dordogne-1-100x100.jpg\" data-src=\"https:\/\/campingleperpetuum.com\/wp-content\/uploads\/2021\/03\/vue-chateau-dordogne-1.jpg\" alt=\"vue chateau dordogne\" class=\"images_image\" \/><\/div><div class=\"image\"><img decoding=\"async\" src=\"https:\/\/campingleperpetuum.com\/wp-content\/uploads\/2021\/03\/dordogne-chateau-100x100.jpg\" data-src=\"https:\/\/campingleperpetuum.com\/wp-content\/uploads\/2021\/03\/dordogne-chateau.jpg\" alt=\"dordogne chateau\" class=\"images_image\" \/><\/div><div class=\"image\"><img decoding=\"async\" src=\"https:\/\/campingleperpetuum.com\/wp-content\/uploads\/2021\/03\/riviere-dordogne-100x100.jpg\" data-src=\"https:\/\/campingleperpetuum.com\/wp-content\/uploads\/2021\/03\/riviere-dordogne.jpg\" alt=\"riviere dordogne\" class=\"images_image\" \/><\/div><\/div><\/div><\/section>\n\n<section id=\"section-60520720da5f0\"\" class=\"section fifth-home bg-color1 p-t-0 p-b-0\" \/><div class=\"container full\"><div class=\"colonnes-wrap valign-middle \"><div class=\"element colonne \"><div class=\"element bloc-text center \">\n\t<p>De P\u00e9rigord is rijk aan <strong class=\"bold color5\">historische, archeologische<\/strong> en <strong class=\"bold color5\">uitzonderlijke culturele plaatsen<\/strong>. U kunt <strong class=\"bold color5\">telbare kastelen<\/strong> bezoeken waar roofvogelshows, middeleeuwse re\u00ebnactments en nog veel meer amusement te zien zijn.<\/p>\n<p>Er zijn ook <strong class=\"bold color5\">ontelbare grotten en afgronden<\/strong> van verschillende graad van bekendheid die vol zitten met stalactieten, stalagmieten, draperie\u00ebn en zelfs <strong class=\"bold color5\">rotstekeningen<\/strong>. Veel van deze grotten willen laten zien hoe zij werden verkend en willen hun toestand koste wat het kost behouden.<\/p>\n<p>De Dordogne heeft echter ook veel <strong class=\"bold color5\">thema pretparken<\/strong> die het hele gezin zullen bekoren.<\/p>\n<\/div><\/div><div class=\"element colonne p-0\"><div class=\"element images scroll-x-mobile\"><div class=\"image\"><img decoding=\"async\" src=\"https:\/\/campingleperpetuum.com\/wp-content\/uploads\/2021\/03\/chateau-perigord-100x34.jpg\" data-src=\"https:\/\/campingleperpetuum.com\/wp-content\/uploads\/2021\/03\/chateau-perigord.jpg\" alt=\"chateau perigord\" class=\"images_image\" \/><\/div><\/div><div class=\"element images scroll-x-mobile\"><div class=\"image\"><img decoding=\"async\" src=\"https:\/\/campingleperpetuum.com\/wp-content\/uploads\/2021\/03\/vue-dordogne-100x34.jpg\" data-src=\"https:\/\/campingleperpetuum.com\/wp-content\/uploads\/2021\/03\/vue-dordogne.jpg\" alt=\" vue dordogne\" class=\"images_image\" \/><\/div><\/div><\/div><\/div><\/div><\/section>\n\n<section id=\"section-groupe2\"\" class=\"section first-home bg-white p-t-0 p-b-0\" \/><div class=\"container extralarge\"><div class=\"colonnes-wrap valign-middle \"><div class=\"element colonne w-40\"><div class=\"element images scroll-x-mobile\"><div class=\"image\"><img decoding=\"async\" src=\"https:\/\/campingleperpetuum.com\/wp-content\/uploads\/2021\/03\/truffes-specialite-79x100.jpg\" data-src=\"https:\/\/campingleperpetuum.com\/wp-content\/uploads\/2021\/03\/truffes-specialite.jpg\" alt=\"truffes specialite\" class=\"images_image\" \/><\/div><\/div><\/div><div class=\"element colonne w-60 p-5\"><h2 class=\"element section-title center font-2\">De gastronomie van de P\u00e9rigord<\/h2><div class=\"element bloc-text justify \">\n\t<p>De P\u00e9rigord is ook een <strong class=\"bold color1\">gastronomische streek<\/strong>, u kunt vele specialiteiten proeven in de <strong class=\"bold color1\">boerderijherbergen<\/strong>, <strong class=\"bold color1\">gastronomische markten<\/strong> en <strong class=\"bold color1\">producentenmarkt<\/strong>. <\/p>\n<p>De <strong class=\"bold color1\">specialiteiten<\/strong> draaien om <strong class=\"bold color1\">eend<\/strong>, <strong class=\"bold color1\">gans<\/strong> en <strong class=\"bold color1\">walnoot<\/strong>. Ontdek foie gras, eendenborst, gekonfijte eend, walnotentaarten, walnootolie en vele andere specialiteiten&#8230; Ga naar de receptie van de camping, zij zullen u graag adviseren over waar u de <strong class=\"bold color1\">beste producten<\/strong> kunt vinden.<\/p>\n<\/div><h2 class=\"element section-title center font-2\">Camping en P\u00e9rigord<\/h2><div class=\"element bloc-text justify \">\n\t<p>Verblijf op <a href=\"\/nl\/\">camping in Sarlat<\/a> en ontdek alle gastronomische specialiteiten van de P\u00e9rigord. Begin uw dag met een bezoek aan onze <strong class=\"bold color1\">mooie steden<\/strong> en <strong class=\"bold color1\">must-see plaatsen<\/strong>, stop daarna in een restaurant om te genieten van een <strong class=\"bold color1\">typisch gerecht uit de Dordogne<\/strong>.<\/p>\n<p>Sluit uw dag af door terug te keren naar uw stacaravan of kampeerplaats in Domme en rust uit voordat u weer op pad gaat voor een nieuwe dag sightseeing. Bezoek tijdens uw verblijf Sarlat en ga vervolgens naar een van de Perigord-markten om te vertrekken met veel souvenirs en <strong class=\"bold color1\">regionale specialiteiten<\/strong>.<\/p>\n<\/div><\/div><\/div><\/div><\/section>\n\n<section id=\"section-60520720da7ba\"\" class=\"section bg-white\" \/><div class=\"container extralarge\"><div class=\"element section-title center titre-cta\">Bezoek Sarlat en Domme<\/div><ul class=\"liste-de-page scroll-x-mobile\"><li class=\"element call-to-action call-to-action--have-sous-titre call-to-action--style-1 call-to-action--normal\"><a href=\"https:\/\/campingleperpetuum.com\/nl\/toerisme-sarlat\/\"  class=\"call-to-action_link\" title=\"Lees meer over van sarlat\"><div class=\"call-to-action_image\"><img decoding=\"async\" src=\"https:\/\/campingleperpetuum.com\/wp-content\/uploads\/2021\/03\/camping-sarlat-100x100.jpg\" data-src=\"https:\/\/campingleperpetuum.com\/wp-content\/uploads\/2021\/03\/camping-sarlat.jpg\" alt=\"camping tourisme sarlat\" class=\"normal\" \/><\/div><div class=\"call-to-action_contenu\"><div class=\"call-to-action_titre\">Van Sarlat<\/div><div class=\"call-to-action_sous-titre\">De steegjes<\/div><\/div><\/a><\/li><li class=\"element call-to-action call-to-action--have-sous-titre call-to-action--style-1 call-to-action--normal\"><a href=\"https:\/\/campingleperpetuum.com\/nl\/toerisme-domme\/\"  class=\"call-to-action_link\" title=\"Lees meer over van domme\"><div class=\"call-to-action_image\"><img decoding=\"async\" src=\"https:\/\/campingleperpetuum.com\/wp-content\/uploads\/2021\/03\/camping-domme-100x100.jpg\" data-src=\"https:\/\/campingleperpetuum.com\/wp-content\/uploads\/2021\/03\/camping-domme.jpg\" alt=\"camping tourisme domme\" class=\"normal\" \/><\/div><div class=\"call-to-action_contenu\"><div class=\"call-to-action_titre\">Van Domme<\/div><div class=\"call-to-action_sous-titre\">De schoonheid<\/div><\/div><\/a><\/li><li class=\"element call-to-action call-to-action--have-sous-titre call-to-action--style-1 call-to-action--normal\"><a href=\"https:\/\/campingleperpetuum.com\/nl\/campingzwembad-sarlat\/\"  class=\"call-to-action_link\" title=\"Lees meer over ons zwembad\"><div class=\"call-to-action_image\"><img decoding=\"async\" src=\"https:\/\/campingleperpetuum.com\/wp-content\/uploads\/2021\/03\/camping-piscine-dordogne-100x100.jpg\" data-src=\"https:\/\/campingleperpetuum.com\/wp-content\/uploads\/2021\/03\/camping-piscine-dordogne.jpg\" alt=\"camping piscine dordogne\" class=\"normal\" \/><\/div><div class=\"call-to-action_contenu\"><div class=\"call-to-action_titre\">Ons zwembad<\/div><div class=\"call-to-action_sous-titre\">Ontdek<\/div><\/div><\/a><\/li><\/ul><\/div><\/section>","protected":false},"excerpt":{"rendered":"","protected":false},"author":1,"featured_media":1074,"parent":0,"menu_order":0,"comment_status":"closed","ping_status":"closed","template":"","meta":{"_acf_changed":false,"footnotes":""},"class_list":["post-2239","page","type-page","status-publish","has-post-thumbnail","hentry"],"acf":[],"yoast_head":"<!-- This site is optimized with the Yoast SEO plugin v25.3 - https:\/\/yoast.com\/wordpress\/plugins\/seo\/ -->\n<title>Camping in de P\u00e9rigord | Stacaravan verhuur P\u00e9rigord | Bezoek de P\u00e9rigord<\/title>\n<meta name=\"robots\" content=\"index, follow, max-snippet:-1, max-image-preview:large, max-video-preview:-1\" \/>\n<link rel=\"canonical\" href=\"https:\/\/campingleperpetuum.com\/nl\/kamperen-perigord\/\" \/>\n<meta property=\"og:locale\" content=\"nl_NL\" \/>\n<meta property=\"og:type\" content=\"article\" \/>\n<meta property=\"og:title\" content=\"Camping in de P\u00e9rigord | Stacaravan verhuur P\u00e9rigord | Bezoek de P\u00e9rigord\" \/>\n<meta property=\"og:url\" content=\"https:\/\/campingleperpetuum.com\/nl\/kamperen-perigord\/\" \/>\n<meta property=\"og:site_name\" content=\"Camping le Perpetuum\" \/>\n<meta property=\"article:modified_time\" content=\"2021-06-08T09:19:29+00:00\" \/>\n<meta property=\"og:image\" content=\"https:\/\/campingleperpetuum.com\/wp-content\/uploads\/2021\/03\/dordogne-village-1.jpg\" \/>\n\t<meta property=\"og:image:width\" content=\"1901\" \/>\n\t<meta property=\"og:image:height\" content=\"450\" \/>\n\t<meta property=\"og:image:type\" content=\"image\/jpeg\" \/>\n<meta name=\"twitter:card\" content=\"summary_large_image\" \/>\n<script type=\"application\/ld+json\" class=\"yoast-schema-graph\">{\"@context\":\"https:\/\/schema.org\",\"@graph\":[{\"@type\":\"WebPage\",\"@id\":\"https:\/\/campingleperpetuum.com\/nl\/kamperen-perigord\/\",\"url\":\"https:\/\/campingleperpetuum.com\/nl\/kamperen-perigord\/\",\"name\":\"Camping in de P\u00e9rigord | Stacaravan verhuur P\u00e9rigord | Bezoek de P\u00e9rigord\",\"isPartOf\":{\"@id\":\"https:\/\/campingleperpetuum.com\/nl\/#website\"},\"primaryImageOfPage\":{\"@id\":\"https:\/\/campingleperpetuum.com\/nl\/kamperen-perigord\/#primaryimage\"},\"image\":{\"@id\":\"https:\/\/campingleperpetuum.com\/nl\/kamperen-perigord\/#primaryimage\"},\"thumbnailUrl\":\"https:\/\/campingleperpetuum.com\/wp-content\/uploads\/2021\/03\/dordogne-village-1.jpg\",\"datePublished\":\"2021-03-16T11:12:46+00:00\",\"dateModified\":\"2021-06-08T09:19:29+00:00\",\"breadcrumb\":{\"@id\":\"https:\/\/campingleperpetuum.com\/nl\/kamperen-perigord\/#breadcrumb\"},\"inLanguage\":\"nl-NL\",\"potentialAction\":[{\"@type\":\"ReadAction\",\"target\":[\"https:\/\/campingleperpetuum.com\/nl\/kamperen-perigord\/\"]}]},{\"@type\":\"ImageObject\",\"inLanguage\":\"nl-NL\",\"@id\":\"https:\/\/campingleperpetuum.com\/nl\/kamperen-perigord\/#primaryimage\",\"url\":\"https:\/\/campingleperpetuum.com\/wp-content\/uploads\/2021\/03\/dordogne-village-1.jpg\",\"contentUrl\":\"https:\/\/campingleperpetuum.com\/wp-content\/uploads\/2021\/03\/dordogne-village-1.jpg\",\"width\":1901,\"height\":450,\"caption\":\"dordogne village\"},{\"@type\":\"BreadcrumbList\",\"@id\":\"https:\/\/campingleperpetuum.com\/nl\/kamperen-perigord\/#breadcrumb\",\"itemListElement\":[{\"@type\":\"ListItem\",\"position\":1,\"name\":\"Camping Sarlat\",\"item\":\"https:\/\/campingleperpetuum.com\/nl\/\"},{\"@type\":\"ListItem\",\"position\":2,\"name\":\"Camping P\u00e9rigord\"}]},{\"@type\":\"WebSite\",\"@id\":\"https:\/\/campingleperpetuum.com\/nl\/#website\",\"url\":\"https:\/\/campingleperpetuum.com\/nl\/\",\"name\":\"Camping le Perpetuum\",\"description\":\"\",\"publisher\":{\"@id\":\"https:\/\/campingleperpetuum.com\/nl\/#organization\"},\"inLanguage\":\"nl-NL\"},{\"@type\":\"Organization\",\"@id\":\"https:\/\/campingleperpetuum.com\/nl\/#organization\",\"name\":\"Camping Perpetuum\",\"url\":\"https:\/\/campingleperpetuum.com\/nl\/\",\"logo\":{\"@type\":\"ImageObject\",\"inLanguage\":\"nl-NL\",\"@id\":\"https:\/\/campingleperpetuum.com\/nl\/#\/schema\/logo\/image\/\",\"url\":\"https:\/\/campingleperpetuum.com\/wp-content\/uploads\/2021\/03\/camping-perpetuum-1.png\",\"contentUrl\":\"https:\/\/campingleperpetuum.com\/wp-content\/uploads\/2021\/03\/camping-perpetuum-1.png\",\"width\":200,\"height\":200,\"caption\":\"Camping Perpetuum\"},\"image\":{\"@id\":\"https:\/\/campingleperpetuum.com\/nl\/#\/schema\/logo\/image\/\"}}]}<\/script>\n<!-- \/ Yoast SEO plugin. -->","yoast_head_json":{"title":"Camping in de P\u00e9rigord | Stacaravan verhuur P\u00e9rigord | Bezoek de P\u00e9rigord","robots":{"index":"index","follow":"follow","max-snippet":"max-snippet:-1","max-image-preview":"max-image-preview:large","max-video-preview":"max-video-preview:-1"},"canonical":"https:\/\/campingleperpetuum.com\/nl\/kamperen-perigord\/","og_locale":"nl_NL","og_type":"article","og_title":"Camping in de P\u00e9rigord | Stacaravan verhuur P\u00e9rigord | Bezoek de P\u00e9rigord","og_url":"https:\/\/campingleperpetuum.com\/nl\/kamperen-perigord\/","og_site_name":"Camping le Perpetuum","article_modified_time":"2021-06-08T09:19:29+00:00","og_image":[{"width":1901,"height":450,"url":"https:\/\/campingleperpetuum.com\/wp-content\/uploads\/2021\/03\/dordogne-village-1.jpg","type":"image\/jpeg"}],"twitter_card":"summary_large_image","schema":{"@context":"https:\/\/schema.org","@graph":[{"@type":"WebPage","@id":"https:\/\/campingleperpetuum.com\/nl\/kamperen-perigord\/","url":"https:\/\/campingleperpetuum.com\/nl\/kamperen-perigord\/","name":"Camping in de P\u00e9rigord | Stacaravan verhuur P\u00e9rigord | Bezoek de P\u00e9rigord","isPartOf":{"@id":"https:\/\/campingleperpetuum.com\/nl\/#website"},"primaryImageOfPage":{"@id":"https:\/\/campingleperpetuum.com\/nl\/kamperen-perigord\/#primaryimage"},"image":{"@id":"https:\/\/campingleperpetuum.com\/nl\/kamperen-perigord\/#primaryimage"},"thumbnailUrl":"https:\/\/campingleperpetuum.com\/wp-content\/uploads\/2021\/03\/dordogne-village-1.jpg","datePublished":"2021-03-16T11:12:46+00:00","dateModified":"2021-06-08T09:19:29+00:00","breadcrumb":{"@id":"https:\/\/campingleperpetuum.com\/nl\/kamperen-perigord\/#breadcrumb"},"inLanguage":"nl-NL","potentialAction":[{"@type":"ReadAction","target":["https:\/\/campingleperpetuum.com\/nl\/kamperen-perigord\/"]}]},{"@type":"ImageObject","inLanguage":"nl-NL","@id":"https:\/\/campingleperpetuum.com\/nl\/kamperen-perigord\/#primaryimage","url":"https:\/\/campingleperpetuum.com\/wp-content\/uploads\/2021\/03\/dordogne-village-1.jpg","contentUrl":"https:\/\/campingleperpetuum.com\/wp-content\/uploads\/2021\/03\/dordogne-village-1.jpg","width":1901,"height":450,"caption":"dordogne village"},{"@type":"BreadcrumbList","@id":"https:\/\/campingleperpetuum.com\/nl\/kamperen-perigord\/#breadcrumb","itemListElement":[{"@type":"ListItem","position":1,"name":"Camping Sarlat","item":"https:\/\/campingleperpetuum.com\/nl\/"},{"@type":"ListItem","position":2,"name":"Camping P\u00e9rigord"}]},{"@type":"WebSite","@id":"https:\/\/campingleperpetuum.com\/nl\/#website","url":"https:\/\/campingleperpetuum.com\/nl\/","name":"Camping le Perpetuum","description":"","publisher":{"@id":"https:\/\/campingleperpetuum.com\/nl\/#organization"},"inLanguage":"nl-NL"},{"@type":"Organization","@id":"https:\/\/campingleperpetuum.com\/nl\/#organization","name":"Camping Perpetuum","url":"https:\/\/campingleperpetuum.com\/nl\/","logo":{"@type":"ImageObject","inLanguage":"nl-NL","@id":"https:\/\/campingleperpetuum.com\/nl\/#\/schema\/logo\/image\/","url":"https:\/\/campingleperpetuum.com\/wp-content\/uploads\/2021\/03\/camping-perpetuum-1.png","contentUrl":"https:\/\/campingleperpetuum.com\/wp-content\/uploads\/2021\/03\/camping-perpetuum-1.png","width":200,"height":200,"caption":"Camping Perpetuum"},"image":{"@id":"https:\/\/campingleperpetuum.com\/nl\/#\/schema\/logo\/image\/"}}]}},"_links":{"self":[{"href":"https:\/\/campingleperpetuum.com\/nl\/wp-json\/wp\/v2\/pages\/2239","targetHints":{"allow":["GET"]}}],"collection":[{"href":"https:\/\/campingleperpetuum.com\/nl\/wp-json\/wp\/v2\/pages"}],"about":[{"href":"https:\/\/campingleperpetuum.com\/nl\/wp-json\/wp\/v2\/types\/page"}],"author":[{"embeddable":true,"href":"https:\/\/campingleperpetuum.com\/nl\/wp-json\/wp\/v2\/users\/1"}],"replies":[{"embeddable":true,"href":"https:\/\/campingleperpetuum.com\/nl\/wp-json\/wp\/v2\/comments?post=2239"}],"version-history":[{"count":5,"href":"https:\/\/campingleperpetuum.com\/nl\/wp-json\/wp\/v2\/pages\/2239\/revisions"}],"predecessor-version":[{"id":2821,"href":"https:\/\/campingleperpetuum.com\/nl\/wp-json\/wp\/v2\/pages\/2239\/revisions\/2821"}],"wp:featuredmedia":[{"embeddable":true,"href":"https:\/\/campingleperpetuum.com\/nl\/wp-json\/wp\/v2\/media\/1074"}],"wp:attachment":[{"href":"https:\/\/campingleperpetuum.com\/nl\/wp-json\/wp\/v2\/media?parent=2239"}],"curies":[{"name":"wp","href":"https:\/\/api.w.org\/{rel}","templated":true}]}}